{"id":2053,"date":"2021-04-23T18:55:34","date_gmt":"2021-04-23T21:55:34","guid":{"rendered":"http:\/\/45.82.73.87\/tekna\/?post_type=product&#038;p=2053"},"modified":"2024-07-10T09:49:58","modified_gmt":"2024-07-10T12:49:58","slug":"motobomba-a-gasolina-mbae30tk4","status":"publish","type":"product","link":"https:\/\/teknapower.com.br\/?product=motobomba-a-gasolina-mbae30tk4","title":{"rendered":"Motobomba a Gasolina Tekna \u2013 MBAE30TK4"},"content":{"rendered":"<p>A Motobomba port\u00e1til MBAE30TK4 \u00e9 adequada para uso frequente com \u00e1gua limpa. Com di\u00e2metro de suc\u00e7\u00e3o e recalque 3\u201dx 3\u201d, tem capacidade de transferir grandes volumes de \u00e1gua, sendo ideal para uso em fazendas, praias e piscinas, na transfer\u00eancia de \u00e1gua em pequenas dist\u00e2ncias, na capta\u00e7\u00e3o em rios, lagos e po\u00e7os. Oferece uma excelente autonomia, pot\u00eancia, vaz\u00e3o e suc\u00e7\u00e3o, com pe\u00e7as de baixa manuten\u00e7\u00e3o. Seu kit de acess\u00f3rios conta com filtro e abra\u00e7adeiras.<\/p>\n<p>\u2022 Motor 4 Tempos<br \/>\n\u2022 Cilindrada 196 cc<br \/>\n\u2022 Di\u00e2metro de Suc\u00e7\u00e3o e Recalque 3\u201dx 3\u201d<br \/>\n\u2022 Altura M\u00e1xima 25 m<br \/>\n\u2022 Vaz\u00e3o M\u00e1xima 55 m\u00b3\/h<br \/>\n\u2022 Suc\u00e7\u00e3o M\u00e1xima 7 m.c.a.<\/p>\n","protected":false},"excerpt":{"rendered":"<p>A Motobomba Autoescorvante a Gasolina Tekna MBAE30TK4 \u00e9 equipada com motor 4 tempos de 6.5 HP de pot\u00eancia e 196 cilindradas, que emite menos poluente e oferece alta performance.<\/p>\n<p>\u2022 Bomba Autoescorvante<br \/>\n\u2022 Com Quadro<br \/>\n\u2022 Corpo da bomba em alum\u00ednio<\/p>\n","protected":false},"featured_media":2054,"comment_status":"open","ping_status":"closed","template":"","meta":[],"pwb-brand":[],"product_cat":[42],"product_tag":[141,105,106,139,138,140],"class_list":{"0":"post-2053","1":"product","2":"type-product","3":"status-publish","4":"has-post-thumbnail","6":"product_cat-motobombas","7":"product_tag-equipamentos-agricolas","8":"product_tag-motobomba","9":"product_tag-motobomba-a-gasolina","10":"product_tag-motobomba-a-gasolina-autoescorvante","11":"product_tag-motobomba-a-gasolina-portatil","12":"product_tag-transferencia-de-agua","14":"first","15":"instock","16":"shipping-taxable","17":"product-type-simple"},"brands":[],"_links":{"self":[{"href":"https:\/\/teknapower.com.br\/index.php?rest_route=\/wp\/v2\/product\/2053","targetHints":{"allow":["GET"]}}],"collection":[{"href":"https:\/\/teknapower.com.br\/index.php?rest_route=\/wp\/v2\/product"}],"about":[{"href":"https:\/\/teknapower.com.br\/index.php?rest_route=\/wp\/v2\/types\/product"}],"replies":[{"embeddable":true,"href":"https:\/\/teknapower.com.br\/index.php?rest_route=%2Fwp%2Fv2%2Fcomments&post=2053"}],"wp:featuredmedia":[{"embeddable":true,"href":"https:\/\/teknapower.com.br\/index.php?rest_route=\/wp\/v2\/media\/2054"}],"wp:attachment":[{"href":"https:\/\/teknapower.com.br\/index.php?rest_route=%2Fwp%2Fv2%2Fmedia&parent=2053"}],"wp:term":[{"taxonomy":"pwb-brand","embeddable":true,"href":"https:\/\/teknapower.com.br\/index.php?rest_route=%2Fwp%2Fv2%2Fpwb-brand&post=2053"},{"taxonomy":"product_cat","embeddable":true,"href":"https:\/\/teknapower.com.br\/index.php?rest_route=%2Fwp%2Fv2%2Fproduct_cat&post=2053"},{"taxonomy":"product_tag","embeddable":true,"href":"https:\/\/teknapower.com.br\/index.php?rest_route=%2Fwp%2Fv2%2Fproduct_tag&post=2053"}],"curies":[{"name":"wp","href":"https:\/\/api.w.org\/{rel}","templated":true}]}}