{"id":1964,"date":"2021-04-23T16:13:44","date_gmt":"2021-04-23T19:13:44","guid":{"rendered":"http:\/\/45.82.73.87\/tekna\/?post_type=product&#038;p=1964"},"modified":"2021-06-08T11:29:54","modified_gmt":"2021-06-08T14:29:54","slug":"bomba-agricola-de-pistao-bpf45","status":"publish","type":"product","link":"https:\/\/teknapower.com.br\/?product=bomba-agricola-de-pistao-bpf45","title":{"rendered":"Bomba Agr\u00edcola de Pist\u00e3o Tekna &#8211; BPF45"},"content":{"rendered":"<p>Equipada com componentes altamente resistentes, funcionais e dur\u00e1veis, a Bomba Agr\u00edcola \u00e9 indicada para pulveriza\u00e7\u00e3o agr\u00edcola em culturas em geral. Com base universal, pode ser acoplada a motores el\u00e9tricos ou a combust\u00e3o. \u00c9 acompanhada de um completo conjunto de acess\u00f3rios que inclui polia, mangueira de suc\u00e7\u00e3o, mangueira de retorno, filtro de suc\u00e7\u00e3o e kit de reparo de veda\u00e7\u00e3o.<\/p>\n<p>\u2022 Vaz\u00e3o 30-45 L\/min<br \/>\n\u2022 Rota\u00e7\u00e3o de 300-1000 rpm<br \/>\n\u2022 Press\u00e3o M\u00e1xima 21-45 kgf\/cm\u00b2<br \/>\n\u2022 Pot\u00eancia Necess\u00e1ria 2,7 a 4 HP<\/p>\n","protected":false},"excerpt":{"rendered":"<p>A Bomba Agr\u00edcola Tekna BPF45 \u00e9 feita de a\u00e7o inox, ferro fundido e alum\u00ednio. Proporciona vaz\u00e3o de 30-45 litros por minuto e press\u00e3o m\u00e1xima de 21-45 kgf\/cm\u00b2.<\/p>\n<p>\u2022 Fabricada em Ferro Fundido<br \/>\n\u2022 Com Base para acoplamento<br \/>\n\u2022 Regulador de Press\u00e3o com Trava<\/p>\n","protected":false},"featured_media":1965,"comment_status":"open","ping_status":"closed","template":"","meta":[],"pwb-brand":[],"product_cat":[35],"product_tag":[110,111,157,158,141,159],"class_list":{"0":"post-1964","1":"product","2":"type-product","3":"status-publish","4":"has-post-thumbnail","6":"product_cat-agricola","7":"product_tag-bomba-agricola","8":"product_tag-bomba-pulverizadora","9":"product_tag-bomba-pulverizadora-agricola-de-pistao","10":"product_tag-bomba-pulverizadora-agricola-de-pistao-sem-motor","11":"product_tag-equipamentos-agricolas","12":"product_tag-pulverizacao-de-lavoura","14":"first","15":"instock","16":"shipping-taxable","17":"product-type-simple"},"brands":[],"_links":{"self":[{"href":"https:\/\/teknapower.com.br\/index.php?rest_route=\/wp\/v2\/product\/1964","targetHints":{"allow":["GET"]}}],"collection":[{"href":"https:\/\/teknapower.com.br\/index.php?rest_route=\/wp\/v2\/product"}],"about":[{"href":"https:\/\/teknapower.com.br\/index.php?rest_route=\/wp\/v2\/types\/product"}],"replies":[{"embeddable":true,"href":"https:\/\/teknapower.com.br\/index.php?rest_route=%2Fwp%2Fv2%2Fcomments&post=1964"}],"wp:featuredmedia":[{"embeddable":true,"href":"https:\/\/teknapower.com.br\/index.php?rest_route=\/wp\/v2\/media\/1965"}],"wp:attachment":[{"href":"https:\/\/teknapower.com.br\/index.php?rest_route=%2Fwp%2Fv2%2Fmedia&parent=1964"}],"wp:term":[{"taxonomy":"pwb-brand","embeddable":true,"href":"https:\/\/teknapower.com.br\/index.php?rest_route=%2Fwp%2Fv2%2Fpwb-brand&post=1964"},{"taxonomy":"product_cat","embeddable":true,"href":"https:\/\/teknapower.com.br\/index.php?rest_route=%2Fwp%2Fv2%2Fproduct_cat&post=1964"},{"taxonomy":"product_tag","embeddable":true,"href":"https:\/\/teknapower.com.br\/index.php?rest_route=%2Fwp%2Fv2%2Fproduct_tag&post=1964"}],"curies":[{"name":"wp","href":"https:\/\/api.w.org\/{rel}","templated":true}]}}