{"id":1957,"date":"2021-04-22T19:27:16","date_gmt":"2021-04-22T22:27:16","guid":{"rendered":"http:\/\/45.82.73.87\/tekna\/?post_type=product&#038;p=1957"},"modified":"2026-01-12T10:21:46","modified_gmt":"2026-01-12T13:21:46","slug":"cortador-de-grama-a-gasolina-t500g50ln","status":"publish","type":"product","link":"https:\/\/teknapower.com.br\/?product=cortador-de-grama-a-gasolina-t500g50ln","title":{"rendered":"Cortador de Grama a Gasolina Tekna \u2013 T500G50LN"},"content":{"rendered":"<p>Com dupla fun\u00e7\u00e3o, o Cortador de Grama a Gasolina T500G50LN \u00e9 ideal para cortar e reciclar grama e gramados de quintais, pra\u00e7as e campos. Altamente pr\u00e1tico, pois dispensa o uso de extens\u00e3o e energia el\u00e9trica, possibilitando o uso em diversos ambientes de longa dist\u00e2ncia. Proporciona economia de combust\u00edvel e menor emiss\u00e3o de gases poluentes, sem deixar de lado o alto desempenho no corte.<\/p>\n<p>\u2022 Pot\u00eancia 5 HP<br \/>\n\u2022 146 cilindradas<br \/>\n\u2022 Di\u00e2metro de corte \u00d8 510 mm<br \/>\n\u2022 Motor 4 Tempos<\/p>\n","protected":false},"excerpt":{"rendered":"<p>O Cortador de Grama Tekna \u00e9 equipado com motor OHV 4 tempos a gasolina e 5 HP de pot\u00eancia. Disp\u00f5e de 5 ajustes de altura de corte e funcionalidade 2 em 1, sa\u00edda lateral e reciclador.<\/p>\n<p>\u2022 Com Sa\u00edda Lateral e Reciclador<br \/>\n\u2022 5 Alturas de corte<br \/>\n\u2022 Rodas de 7\u2033<br \/>\n\u2022 Economia de Combust\u00edvel<br \/>\n\u2022 Menor Emiss\u00e3o de Gases<\/p>\n","protected":false},"featured_media":10002,"comment_status":"open","ping_status":"closed","template":"","meta":[],"pwb-brand":[],"product_cat":[40,59],"product_tag":[103,109,160,163,162,161],"class_list":{"0":"post-1957","1":"product","2":"type-product","3":"status-publish","4":"has-post-thumbnail","6":"product_cat-jardim","7":"product_cat-cortador-de-grama","8":"product_tag-cortador-de-grama","9":"product_tag-cortador-de-grama-a-gasolina","10":"product_tag-cortador-de-grama-a-gasolina-com-reciclador","11":"product_tag-cuidados-com-o-campo","12":"product_tag-manutencao-do-gramado","13":"product_tag-maquina-de-cortar-grama-a-gasolina","15":"first","16":"instock","17":"shipping-taxable","18":"product-type-simple"},"brands":[],"_links":{"self":[{"href":"https:\/\/teknapower.com.br\/index.php?rest_route=\/wp\/v2\/product\/1957","targetHints":{"allow":["GET"]}}],"collection":[{"href":"https:\/\/teknapower.com.br\/index.php?rest_route=\/wp\/v2\/product"}],"about":[{"href":"https:\/\/teknapower.com.br\/index.php?rest_route=\/wp\/v2\/types\/product"}],"replies":[{"embeddable":true,"href":"https:\/\/teknapower.com.br\/index.php?rest_route=%2Fwp%2Fv2%2Fcomments&post=1957"}],"wp:featuredmedia":[{"embeddable":true,"href":"https:\/\/teknapower.com.br\/index.php?rest_route=\/wp\/v2\/media\/10002"}],"wp:attachment":[{"href":"https:\/\/teknapower.com.br\/index.php?rest_route=%2Fwp%2Fv2%2Fmedia&parent=1957"}],"wp:term":[{"taxonomy":"pwb-brand","embeddable":true,"href":"https:\/\/teknapower.com.br\/index.php?rest_route=%2Fwp%2Fv2%2Fpwb-brand&post=1957"},{"taxonomy":"product_cat","embeddable":true,"href":"https:\/\/teknapower.com.br\/index.php?rest_route=%2Fwp%2Fv2%2Fproduct_cat&post=1957"},{"taxonomy":"product_tag","embeddable":true,"href":"https:\/\/teknapower.com.br\/index.php?rest_route=%2Fwp%2Fv2%2Fproduct_tag&post=1957"}],"curies":[{"name":"wp","href":"https:\/\/api.w.org\/{rel}","templated":true}]}}