{"id":1938,"date":"2021-04-22T19:06:42","date_gmt":"2021-04-22T22:06:42","guid":{"rendered":"http:\/\/45.82.73.87\/tekna\/?post_type=product&#038;p=1938"},"modified":"2024-12-27T08:37:07","modified_gmt":"2024-12-27T11:37:07","slug":"podador-de-altura-eletrico-pa750t","status":"publish","type":"product","link":"https:\/\/teknapower.com.br\/?product=podador-de-altura-eletrico-pa750t","title":{"rendered":"Podador de Altura El\u00e9trico Tekna \u2013 PA750T | 127V"},"content":{"rendered":"<p>O Podador de Altura PAT750 oferece seguran\u00e7a, praticidade e desempenho. Com cabo extens\u00edvel at\u00e9 2,9 metros alcan\u00e7a os mais altos galhos, sem deixar o conforto de lado, pois tamb\u00e9m conta com pega emborrachada e ergon\u00f4mica. Seu sistema bi-manual garante a seguran\u00e7a ao operador, uma vez que s\u00f3 aciona o sabre ao pressionar dois bot\u00f5es ao mesmo tempo. \u00c9 ideal para podas de \u00e1rvores pequenas e manuten\u00e7\u00f5es de jardim.<\/p>\n<p>\u2022 Pot\u00eancia do motor 750 W<br \/>\n\u2022 Sabre Tekna de 8\u201d<br \/>\n\u2022 Corrente Tekna 3\/8\u2019 91P<br \/>\n\u2022 Extens\u00e3o M\u00e1xima de 2,85 m<br \/>\n\u2022 Tens\u00e3o 127 V<\/p>\n","protected":false},"excerpt":{"rendered":"<p>O podador de Altura Tekna PA750T \u00e9 composto com sabre e corrente Tekna de qualidade. Sua pot\u00eancia de 750 W oferece um corte preciso, r\u00e1pido, sem ru\u00eddo e polui\u00e7\u00e3o.<\/p>\n<p>\u2022 Com Motor de Alta Performance<br \/>\n\u2022 Baixo Consumo de Energia<br \/>\n\u2022 Conjunto de Corte Tekna<\/p>\n","protected":false},"featured_media":9886,"comment_status":"open","ping_status":"closed","template":"","meta":[],"pwb-brand":[],"product_cat":[40,62],"product_tag":[170,169,107,108,167,168],"class_list":{"0":"post-1938","1":"product","2":"type-product","3":"status-publish","4":"has-post-thumbnail","6":"product_cat-jardim","7":"product_cat-podador-de-altura","8":"product_tag-cuidados-com-o-jardim","9":"product_tag-poda-de-arvore","10":"product_tag-podador-de-altura","11":"product_tag-podador-de-altura-eletrico","12":"product_tag-podador-de-altura-eletrico-residencial","13":"product_tag-podador-de-altura-eletrico-tekna","15":"first","16":"instock","17":"shipping-taxable","18":"product-type-simple"},"brands":[],"_links":{"self":[{"href":"https:\/\/teknapower.com.br\/index.php?rest_route=\/wp\/v2\/product\/1938","targetHints":{"allow":["GET"]}}],"collection":[{"href":"https:\/\/teknapower.com.br\/index.php?rest_route=\/wp\/v2\/product"}],"about":[{"href":"https:\/\/teknapower.com.br\/index.php?rest_route=\/wp\/v2\/types\/product"}],"replies":[{"embeddable":true,"href":"https:\/\/teknapower.com.br\/index.php?rest_route=%2Fwp%2Fv2%2Fcomments&post=1938"}],"wp:featuredmedia":[{"embeddable":true,"href":"https:\/\/teknapower.com.br\/index.php?rest_route=\/wp\/v2\/media\/9886"}],"wp:attachment":[{"href":"https:\/\/teknapower.com.br\/index.php?rest_route=%2Fwp%2Fv2%2Fmedia&parent=1938"}],"wp:term":[{"taxonomy":"pwb-brand","embeddable":true,"href":"https:\/\/teknapower.com.br\/index.php?rest_route=%2Fwp%2Fv2%2Fpwb-brand&post=1938"},{"taxonomy":"product_cat","embeddable":true,"href":"https:\/\/teknapower.com.br\/index.php?rest_route=%2Fwp%2Fv2%2Fproduct_cat&post=1938"},{"taxonomy":"product_tag","embeddable":true,"href":"https:\/\/teknapower.com.br\/index.php?rest_route=%2Fwp%2Fv2%2Fproduct_tag&post=1938"}],"curies":[{"name":"wp","href":"https:\/\/api.w.org\/{rel}","templated":true}]}}