{"id":1917,"date":"2021-04-22T18:28:33","date_gmt":"2021-04-22T21:28:33","guid":{"rendered":"http:\/\/45.82.73.87\/tekna\/?post_type=product&#038;p=1917"},"modified":"2024-07-10T11:17:58","modified_gmt":"2024-07-10T14:17:58","slug":"motosserra-a-gasolina-cs53xs-5","status":"publish","type":"product","link":"https:\/\/teknapower.com.br\/?product=motosserra-a-gasolina-cs53xs-5","title":{"rendered":"Motosserra a Gasolina Tekna com sabre de 20&#8243; \u2013 CS53XS20OR"},"content":{"rendered":"<p>Desenvolvida para uso frequente, a Motosserra CS53XS20OR \u00e9 ideal para corte de \u00e1rvores, lenha, marcenaria, carpintaria e poda de \u00e1rvores em \u00e1reas rurais ou urbanas. \u00c9 equipado com pe\u00e7as de alta qualidade, apresentando uma excelente rela\u00e7\u00e3o peso\/pot\u00eancia e custo benef\u00edcio que proporcionam baixa manuten\u00e7\u00e3o. Sua carca\u00e7a em magn\u00e9sio apresenta uma pot\u00eancia superior com menor esfor\u00e7o, que juntamente com carburador Walbro e vela Champion, garantem alto desempenho e durabilidade. Robusta e potente, realiza partidas f\u00e1ceis, sem deixar de lado a ergonomia e o conforto na opera\u00e7\u00e3o. Acompanha kit de ferramentas, capa para o sabre e misturador de combust\u00edvel.<\/p>\n<p>\u2022 Cilindrada 50,2 cc<br \/>\n\u2022 Pot\u00eancia 3.1 HP<br \/>\n\u2022 Sabre Oregon de 20\u201d SN<br \/>\n\u2022 Passo\/calibre 3\/8\u201dx 0,058\u201d 73D<br \/>\n\u2022 Rota\u00e7\u00e3o M\u00e1xima de 11000 rpm<\/p>\n","protected":false},"excerpt":{"rendered":"<p>A Motosserra Tekna CS53XS20OR \u00e9 ergon\u00f4mica e de f\u00e1cil manuseio, sua pot\u00eancia permite realizar trabalhos com alto rendimento e estabilidade durante o funcionamento. Com carburador Walbro, vela Champion e conjunto de corte Oregon.<\/p>\n<p>\u2022 Conjunto de corte Oregon<br \/>\n\u2022 Carburador Walbro<br \/>\n\u2022 Vela Champion<br \/>\n\u2022 Bomba de \u00d3leo Autom\u00e1tica<br \/>\n\u2022 Carca\u00e7a em Magn\u00e9sio<\/p>\n","protected":false},"featured_media":1918,"comment_status":"open","ping_status":"closed","template":"","meta":[],"pwb-brand":[],"product_cat":[35,120,40,128],"product_tag":[151,152,95,96,150,149],"class_list":{"0":"post-1917","1":"product","2":"type-product","3":"status-publish","4":"has-post-thumbnail","6":"product_cat-agricola","7":"product_cat-motosserra","8":"product_cat-jardim","9":"product_cat-motosserra-jardim","10":"product_tag-corte-de-arvores","11":"product_tag-equipamento-profissional-de-corte","12":"product_tag-motosserra","13":"product_tag-motosserra-a-gasolina","14":"product_tag-motosserra-a-gasolina-profissional","15":"product_tag-motosserra-a-gasolina-uso-frequente","17":"first","18":"instock","19":"shipping-taxable","20":"product-type-simple"},"brands":[],"_links":{"self":[{"href":"https:\/\/teknapower.com.br\/index.php?rest_route=\/wp\/v2\/product\/1917","targetHints":{"allow":["GET"]}}],"collection":[{"href":"https:\/\/teknapower.com.br\/index.php?rest_route=\/wp\/v2\/product"}],"about":[{"href":"https:\/\/teknapower.com.br\/index.php?rest_route=\/wp\/v2\/types\/product"}],"replies":[{"embeddable":true,"href":"https:\/\/teknapower.com.br\/index.php?rest_route=%2Fwp%2Fv2%2Fcomments&post=1917"}],"wp:featuredmedia":[{"embeddable":true,"href":"https:\/\/teknapower.com.br\/index.php?rest_route=\/wp\/v2\/media\/1918"}],"wp:attachment":[{"href":"https:\/\/teknapower.com.br\/index.php?rest_route=%2Fwp%2Fv2%2Fmedia&parent=1917"}],"wp:term":[{"taxonomy":"pwb-brand","embeddable":true,"href":"https:\/\/teknapower.com.br\/index.php?rest_route=%2Fwp%2Fv2%2Fpwb-brand&post=1917"},{"taxonomy":"product_cat","embeddable":true,"href":"https:\/\/teknapower.com.br\/index.php?rest_route=%2Fwp%2Fv2%2Fproduct_cat&post=1917"},{"taxonomy":"product_tag","embeddable":true,"href":"https:\/\/teknapower.com.br\/index.php?rest_route=%2Fwp%2Fv2%2Fproduct_tag&post=1917"}],"curies":[{"name":"wp","href":"https:\/\/api.w.org\/{rel}","templated":true}]}}