{"id":1908,"date":"2021-04-22T18:17:15","date_gmt":"2021-04-22T21:17:15","guid":{"rendered":"http:\/\/45.82.73.87\/tekna\/?post_type=product&#038;p=1908"},"modified":"2024-07-10T11:01:25","modified_gmt":"2024-07-10T14:01:25","slug":"motosserra-a-gasolina-cs53s18ac","status":"publish","type":"product","link":"https:\/\/teknapower.com.br\/?product=motosserra-a-gasolina-cs53s18ac","title":{"rendered":"Motosserra a Gasolina Tekna com sabre de 18&#8243; \u2013 CS53S18AC"},"content":{"rendered":"<p>A motosserra CS53S18AC \u00e9 destinada ao uso ocasional, para corte de \u00e1rvores, lenha, marcenaria e podas de \u00e1rvores. Equipada com sistema anti vibrat\u00f3rio que diminui a vibra\u00e7\u00e3o durante o uso, garante mais precis\u00e3o no corte e estabilidade na opera\u00e7\u00e3o. O freio de seguran\u00e7a e o design ergon\u00f4mico garantem o conforto e prote\u00e7\u00e3o do operador durante o uso. \u00c9 fabricado com pe\u00e7as de alta qualidade e bomba de \u00f3leo autom\u00e1tica, que al\u00e9m de proporcionar baixa manuten\u00e7\u00e3o, garantem a vida \u00fatil do conjunto de corte. Acompanha kit de ferramentas, capa para o sabre e misturador de combust\u00edvel.<\/p>\n<p>\u2022 Cilindrada 50,2 cc<br \/>\n\u2022 Pot\u00eancia 3.1 HP<br \/>\n\u2022 Sabre Tekna de 18\u201d SN<br \/>\n\u2022 Passo\/calibre 3\/8\u201d x 0,058\u201d 73D<br \/>\n\u2022 Rota\u00e7\u00e3o M\u00e1xima de 11000 rpm<\/p>\n","protected":false},"excerpt":{"rendered":"<p>A Motosserra Tekna CS53S18AC oferece conforto e alto desempenho na opera\u00e7\u00e3o, capaz de realizar cortes precisos com pouco esfor\u00e7o e em pouco tempo. Acompanha corrente Oregon e Sabre Tekna.<\/p>\n<p>\u2022 Com Sabre Tekna<br \/>\n\u2022 Corrente Oregon<br \/>\n\u2022 Bomba de \u00d3leo Autom\u00e1tica<br \/>\n\u2022 Freio de Seguran\u00e7a<br \/>\n\u2022 Sistema Anti-vibrat\u00f3rio<\/p>\n","protected":false},"featured_media":1909,"comment_status":"open","ping_status":"closed","template":"","meta":[],"pwb-brand":[],"product_cat":[35,120,40,128],"product_tag":[151,156,95,96,155,154],"class_list":{"0":"post-1908","1":"product","2":"type-product","3":"status-publish","4":"has-post-thumbnail","6":"product_cat-agricola","7":"product_cat-motosserra","8":"product_cat-jardim","9":"product_cat-motosserra-jardim","10":"product_tag-corte-de-arvores","11":"product_tag-equipamento-de-corte","12":"product_tag-motosserra","13":"product_tag-motosserra-a-gasolina","14":"product_tag-motosserra-a-gasolina-tekna","15":"product_tag-motosserra-a-gasolina-uso-ocasional","17":"first","18":"instock","19":"shipping-taxable","20":"product-type-simple"},"brands":[],"_links":{"self":[{"href":"https:\/\/teknapower.com.br\/index.php?rest_route=\/wp\/v2\/product\/1908","targetHints":{"allow":["GET"]}}],"collection":[{"href":"https:\/\/teknapower.com.br\/index.php?rest_route=\/wp\/v2\/product"}],"about":[{"href":"https:\/\/teknapower.com.br\/index.php?rest_route=\/wp\/v2\/types\/product"}],"replies":[{"embeddable":true,"href":"https:\/\/teknapower.com.br\/index.php?rest_route=%2Fwp%2Fv2%2Fcomments&post=1908"}],"wp:featuredmedia":[{"embeddable":true,"href":"https:\/\/teknapower.com.br\/index.php?rest_route=\/wp\/v2\/media\/1909"}],"wp:attachment":[{"href":"https:\/\/teknapower.com.br\/index.php?rest_route=%2Fwp%2Fv2%2Fmedia&parent=1908"}],"wp:term":[{"taxonomy":"pwb-brand","embeddable":true,"href":"https:\/\/teknapower.com.br\/index.php?rest_route=%2Fwp%2Fv2%2Fpwb-brand&post=1908"},{"taxonomy":"product_cat","embeddable":true,"href":"https:\/\/teknapower.com.br\/index.php?rest_route=%2Fwp%2Fv2%2Fproduct_cat&post=1908"},{"taxonomy":"product_tag","embeddable":true,"href":"https:\/\/teknapower.com.br\/index.php?rest_route=%2Fwp%2Fv2%2Fproduct_tag&post=1908"}],"curies":[{"name":"wp","href":"https:\/\/api.w.org\/{rel}","templated":true}]}}