{"id":1845,"date":"2021-04-21T17:12:04","date_gmt":"2021-04-21T20:12:04","guid":{"rendered":"http:\/\/45.82.73.87\/tekna\/?post_type=product&#038;p=1845"},"modified":"2021-06-08T15:36:33","modified_gmt":"2021-06-08T18:36:33","slug":"cortador-de-grama-eletrico-lm320ebn-2","status":"publish","type":"product","link":"https:\/\/teknapower.com.br\/?product=cortador-de-grama-eletrico-lm320ebn-2","title":{"rendered":"Cortador de Grama El\u00e9trico Tekna \u2013 LM320EBN"},"content":{"rendered":"<p>Ideal para uso dom\u00e9stico, o Cortador de Grama El\u00e9trico LM320EBN \u00e9 equipado l\u00e2mina de 32 cm e trava de seguran\u00e7a, altamente seguro e pr\u00e1tico na limpeza do gramado. \u00c9 indicado para cortar e aparar gramados de quintais, pra\u00e7as e jardins. Oferece 3 posi\u00e7\u00f5es diferentes de corte que v\u00e3o de 20 a 60 mm, que desempenham um corte eficiente e uniforme, sem deixar de lado a ergonomia e o conforto no manuseio.<\/p>\n<p>\u2022 Pot\u00eancia de 1000 W<br \/>\n\u2022 Tens\u00e3o 220 V<br \/>\n\u2022 Di\u00e2metro de corte \u00d8 320 mm<br \/>\n\u2022 Rodas de \u00d8 140 mm<\/p>\n","protected":false},"excerpt":{"rendered":"<p>O Cortador de Grama El\u00e9trico Tekna LM320EBN \u00e9 leve e de f\u00e1cil manuseio, possui motor de 1000 W de pot\u00eancia e disp\u00f5e de 3 ajustes de altura de corte e recolhedor com capacidade de at\u00e9 30 L.<\/p>\n<p>\u2022 Com trava de seguran\u00e7a<br \/>\n\u2022 Recolhedor de 30 L<br \/>\n\u2022 3 Alturas de corte<\/p>\n","protected":false},"featured_media":1846,"comment_status":"open","ping_status":"closed","template":"","meta":[],"pwb-brand":[],"product_cat":[40,59],"product_tag":[103,104,177,170,162,178],"class_list":{"0":"post-1845","1":"product","2":"type-product","3":"status-publish","4":"has-post-thumbnail","6":"product_cat-jardim","7":"product_cat-cortador-de-grama","8":"product_tag-cortador-de-grama","9":"product_tag-cortador-de-grama-eletrico","10":"product_tag-cortador-de-grama-eletrico-com-recolhedor","11":"product_tag-cuidados-com-o-jardim","12":"product_tag-manutencao-do-gramado","13":"product_tag-maquina-de-cortar-grama-eletrica","15":"first","16":"instock","17":"shipping-taxable","18":"product-type-simple"},"brands":[],"_links":{"self":[{"href":"https:\/\/teknapower.com.br\/index.php?rest_route=\/wp\/v2\/product\/1845","targetHints":{"allow":["GET"]}}],"collection":[{"href":"https:\/\/teknapower.com.br\/index.php?rest_route=\/wp\/v2\/product"}],"about":[{"href":"https:\/\/teknapower.com.br\/index.php?rest_route=\/wp\/v2\/types\/product"}],"replies":[{"embeddable":true,"href":"https:\/\/teknapower.com.br\/index.php?rest_route=%2Fwp%2Fv2%2Fcomments&post=1845"}],"wp:featuredmedia":[{"embeddable":true,"href":"https:\/\/teknapower.com.br\/index.php?rest_route=\/wp\/v2\/media\/1846"}],"wp:attachment":[{"href":"https:\/\/teknapower.com.br\/index.php?rest_route=%2Fwp%2Fv2%2Fmedia&parent=1845"}],"wp:term":[{"taxonomy":"pwb-brand","embeddable":true,"href":"https:\/\/teknapower.com.br\/index.php?rest_route=%2Fwp%2Fv2%2Fpwb-brand&post=1845"},{"taxonomy":"product_cat","embeddable":true,"href":"https:\/\/teknapower.com.br\/index.php?rest_route=%2Fwp%2Fv2%2Fproduct_cat&post=1845"},{"taxonomy":"product_tag","embeddable":true,"href":"https:\/\/teknapower.com.br\/index.php?rest_route=%2Fwp%2Fv2%2Fproduct_tag&post=1845"}],"curies":[{"name":"wp","href":"https:\/\/api.w.org\/{rel}","templated":true}]}}