{"id":1787,"date":"2021-04-21T15:01:39","date_gmt":"2021-04-21T18:01:39","guid":{"rendered":"http:\/\/45.82.73.87\/tekna\/?post_type=product&#038;p=1787"},"modified":"2022-02-01T08:39:51","modified_gmt":"2022-02-01T11:39:51","slug":"lavadora-de-alta-pressao-eletrica-hlx140v-2","status":"publish","type":"product","link":"https:\/\/teknapower.com.br\/?product=lavadora-de-alta-pressao-eletrica-hlx140v-2","title":{"rendered":"Lavadora de Alta Press\u00e3o El\u00e9trica Tekna \u2013 HLX140V"},"content":{"rendered":"<p>Com al\u00e7a alta e rodas, a Lavadora de Alta Press\u00e3o \u00e9 pr\u00e1tica e de f\u00e1cil mobilidade. Tem pot\u00eancia de 1850 W que resulta em uma press\u00e3o m\u00e1xima de 13,5 MPa e vaz\u00e3o nominal de 5,7 L\/min. Com sistema auto-stop que para o equipamento quando solta o gatilho, garante uma opera\u00e7\u00e3o segura. Desenvolvida para uso ocasional, \u00e9 indicada para remover sujeiras dos mais variados tipos de superf\u00edcie nas necessidades do dia a dia. Seu kit de acess\u00f3rios inclui recipiente para detergente, pistola, mangueira, lan\u00e7a regul\u00e1vel e conector HPC.<\/p>\n<p>\u2022 Motor de Escovas<br \/>\n\u2022 Pot\u00eancia de 1850 W<br \/>\n\u2022 Press\u00e3o M\u00e1xima de 13,5 MPa<br \/>\n\u2022 Vaz\u00e3o M\u00e1xima de 6,8 L\/min<br \/>\n\u2022 Tens\u00e3o 220 V<br \/>\n\u2022 Mangueira de 5 metros<\/p>\n","protected":false},"excerpt":{"rendered":"<p>A Lavadora Tekna HLX1402V possui motor de alto desempenho que disp\u00f5e de 1850 W de pot\u00eancia e conta com uma vaz\u00e3o m\u00e1xima de 7,2 litros por minuto. \u00c9 ideal para evitar o desperd\u00edcio de \u00e1gua na limpeza do dia a dia.<\/p>\n<p>\u2022 Motor de Escovas<br \/>\n\u2022 Bomba de alum\u00ednio<br \/>\n\u2022 Completo Kit de Acess\u00f3rios<br \/>\n\u2022 Com rodas<\/p>\n","protected":false},"featured_media":1788,"comment_status":"open","ping_status":"closed","template":"","meta":[],"pwb-brand":[],"product_cat":[83,130],"product_tag":[175,100,101,176,172,174],"class_list":{"0":"post-1787","1":"product","2":"type-product","3":"status-publish","4":"has-post-thumbnail","6":"product_cat-limpeza","7":"product_cat-lavadora-de-alta-pressao","8":"product_tag-equipamentos-de-limpeza","9":"product_tag-lavadora","10":"product_tag-lavadora-de-alta-pressao","11":"product_tag-lavadora-de-alta-pressao-220-v","12":"product_tag-lavadora-de-alta-pressao-eletrica","13":"product_tag-limpeza-de-calcadas","15":"first","16":"instock","17":"shipping-taxable","18":"product-type-simple"},"brands":[],"_links":{"self":[{"href":"https:\/\/teknapower.com.br\/index.php?rest_route=\/wp\/v2\/product\/1787","targetHints":{"allow":["GET"]}}],"collection":[{"href":"https:\/\/teknapower.com.br\/index.php?rest_route=\/wp\/v2\/product"}],"about":[{"href":"https:\/\/teknapower.com.br\/index.php?rest_route=\/wp\/v2\/types\/product"}],"replies":[{"embeddable":true,"href":"https:\/\/teknapower.com.br\/index.php?rest_route=%2Fwp%2Fv2%2Fcomments&post=1787"}],"wp:featuredmedia":[{"embeddable":true,"href":"https:\/\/teknapower.com.br\/index.php?rest_route=\/wp\/v2\/media\/1788"}],"wp:attachment":[{"href":"https:\/\/teknapower.com.br\/index.php?rest_route=%2Fwp%2Fv2%2Fmedia&parent=1787"}],"wp:term":[{"taxonomy":"pwb-brand","embeddable":true,"href":"https:\/\/teknapower.com.br\/index.php?rest_route=%2Fwp%2Fv2%2Fpwb-brand&post=1787"},{"taxonomy":"product_cat","embeddable":true,"href":"https:\/\/teknapower.com.br\/index.php?rest_route=%2Fwp%2Fv2%2Fproduct_cat&post=1787"},{"taxonomy":"product_tag","embeddable":true,"href":"https:\/\/teknapower.com.br\/index.php?rest_route=%2Fwp%2Fv2%2Fproduct_tag&post=1787"}],"curies":[{"name":"wp","href":"https:\/\/api.w.org\/{rel}","templated":true}]}}