{"id":1770,"date":"2021-04-21T14:50:47","date_gmt":"2021-04-21T17:50:47","guid":{"rendered":"http:\/\/45.82.73.87\/tekna\/?post_type=product&#038;p=1770"},"modified":"2022-02-01T08:37:50","modified_gmt":"2022-02-01T11:37:50","slug":"lavadora-de-alta-pressao-eletrica-hlx110vm-2","status":"publish","type":"product","link":"https:\/\/teknapower.com.br\/?product=lavadora-de-alta-pressao-eletrica-hlx110vm-2","title":{"rendered":"Lavadora de Alta Press\u00e3o El\u00e9trica Tekna \u2013 HLX110VM"},"content":{"rendered":"<p>A Lavadora de Alta Press\u00e3o HLX110VM \u00e9 indicada para o uso nas tarefas do dia a dia, removendo sujeiras dos mais variados tipos de superf\u00edcies e objetos. Conta com press\u00e3o m\u00e1xima de 10,5 MPa que realiza uma limpeza eficiente e evita o desperd\u00edcio de \u00e1gua. A seguran\u00e7a na opera\u00e7\u00e3o \u00e9 garantida com seu sistema de parada Auto-stop, em que faz a parada imediata ao soltar o gatilho. \u00c9 pr\u00e1tica e de f\u00e1cil mobilidade, pois possui rodas e uma al\u00e7a alta com encaixe para o recipiente de detergente. Seu kit de acess\u00f3rios inclui pistola, mangueira, lan\u00e7a regul\u00e1vel, conector de mangueira e recipiente de detergente.<\/p>\n<p>\u2022 Pot\u00eancia de 1400 W<br \/>\n\u2022 Press\u00e3o M\u00e1xima de 10,5 MPa<br \/>\n\u2022 Vaz\u00e3o M\u00e1xima de 5,5 L\/min<br \/>\n\u2022 Tens\u00e3o 220 V<br \/>\n\u2022 Mangueira de 3 metros<\/p>\n","protected":false},"excerpt":{"rendered":"<p>Desenvolvida para uso ocasional, a Lavadora Tekna HLX1102VM oferece mais autonomia de trabalho. Possui rodas e al\u00e7a que facilitam o transporte e encaixe para todos os acess\u00f3rios.<\/p>\n<p>\u2022 Motor de escovas<br \/>\n\u2022 Bomba de alum\u00ednio<br \/>\n\u2022 Completo Kit de Acess\u00f3rios<br \/>\n\u2022 Com rodas<\/p>\n","protected":false},"featured_media":1771,"comment_status":"open","ping_status":"closed","template":"","meta":[],"pwb-brand":[],"product_cat":[83,130],"product_tag":[100,101,176,172],"class_list":{"0":"post-1770","1":"product","2":"type-product","3":"status-publish","4":"has-post-thumbnail","6":"product_cat-limpeza","7":"product_cat-lavadora-de-alta-pressao","8":"product_tag-lavadora","9":"product_tag-lavadora-de-alta-pressao","10":"product_tag-lavadora-de-alta-pressao-220-v","11":"product_tag-lavadora-de-alta-pressao-eletrica","13":"first","14":"instock","15":"shipping-taxable","16":"product-type-simple"},"brands":[],"_links":{"self":[{"href":"https:\/\/teknapower.com.br\/index.php?rest_route=\/wp\/v2\/product\/1770","targetHints":{"allow":["GET"]}}],"collection":[{"href":"https:\/\/teknapower.com.br\/index.php?rest_route=\/wp\/v2\/product"}],"about":[{"href":"https:\/\/teknapower.com.br\/index.php?rest_route=\/wp\/v2\/types\/product"}],"replies":[{"embeddable":true,"href":"https:\/\/teknapower.com.br\/index.php?rest_route=%2Fwp%2Fv2%2Fcomments&post=1770"}],"wp:featuredmedia":[{"embeddable":true,"href":"https:\/\/teknapower.com.br\/index.php?rest_route=\/wp\/v2\/media\/1771"}],"wp:attachment":[{"href":"https:\/\/teknapower.com.br\/index.php?rest_route=%2Fwp%2Fv2%2Fmedia&parent=1770"}],"wp:term":[{"taxonomy":"pwb-brand","embeddable":true,"href":"https:\/\/teknapower.com.br\/index.php?rest_route=%2Fwp%2Fv2%2Fpwb-brand&post=1770"},{"taxonomy":"product_cat","embeddable":true,"href":"https:\/\/teknapower.com.br\/index.php?rest_route=%2Fwp%2Fv2%2Fproduct_cat&post=1770"},{"taxonomy":"product_tag","embeddable":true,"href":"https:\/\/teknapower.com.br\/index.php?rest_route=%2Fwp%2Fv2%2Fproduct_tag&post=1770"}],"curies":[{"name":"wp","href":"https:\/\/api.w.org\/{rel}","templated":true}]}}