{"id":1708,"date":"2021-04-21T12:47:27","date_gmt":"2021-04-21T15:47:27","guid":{"rendered":"http:\/\/45.82.73.87\/tekna\/?post_type=product&#038;p=1708"},"modified":"2022-02-01T08:33:48","modified_gmt":"2022-02-01T11:33:48","slug":"lavadora-de-alta-pressao-eletrica-fast-1500","status":"publish","type":"product","link":"https:\/\/teknapower.com.br\/?product=lavadora-de-alta-pressao-eletrica-fast-1500","title":{"rendered":"Lavadora de Alta Press\u00e3o El\u00e9trica Tekna \u2013 FAST 1500"},"content":{"rendered":"<p>Com um \u00f3timo custo benef\u00edcio, a Lavadora FAST 1500 \u00e9 ideal para a limpeza residencial no dia a dia. O design compacto e o motor com escovas, tornam o produto mais leve e de f\u00e1cil mobilidade. \u00c9 indicado para limpeza de cal\u00e7adas, pisos, autom\u00f3veis, \u00e1reas externas e tamb\u00e9m na remo\u00e7\u00e3o de sujeiras mais pesadas. Seu sistema auto-stop faz a parada imediata do equipamento quando solta o gatilho, garante assim, uma opera\u00e7\u00e3o segura. Conta com pistola de alta press\u00e3o, lan\u00e7a de bico regul\u00e1vel com sa\u00edda do jato concentrado e jato leque, lan\u00e7a extensora, mangueira de 3 metros, engate r\u00e1pido e recipiente para detergente.<\/p>\n<p>\u2022 Motor El\u00e9trico com escovas<br \/>\n\u2022 Pot\u00eancia de 1400 W<br \/>\n\u2022 Press\u00e3o M\u00e1xima de 1500 PSI<br \/>\n\u2022 Vaz\u00e3o M\u00e1xima de 6,8 L\/min<br \/>\n\u2022 Tens\u00e3o 127 V<br \/>\n\u2022 Mangueira de 3 metros<\/p>\n","protected":false},"excerpt":{"rendered":"<p>A Lavadora Tekna FAST 1500 \u00e9 potente com 1400 W e press\u00e3o m\u00e1xima de 1500 PSI. Compacta e leve, tem apenas 40 cm de altura, facilitando o seu transporte.<\/p>\n<p>\u2022 Motor de Escovas<br \/>\n\u2022 Potente e Compacta<br \/>\n\u2022 F\u00e1cil de Transportar<br \/>\n\u2022 Sistema de parada autom\u00e1tica<\/p>\n","protected":false},"featured_media":1709,"comment_status":"open","ping_status":"closed","template":"","meta":[],"pwb-brand":[],"product_cat":[83,130],"product_tag":[175,100,173,172,102,174],"class_list":{"0":"post-1708","1":"product","2":"type-product","3":"status-publish","4":"has-post-thumbnail","6":"product_cat-limpeza","7":"product_cat-lavadora-de-alta-pressao","8":"product_tag-equipamentos-de-limpeza","9":"product_tag-lavadora","10":"product_tag-lavadora-de-alta-pressao-127-v","11":"product_tag-lavadora-de-alta-pressao-eletrica","12":"product_tag-lavadora-fast-1500","13":"product_tag-limpeza-de-calcadas","15":"first","16":"instock","17":"shipping-taxable","18":"product-type-simple"},"brands":[],"_links":{"self":[{"href":"https:\/\/teknapower.com.br\/index.php?rest_route=\/wp\/v2\/product\/1708","targetHints":{"allow":["GET"]}}],"collection":[{"href":"https:\/\/teknapower.com.br\/index.php?rest_route=\/wp\/v2\/product"}],"about":[{"href":"https:\/\/teknapower.com.br\/index.php?rest_route=\/wp\/v2\/types\/product"}],"replies":[{"embeddable":true,"href":"https:\/\/teknapower.com.br\/index.php?rest_route=%2Fwp%2Fv2%2Fcomments&post=1708"}],"wp:featuredmedia":[{"embeddable":true,"href":"https:\/\/teknapower.com.br\/index.php?rest_route=\/wp\/v2\/media\/1709"}],"wp:attachment":[{"href":"https:\/\/teknapower.com.br\/index.php?rest_route=%2Fwp%2Fv2%2Fmedia&parent=1708"}],"wp:term":[{"taxonomy":"pwb-brand","embeddable":true,"href":"https:\/\/teknapower.com.br\/index.php?rest_route=%2Fwp%2Fv2%2Fpwb-brand&post=1708"},{"taxonomy":"product_cat","embeddable":true,"href":"https:\/\/teknapower.com.br\/index.php?rest_route=%2Fwp%2Fv2%2Fproduct_cat&post=1708"},{"taxonomy":"product_tag","embeddable":true,"href":"https:\/\/teknapower.com.br\/index.php?rest_route=%2Fwp%2Fv2%2Fproduct_tag&post=1708"}],"curies":[{"name":"wp","href":"https:\/\/api.w.org\/{rel}","templated":true}]}}