{"id":1677,"date":"2021-04-21T11:29:35","date_gmt":"2021-04-21T14:29:35","guid":{"rendered":"http:\/\/45.82.73.87\/tekna\/?post_type=product&#038;p=1677"},"modified":"2024-06-14T10:58:35","modified_gmt":"2024-06-14T13:58:35","slug":"lavadora-de-alta-pressao-eletrica-hl2000vs-x-2","status":"publish","type":"product","link":"https:\/\/teknapower.com.br\/?product=lavadora-de-alta-pressao-eletrica-hl2000vs-x-2","title":{"rendered":"Lavadora de Alta Press\u00e3o El\u00e9trica Tekna \u2013 HL2000VS-X"},"content":{"rendered":"<p>Pr\u00e1tica e econ\u00f4mica, a Lavadora de Alta Press\u00e3o realiza uma limpeza de excel\u00eancia evitando o desperd\u00edcio de \u00e1gua. Com pot\u00eancia de 1800 W \u00e9 indicada para lavar cal\u00e7adas, pisos, autom\u00f3veis e remover at\u00e9 as sujeiras mais dif\u00edceis de \u00e1reas externas. Realiza uma opera\u00e7\u00e3o segura com para auto-stop. Conta com recipiente para detergente e um completo kit de acess\u00f3rios que inclui 01 lan\u00e7a regul\u00e1vel, 01 lan\u00e7a turbo, 01 mangueira, 01 escova fixa e 01 conector HPC. Um equipamento vers\u00e1til que atende as mais variadas necessidades.<\/p>\n<p>\u2022 Motor El\u00e9trico por Indu\u00e7\u00e3o<br \/>\n\u2022 Pot\u00eancia de 1800 W<br \/>\n\u2022 Press\u00e3o M\u00e1xima de 14 MPa<br \/>\n\u2022 Vaz\u00e3o M\u00e1xima de 6,5 L\/min<br \/>\n\u2022 Tens\u00e3o 220 V<br \/>\n\u2022 Mangueira de 5 metros<\/p>\n","protected":false},"excerpt":{"rendered":"<p>A Tekna HL20002VS-X \u00e9 uma lavadora de alto desempenho, efici\u00eancia e qualidade. Seu motor \u00e9 a indu\u00e7\u00e3o de 1800 W de pot\u00eancia, e sua press\u00e3o m\u00e1xima alcan\u00e7a 14 MPa.<\/p>\n<p>\u2022 Motor de Indu\u00e7\u00e3o<br \/>\n\u2022 Bomba de alum\u00ednio<br \/>\n\u2022 Lan\u00e7a Regul\u00e1vel<br \/>\n\u2022 Com rodas<\/p>\n","protected":false},"featured_media":1679,"comment_status":"open","ping_status":"closed","template":"","meta":[],"pwb-brand":[],"product_cat":[83,130],"product_tag":[175,100,101,176,172,174],"class_list":{"0":"post-1677","1":"product","2":"type-product","3":"status-publish","4":"has-post-thumbnail","6":"product_cat-limpeza","7":"product_cat-lavadora-de-alta-pressao","8":"product_tag-equipamentos-de-limpeza","9":"product_tag-lavadora","10":"product_tag-lavadora-de-alta-pressao","11":"product_tag-lavadora-de-alta-pressao-220-v","12":"product_tag-lavadora-de-alta-pressao-eletrica","13":"product_tag-limpeza-de-calcadas","15":"first","16":"instock","17":"shipping-taxable","18":"product-type-simple"},"brands":[],"_links":{"self":[{"href":"https:\/\/teknapower.com.br\/index.php?rest_route=\/wp\/v2\/product\/1677","targetHints":{"allow":["GET"]}}],"collection":[{"href":"https:\/\/teknapower.com.br\/index.php?rest_route=\/wp\/v2\/product"}],"about":[{"href":"https:\/\/teknapower.com.br\/index.php?rest_route=\/wp\/v2\/types\/product"}],"replies":[{"embeddable":true,"href":"https:\/\/teknapower.com.br\/index.php?rest_route=%2Fwp%2Fv2%2Fcomments&post=1677"}],"wp:featuredmedia":[{"embeddable":true,"href":"https:\/\/teknapower.com.br\/index.php?rest_route=\/wp\/v2\/media\/1679"}],"wp:attachment":[{"href":"https:\/\/teknapower.com.br\/index.php?rest_route=%2Fwp%2Fv2%2Fmedia&parent=1677"}],"wp:term":[{"taxonomy":"pwb-brand","embeddable":true,"href":"https:\/\/teknapower.com.br\/index.php?rest_route=%2Fwp%2Fv2%2Fpwb-brand&post=1677"},{"taxonomy":"product_cat","embeddable":true,"href":"https:\/\/teknapower.com.br\/index.php?rest_route=%2Fwp%2Fv2%2Fproduct_cat&post=1677"},{"taxonomy":"product_tag","embeddable":true,"href":"https:\/\/teknapower.com.br\/index.php?rest_route=%2Fwp%2Fv2%2Fproduct_tag&post=1677"}],"curies":[{"name":"wp","href":"https:\/\/api.w.org\/{rel}","templated":true}]}}