{"id":1658,"date":"2021-04-21T10:27:27","date_gmt":"2021-04-21T13:27:27","guid":{"rendered":"http:\/\/45.82.73.87\/tekna\/?post_type=product&#038;p=1658"},"modified":"2021-06-08T16:53:56","modified_gmt":"2021-06-08T19:53:56","slug":"gerador-a-gasolina-gt6500fb","status":"publish","type":"product","link":"https:\/\/teknapower.com.br\/?product=gerador-a-gasolina-gt6500fb","title":{"rendered":"Gerador a Gasolina Tekna \u2013 GT6500FB"},"content":{"rendered":"<p>Para uso frequente, o Gerador a Gasolina GT6500FB \u00e9 seguro e ideal para garantir a realiza\u00e7\u00e3o das atividades com ferramentas, ilumina\u00e7\u00e3o e eletrodom\u00e9sticos de grande porte em sua casa, no acampamento ou no escrit\u00f3rio. Com AVR, regulador autom\u00e1tico de voltagem, permite a conex\u00e3o de equipamentos sens\u00edveis como computadores e notebooks tamb\u00e9m. Sua versatilidade \u00e9 garantida com seletor de tens\u00e3o Bivolt, 115 V e 230 V, carregador de bateria, volt\u00edmetro e alerta de n\u00edvel de \u00f3leo adaptando-se a qualquer necessidade. Com al\u00e7as e rodas, facilitam o seu transporte e armazenamento.<\/p>\n<p>\u2022 Motor 4 Tempos<br \/>\n\u2022 389 Cilindradas<br \/>\n\u2022 Pot\u00eancia de M\u00e1xima 6000 W<br \/>\n\u2022 Tens\u00e3o de sa\u00edda 115V e 230 V<br \/>\n\u2022 Alerta de N\u00edvel de \u00d3leo<\/p>\n","protected":false},"excerpt":{"rendered":"<p>O Gerador a Gasolina Tekna GT6500FB conta com um motor 4 tempos, 6000 W de pot\u00eancia, um \u00f3timo rendimento com tanque de combust\u00edvel de 25 litros.<\/p>\n<p>\u2022 Bivolt<br \/>\n\u2022 Quadro Refor\u00e7ado<br \/>\n\u2022 Com AVR e Volt\u00edmetro<br \/>\n\u2022 Carregador de Bateria<\/p>\n","protected":false},"featured_media":1659,"comment_status":"open","ping_status":"closed","template":"","meta":[],"pwb-brand":[],"product_cat":[39],"product_tag":[182,98,99,179,180,181],"class_list":{"0":"post-1658","1":"product","2":"type-product","3":"status-publish","4":"has-post-thumbnail","6":"product_cat-geradores","7":"product_tag-equipamentos-de-energia","8":"product_tag-gerador","9":"product_tag-gerador-a-gasolina","10":"product_tag-gerador-a-gasolina-bivolt","11":"product_tag-gerador-de-energia-a-gasolina","12":"product_tag-gerar-energia","14":"first","15":"instock","16":"shipping-taxable","17":"product-type-simple"},"brands":[],"_links":{"self":[{"href":"https:\/\/teknapower.com.br\/index.php?rest_route=\/wp\/v2\/product\/1658","targetHints":{"allow":["GET"]}}],"collection":[{"href":"https:\/\/teknapower.com.br\/index.php?rest_route=\/wp\/v2\/product"}],"about":[{"href":"https:\/\/teknapower.com.br\/index.php?rest_route=\/wp\/v2\/types\/product"}],"replies":[{"embeddable":true,"href":"https:\/\/teknapower.com.br\/index.php?rest_route=%2Fwp%2Fv2%2Fcomments&post=1658"}],"wp:featuredmedia":[{"embeddable":true,"href":"https:\/\/teknapower.com.br\/index.php?rest_route=\/wp\/v2\/media\/1659"}],"wp:attachment":[{"href":"https:\/\/teknapower.com.br\/index.php?rest_route=%2Fwp%2Fv2%2Fmedia&parent=1658"}],"wp:term":[{"taxonomy":"pwb-brand","embeddable":true,"href":"https:\/\/teknapower.com.br\/index.php?rest_route=%2Fwp%2Fv2%2Fpwb-brand&post=1658"},{"taxonomy":"product_cat","embeddable":true,"href":"https:\/\/teknapower.com.br\/index.php?rest_route=%2Fwp%2Fv2%2Fproduct_cat&post=1658"},{"taxonomy":"product_tag","embeddable":true,"href":"https:\/\/teknapower.com.br\/index.php?rest_route=%2Fwp%2Fv2%2Fproduct_tag&post=1658"}],"curies":[{"name":"wp","href":"https:\/\/api.w.org\/{rel}","templated":true}]}}