{"id":1646,"date":"2021-04-21T10:16:08","date_gmt":"2021-04-21T13:16:08","guid":{"rendered":"http:\/\/45.82.73.87\/tekna\/?post_type=product&#038;p=1646"},"modified":"2021-06-08T16:59:12","modified_gmt":"2021-06-08T19:59:12","slug":"gerador-a-gasolina-gt1300f","status":"publish","type":"product","link":"https:\/\/teknapower.com.br\/?product=gerador-a-gasolina-gt1300f","title":{"rendered":"Gerador a Gasolina Tekna \u2013 GT1300F"},"content":{"rendered":"<p>Potente e port\u00e1til, o Gerador a Gasolina Tekna GT1300F \u00e9 ideal para garantir o funcionamento dos equipamentos de maior utilidade em sua casa, no acampamento, no s\u00edtio ou at\u00e9 mesmo no escrit\u00f3rio. Desenvolvido para uso frequente, possui tamb\u00e9m AVR, regulador autom\u00e1tico de voltagem, que permite a conex\u00e3o de equipamentos sens\u00edveis como computadores e notebooks. Vers\u00e1til, com seletor de tens\u00e3o Bivolt, 115 V e 230 V. \u00c9 compacto, com quadro que facilita o transporte e armazenamento.<\/p>\n<p>\u2022 Motor 4 Tempos<br \/>\n\u2022 98 Cilindradas<br \/>\n\u2022 Pot\u00eancia de 1250 W<br \/>\n\u2022 Tens\u00e3o de sa\u00edda 115V e 230 V<br \/>\n\u2022 Alerta de N\u00edvel de \u00d3leo<\/p>\n","protected":false},"excerpt":{"rendered":"<p>O Gerador a Gasolina Tekna GT1300F \u00e9 econ\u00f4mico, com baixo consumo de combust\u00edvel. Equipado com um potente motor 4 tempos, 1250 W e alternador de cobre.<\/p>\n<p>\u2022 Bivolt<br \/>\n\u2022 Econ\u00f4mico<br \/>\n\u2022 Com AVR e Volt\u00edmetro<br \/>\n\u2022 Carregador de Bateria<\/p>\n","protected":false},"featured_media":1647,"comment_status":"open","ping_status":"closed","template":"","meta":[],"pwb-brand":[],"product_cat":[39],"product_tag":[182,98,99,179,180,181],"class_list":{"0":"post-1646","1":"product","2":"type-product","3":"status-publish","4":"has-post-thumbnail","6":"product_cat-geradores","7":"product_tag-equipamentos-de-energia","8":"product_tag-gerador","9":"product_tag-gerador-a-gasolina","10":"product_tag-gerador-a-gasolina-bivolt","11":"product_tag-gerador-de-energia-a-gasolina","12":"product_tag-gerar-energia","14":"first","15":"instock","16":"shipping-taxable","17":"product-type-simple"},"brands":[],"_links":{"self":[{"href":"https:\/\/teknapower.com.br\/index.php?rest_route=\/wp\/v2\/product\/1646","targetHints":{"allow":["GET"]}}],"collection":[{"href":"https:\/\/teknapower.com.br\/index.php?rest_route=\/wp\/v2\/product"}],"about":[{"href":"https:\/\/teknapower.com.br\/index.php?rest_route=\/wp\/v2\/types\/product"}],"replies":[{"embeddable":true,"href":"https:\/\/teknapower.com.br\/index.php?rest_route=%2Fwp%2Fv2%2Fcomments&post=1646"}],"wp:featuredmedia":[{"embeddable":true,"href":"https:\/\/teknapower.com.br\/index.php?rest_route=\/wp\/v2\/media\/1647"}],"wp:attachment":[{"href":"https:\/\/teknapower.com.br\/index.php?rest_route=%2Fwp%2Fv2%2Fmedia&parent=1646"}],"wp:term":[{"taxonomy":"pwb-brand","embeddable":true,"href":"https:\/\/teknapower.com.br\/index.php?rest_route=%2Fwp%2Fv2%2Fpwb-brand&post=1646"},{"taxonomy":"product_cat","embeddable":true,"href":"https:\/\/teknapower.com.br\/index.php?rest_route=%2Fwp%2Fv2%2Fproduct_cat&post=1646"},{"taxonomy":"product_tag","embeddable":true,"href":"https:\/\/teknapower.com.br\/index.php?rest_route=%2Fwp%2Fv2%2Fproduct_tag&post=1646"}],"curies":[{"name":"wp","href":"https:\/\/api.w.org\/{rel}","templated":true}]}}