{"id":1644,"date":"2021-04-21T10:13:39","date_gmt":"2021-04-21T13:13:39","guid":{"rendered":"http:\/\/45.82.73.87\/tekna\/?post_type=product&#038;p=1644"},"modified":"2021-09-22T17:44:50","modified_gmt":"2021-09-22T20:44:50","slug":"gerador-a-gasolina-gt1200aw-2","status":"publish","type":"product","link":"https:\/\/teknapower.com.br\/?product=gerador-a-gasolina-gt1200aw-2","title":{"rendered":"Gerador a Gasolina Tekna \u2013 GT1200AW &#8211; 220V"},"content":{"rendered":"<p>O Gerador a Gasolina Tekna GT1200AW foi desenvolvido para uso frequente, com excelente autonomia e estabilidade na gera\u00e7\u00e3o de energia. \u00c9 seguro e ideal para garantir o funcionamento de ferramentas, ilumina\u00e7\u00e3o ou eletrodom\u00e9sticos em sua casa ou no acampamento. Possui quadro refor\u00e7ado, para garantir a firmeza e seguran\u00e7a do Gerador. Equipado com carregador de bateria, volt\u00edmetro e alerta de n\u00edvel de \u00f3leo.<\/p>\n<p>\u2022 Motor 4 Tempos<br \/>\n\u2022 98 Cilindradas<br \/>\n\u2022 Pot\u00eancia de M\u00e1xima 1100 W<br \/>\n\u2022 Tens\u00e3o de sa\u00edda 220 V<br \/>\n\u2022 Alerta de N\u00edvel de \u00d3leo<\/p>\n","protected":false},"excerpt":{"rendered":"<p>O Gerador a Gasolina Tekna GT1200AW \u00e9 econ\u00f4mico, com baixo consumo de combust\u00edvel. Equipado com um potente motor 4 tempos, 1100 W de pot\u00eancia.<\/p>\n<p>\u2022 Econ\u00f4mico<br \/>\n\u2022 Com Capacitor e Volt\u00edmetro<br \/>\n\u2022 Quadro Refor\u00e7ado<br \/>\n\u2022 Carregador de Bateria<\/p>\n","protected":false},"featured_media":1645,"comment_status":"open","ping_status":"closed","template":"","meta":[],"pwb-brand":[],"product_cat":[39],"product_tag":[182,98,99,183,180,181],"class_list":{"0":"post-1644","1":"product","2":"type-product","3":"status-publish","4":"has-post-thumbnail","6":"product_cat-geradores","7":"product_tag-equipamentos-de-energia","8":"product_tag-gerador","9":"product_tag-gerador-a-gasolina","10":"product_tag-gerador-a-gasolina-com-quadro","11":"product_tag-gerador-de-energia-a-gasolina","12":"product_tag-gerar-energia","14":"first","15":"instock","16":"shipping-taxable","17":"product-type-simple"},"brands":[],"_links":{"self":[{"href":"https:\/\/teknapower.com.br\/index.php?rest_route=\/wp\/v2\/product\/1644","targetHints":{"allow":["GET"]}}],"collection":[{"href":"https:\/\/teknapower.com.br\/index.php?rest_route=\/wp\/v2\/product"}],"about":[{"href":"https:\/\/teknapower.com.br\/index.php?rest_route=\/wp\/v2\/types\/product"}],"replies":[{"embeddable":true,"href":"https:\/\/teknapower.com.br\/index.php?rest_route=%2Fwp%2Fv2%2Fcomments&post=1644"}],"wp:featuredmedia":[{"embeddable":true,"href":"https:\/\/teknapower.com.br\/index.php?rest_route=\/wp\/v2\/media\/1645"}],"wp:attachment":[{"href":"https:\/\/teknapower.com.br\/index.php?rest_route=%2Fwp%2Fv2%2Fmedia&parent=1644"}],"wp:term":[{"taxonomy":"pwb-brand","embeddable":true,"href":"https:\/\/teknapower.com.br\/index.php?rest_route=%2Fwp%2Fv2%2Fpwb-brand&post=1644"},{"taxonomy":"product_cat","embeddable":true,"href":"https:\/\/teknapower.com.br\/index.php?rest_route=%2Fwp%2Fv2%2Fproduct_cat&post=1644"},{"taxonomy":"product_tag","embeddable":true,"href":"https:\/\/teknapower.com.br\/index.php?rest_route=%2Fwp%2Fv2%2Fproduct_tag&post=1644"}],"curies":[{"name":"wp","href":"https:\/\/api.w.org\/{rel}","templated":true}]}}