{"id":1627,"date":"2021-04-21T09:50:44","date_gmt":"2021-04-21T12:50:44","guid":{"rendered":"http:\/\/45.82.73.87\/tekna\/?post_type=product&#038;p=1627"},"modified":"2021-06-08T17:11:42","modified_gmt":"2021-06-08T20:11:42","slug":"gerador-a-gasolina-gt950aw","status":"publish","type":"product","link":"https:\/\/teknapower.com.br\/?product=gerador-a-gasolina-gt950aw","title":{"rendered":"Gerador a Gasolina Tekna \u2013 GT950AW &#8211; 127V"},"content":{"rendered":"<p>O Gerador a Gasolina Tekna GT950AW \u00e9 ideal para garantir o funcionamento dos equipamentos de mais utilidade em sua casa, no acampamento ou no s\u00edtio. Com p\u00e9s de borracha que ajudam a absorver a vibra\u00e7\u00e3o, o Gerador fica est\u00e1vel durante o uso. Seu motor \u00e9 manual retr\u00e1til, com pot\u00eancia de 750 W para garantir energia sem interromper as atividades. \u00c9 compacto e port\u00e1til, sua al\u00e7a facilita o transporte e armazenamento.<\/p>\n<p>\u2022 Motor 2 Tempos<br \/>\n\u2022 63 Cilindradas<br \/>\n\u2022 Pot\u00eancia de 750 W<br \/>\n\u2022 Tens\u00e3o de sa\u00edda 127 V<\/p>\n","protected":false},"excerpt":{"rendered":"<p>O Gerador a Gasolina Tekna GT950AW \u00e9 equipado com al\u00e7a que facilita o transporte, altamente pr\u00e1tico e leve. Conta com p\u00e9s de borracha que reduzem a vibra\u00e7\u00e3o e ru\u00eddo.<\/p>\n<p>\u2022 Econ\u00f4mico com baixo consumo de combust\u00edvel<br \/>\n\u2022 Com al\u00e7a e p\u00e9s de apoio<br \/>\n\u2022 Carregador de Bateria incluso<br \/>\n\u2022 Volt\u00edmetro<\/p>\n","protected":false},"featured_media":1628,"comment_status":"open","ping_status":"closed","template":"","meta":[],"pwb-brand":[],"product_cat":[39],"product_tag":[182,98,99,184,180,181],"class_list":{"0":"post-1627","1":"product","2":"type-product","3":"status-publish","4":"has-post-thumbnail","6":"product_cat-geradores","7":"product_tag-equipamentos-de-energia","8":"product_tag-gerador","9":"product_tag-gerador-a-gasolina","10":"product_tag-gerador-a-gasolina-portatil","11":"product_tag-gerador-de-energia-a-gasolina","12":"product_tag-gerar-energia","14":"first","15":"instock","16":"shipping-taxable","17":"product-type-simple"},"brands":[],"_links":{"self":[{"href":"https:\/\/teknapower.com.br\/index.php?rest_route=\/wp\/v2\/product\/1627","targetHints":{"allow":["GET"]}}],"collection":[{"href":"https:\/\/teknapower.com.br\/index.php?rest_route=\/wp\/v2\/product"}],"about":[{"href":"https:\/\/teknapower.com.br\/index.php?rest_route=\/wp\/v2\/types\/product"}],"replies":[{"embeddable":true,"href":"https:\/\/teknapower.com.br\/index.php?rest_route=%2Fwp%2Fv2%2Fcomments&post=1627"}],"wp:featuredmedia":[{"embeddable":true,"href":"https:\/\/teknapower.com.br\/index.php?rest_route=\/wp\/v2\/media\/1628"}],"wp:attachment":[{"href":"https:\/\/teknapower.com.br\/index.php?rest_route=%2Fwp%2Fv2%2Fmedia&parent=1627"}],"wp:term":[{"taxonomy":"pwb-brand","embeddable":true,"href":"https:\/\/teknapower.com.br\/index.php?rest_route=%2Fwp%2Fv2%2Fpwb-brand&post=1627"},{"taxonomy":"product_cat","embeddable":true,"href":"https:\/\/teknapower.com.br\/index.php?rest_route=%2Fwp%2Fv2%2Fproduct_cat&post=1627"},{"taxonomy":"product_tag","embeddable":true,"href":"https:\/\/teknapower.com.br\/index.php?rest_route=%2Fwp%2Fv2%2Fproduct_tag&post=1627"}],"curies":[{"name":"wp","href":"https:\/\/api.w.org\/{rel}","templated":true}]}}