{"id":1601,"date":"2021-04-21T09:33:31","date_gmt":"2021-04-21T12:33:31","guid":{"rendered":"http:\/\/45.82.73.87\/tekna\/?post_type=product&#038;p=1601"},"modified":"2024-06-10T11:06:10","modified_gmt":"2024-06-10T14:06:10","slug":"eletrosserra-es1250n-4","status":"publish","type":"product","link":"https:\/\/teknapower.com.br\/?product=eletrosserra-es1250n-4","title":{"rendered":"Eletrosserra Tekna \u2013 ES1250N &#8211; ES12502-14OR &#8211; 220 V"},"content":{"rendered":"<p>Vers\u00e1til e f\u00e1cil de usar, a Eletrosserra Tekna ES1250N \u00e9 ideal para uso ocasional no corte de lenha, poda de \u00e1rvores e manuten\u00e7\u00e3o de pequenas propriedades. Possui sistema bi-manual que s\u00f3 aciona o sabre ao pressionar dois bot\u00f5es ao mesmo tempo, e sistema de ajuste da tens\u00e3o da corrente, garantindo a seguran\u00e7a ao operador. A lubrifica\u00e7\u00e3o autom\u00e1tica proporcionam maior vida \u00fatil a corrente. Com visor de n\u00edvel de \u00f3leo e trava para a extens\u00e3o, tornam o produto mais f\u00e1cil e pr\u00e1tico de ser operado. Conta com 01 chave e 01 capa para o sabre.<\/p>\n<p>\u2022 Pot\u00eancia do motor 1200W<br \/>\n\u2022 Sabre de 14\u201d (35 cm)<br \/>\n\u2022 Tipo da Corrente 91P<br \/>\n\u2022 Passo\/calibre: 3&#215;8\u201dx0.050\u201d<br \/>\n\u2022 Tens\u00e3o 220 V<br \/>\n\u2022 Frequ\u00eancia 60 Hz<\/p>\n","protected":false},"excerpt":{"rendered":"<p>A Eletrosserra Tekna ES1250N oferece performance e desempenho, com motor universal com escovas de 1200 W de pot\u00eancia e conjunto de corte Oregon.<\/p>\n<p>\u2022 Com Sabre e Corrente Oregon<br \/>\n\u2022 Super Leve 3,5 kg<br \/>\n\u2022 Sistema Bi-manual de seguran\u00e7a<\/p>\n","protected":false},"featured_media":9104,"comment_status":"open","ping_status":"closed","template":"","meta":[],"pwb-brand":[],"product_cat":[40,60],"product_tag":[187,94,97,185,186,169],"class_list":{"0":"post-1601","1":"product","2":"type-product","3":"status-publish","4":"has-post-thumbnail","6":"product_cat-jardim","7":"product_cat-eletrosserra","8":"product_tag-corte-de-lenha","9":"product_tag-eletrosserra","10":"product_tag-eletrosserra-220","11":"product_tag-eletrosserra-residencial","12":"product_tag-eletrosserra-tekna","13":"product_tag-poda-de-arvore","15":"first","16":"instock","17":"shipping-taxable","18":"product-type-simple"},"brands":[],"_links":{"self":[{"href":"https:\/\/teknapower.com.br\/index.php?rest_route=\/wp\/v2\/product\/1601","targetHints":{"allow":["GET"]}}],"collection":[{"href":"https:\/\/teknapower.com.br\/index.php?rest_route=\/wp\/v2\/product"}],"about":[{"href":"https:\/\/teknapower.com.br\/index.php?rest_route=\/wp\/v2\/types\/product"}],"replies":[{"embeddable":true,"href":"https:\/\/teknapower.com.br\/index.php?rest_route=%2Fwp%2Fv2%2Fcomments&post=1601"}],"wp:featuredmedia":[{"embeddable":true,"href":"https:\/\/teknapower.com.br\/index.php?rest_route=\/wp\/v2\/media\/9104"}],"wp:attachment":[{"href":"https:\/\/teknapower.com.br\/index.php?rest_route=%2Fwp%2Fv2%2Fmedia&parent=1601"}],"wp:term":[{"taxonomy":"pwb-brand","embeddable":true,"href":"https:\/\/teknapower.com.br\/index.php?rest_route=%2Fwp%2Fv2%2Fpwb-brand&post=1601"},{"taxonomy":"product_cat","embeddable":true,"href":"https:\/\/teknapower.com.br\/index.php?rest_route=%2Fwp%2Fv2%2Fproduct_cat&post=1601"},{"taxonomy":"product_tag","embeddable":true,"href":"https:\/\/teknapower.com.br\/index.php?rest_route=%2Fwp%2Fv2%2Fproduct_tag&post=1601"}],"curies":[{"name":"wp","href":"https:\/\/api.w.org\/{rel}","templated":true}]}}