{"id":1562,"date":"2021-04-20T19:34:20","date_gmt":"2021-04-20T22:34:20","guid":{"rendered":"http:\/\/45.82.73.87\/tekna\/?post_type=product&#038;p=1562"},"modified":"2021-06-08T17:52:44","modified_gmt":"2021-06-08T20:52:44","slug":"eletrosserra-es2400s","status":"publish","type":"product","link":"https:\/\/teknapower.com.br\/?product=eletrosserra-es2400s","title":{"rendered":"Eletrosserra Tekna \u2013 ES2400S"},"content":{"rendered":"<p>Indicada para trabalhos frequentes com madeiras em geral, a Eletrosserra Tekna ES2400S2 oferece alto poder de corte e seguran\u00e7a na opera\u00e7\u00e3o. Com gatilho de seguran\u00e7a e corrente de baixo rebote, garantem a prote\u00e7\u00e3o necess\u00e1ria ao operador. A lubrifica\u00e7\u00e3o autom\u00e1tica da corrente proporciona maior vida \u00fatil e baixa manuten\u00e7\u00e3o do produto. Conta com KIT de ferramentas e capa para o sabre.<\/p>\n<p>\u2022 Pot\u00eancia do motor 2400W<br \/>\n\u2022 Sabre de 18\u201d<br \/>\n\u2022 Tens\u00e3o 220 V<br \/>\n\u2022 Frequ\u00eancia 60 Hz<\/p>\n","protected":false},"excerpt":{"rendered":"<p>A Eletrosserra Tekna ES24002 possui motor universal com escovas de 2400 W de pot\u00eancia, sabre e corrente Oregon, que oferecem alta performance e desempenho no corte.<\/p>\n<p>\u2022 Com Sabre e Corrente Oregon<br \/>\n\u2022 Prote\u00e7\u00e3o Contra Rebote<br \/>\n\u2022 Sistema Bi-manual de Seguran\u00e7a<\/p>\n","protected":false},"featured_media":1565,"comment_status":"open","ping_status":"closed","template":"","meta":[],"pwb-brand":[],"product_cat":[40,60],"product_tag":[187,94,97,185,186,169],"class_list":{"0":"post-1562","1":"product","2":"type-product","3":"status-publish","4":"has-post-thumbnail","6":"product_cat-jardim","7":"product_cat-eletrosserra","8":"product_tag-corte-de-lenha","9":"product_tag-eletrosserra","10":"product_tag-eletrosserra-220","11":"product_tag-eletrosserra-residencial","12":"product_tag-eletrosserra-tekna","13":"product_tag-poda-de-arvore","15":"first","16":"instock","17":"shipping-taxable","18":"product-type-simple"},"brands":[],"_links":{"self":[{"href":"https:\/\/teknapower.com.br\/index.php?rest_route=\/wp\/v2\/product\/1562","targetHints":{"allow":["GET"]}}],"collection":[{"href":"https:\/\/teknapower.com.br\/index.php?rest_route=\/wp\/v2\/product"}],"about":[{"href":"https:\/\/teknapower.com.br\/index.php?rest_route=\/wp\/v2\/types\/product"}],"replies":[{"embeddable":true,"href":"https:\/\/teknapower.com.br\/index.php?rest_route=%2Fwp%2Fv2%2Fcomments&post=1562"}],"wp:featuredmedia":[{"embeddable":true,"href":"https:\/\/teknapower.com.br\/index.php?rest_route=\/wp\/v2\/media\/1565"}],"wp:attachment":[{"href":"https:\/\/teknapower.com.br\/index.php?rest_route=%2Fwp%2Fv2%2Fmedia&parent=1562"}],"wp:term":[{"taxonomy":"pwb-brand","embeddable":true,"href":"https:\/\/teknapower.com.br\/index.php?rest_route=%2Fwp%2Fv2%2Fpwb-brand&post=1562"},{"taxonomy":"product_cat","embeddable":true,"href":"https:\/\/teknapower.com.br\/index.php?rest_route=%2Fwp%2Fv2%2Fproduct_cat&post=1562"},{"taxonomy":"product_tag","embeddable":true,"href":"https:\/\/teknapower.com.br\/index.php?rest_route=%2Fwp%2Fv2%2Fproduct_tag&post=1562"}],"curies":[{"name":"wp","href":"https:\/\/api.w.org\/{rel}","templated":true}]}}