{"id":1497,"date":"2021-04-20T18:06:17","date_gmt":"2021-04-20T21:06:17","guid":{"rendered":"http:\/\/45.82.73.87\/tekna\/?post_type=product&#038;p=1497"},"modified":"2024-12-26T16:05:33","modified_gmt":"2024-12-26T19:05:33","slug":"motosserra-a-gasolina-cs46xs15or","status":"publish","type":"product","link":"https:\/\/teknapower.com.br\/?product=motosserra-a-gasolina-cs46xs15or","title":{"rendered":"Motosserra a Gasolina Tekna com sabre de 15&#8243; \u2013 CS46XS15OR"},"content":{"rendered":"<p>Adequada para trabalho frequente, a Motosserra Tekna CS46XS15OR \u00e9 ideal para corte de \u00e1rvores, lenha, marcenaria, carpintaria e poda de \u00e1rvores. \u00c9 equipado com pe\u00e7as de alta qualidade, apresentando uma excelente rela\u00e7\u00e3o peso\/pot\u00eancia que proporcionam baixa manuten\u00e7\u00e3o. Sua carca\u00e7a em magn\u00e9sio apresenta uma pot\u00eancia superior com menor esfor\u00e7o, juntamente com carburador Walbro e vela Champion, garantem alto desempenho e durabilidade. Acompanha kit de ferramentas, capa para o sabre e misturador de combust\u00edvel. O design ergon\u00f4mico oferece conforto ao operador, sem deixar de lado a seguran\u00e7a.<\/p>\n<p>\u2022 Pot\u00eancia de 2.8 HP<br \/>\n\u2022 45,6 cilindradas<br \/>\n\u2022 Sabre Oregon de 15\u201d SN<br \/>\n\u2022 Passo\/calibre 0,325\u201dx 0,058\u201d 21B<br \/>\n\u2022 Rota\u00e7\u00e3o M\u00e1xima de 11000 rpm<\/p>\n","protected":false},"excerpt":{"rendered":"<p>A Motosserra Tekna CS46XS15OR \u00e9 leve e de f\u00e1cil manuseio. Com carburador Walbro, vela Champion e conjunto de corte Oregon, permite realizar trabalhos de forma r\u00e1pida e produtiva.<\/p>\n<p>\u2022 Conjunto de corte Oregon<br \/>\n\u2022 Carburador Walbro<br \/>\n\u2022 Vela Champion<br \/>\n\u2022 Bomba de \u00d3leo Autom\u00e1tica<br \/>\n\u2022 Carca\u00e7a em Magn\u00e9sio<\/p>\n","protected":false},"featured_media":1498,"comment_status":"open","ping_status":"closed","template":"","meta":[],"pwb-brand":[],"product_cat":[35,120,40,128],"product_tag":[151,156,90,95,155,149],"class_list":{"0":"post-1497","1":"product","2":"type-product","3":"status-publish","4":"has-post-thumbnail","6":"product_cat-agricola","7":"product_cat-motosserra","8":"product_cat-jardim","9":"product_cat-motosserra-jardim","10":"product_tag-corte-de-arvores","11":"product_tag-equipamento-de-corte","12":"product_tag-motor-a-gasolina","13":"product_tag-motosserra","14":"product_tag-motosserra-a-gasolina-tekna","15":"product_tag-motosserra-a-gasolina-uso-frequente","17":"first","18":"instock","19":"shipping-taxable","20":"product-type-simple"},"brands":[],"_links":{"self":[{"href":"https:\/\/teknapower.com.br\/index.php?rest_route=\/wp\/v2\/product\/1497","targetHints":{"allow":["GET"]}}],"collection":[{"href":"https:\/\/teknapower.com.br\/index.php?rest_route=\/wp\/v2\/product"}],"about":[{"href":"https:\/\/teknapower.com.br\/index.php?rest_route=\/wp\/v2\/types\/product"}],"replies":[{"embeddable":true,"href":"https:\/\/teknapower.com.br\/index.php?rest_route=%2Fwp%2Fv2%2Fcomments&post=1497"}],"wp:featuredmedia":[{"embeddable":true,"href":"https:\/\/teknapower.com.br\/index.php?rest_route=\/wp\/v2\/media\/1498"}],"wp:attachment":[{"href":"https:\/\/teknapower.com.br\/index.php?rest_route=%2Fwp%2Fv2%2Fmedia&parent=1497"}],"wp:term":[{"taxonomy":"pwb-brand","embeddable":true,"href":"https:\/\/teknapower.com.br\/index.php?rest_route=%2Fwp%2Fv2%2Fpwb-brand&post=1497"},{"taxonomy":"product_cat","embeddable":true,"href":"https:\/\/teknapower.com.br\/index.php?rest_route=%2Fwp%2Fv2%2Fproduct_cat&post=1497"},{"taxonomy":"product_tag","embeddable":true,"href":"https:\/\/teknapower.com.br\/index.php?rest_route=%2Fwp%2Fv2%2Fproduct_tag&post=1497"}],"curies":[{"name":"wp","href":"https:\/\/api.w.org\/{rel}","templated":true}]}}