{"id":1439,"date":"2021-04-14T16:05:04","date_gmt":"2021-04-14T19:05:04","guid":{"rendered":"http:\/\/45.82.73.87\/tekna\/?post_type=product&#038;p=1439"},"modified":"2021-06-09T10:37:30","modified_gmt":"2021-06-09T13:37:30","slug":"eletrosserra-es1800s","status":"publish","type":"product","link":"https:\/\/teknapower.com.br\/?product=eletrosserra-es1800s","title":{"rendered":"Eletrosserra Tekna \u2013 ES1800S"},"content":{"rendered":"<p>Com excelente rela\u00e7\u00e3o peso\/pot\u00eancia, a Eletrosserra Tekna ES18001 oferece alto poder de corte, seguran\u00e7a e desempenho. \u00c9 ideal para uso residencial no corte de lenha, poda de \u00e1rvores e manuten\u00e7\u00e3o de pequenas propriedades. Equipada com gatilho de seguran\u00e7a e corrente de baixo rebote, garante a prote\u00e7\u00e3o necess\u00e1ria ao operador. Com lubrifica\u00e7\u00e3o autom\u00e1tica proporciona maior vida \u00fatil a corrente. Conta com KIT de ferramentas e capa para o sabre.<\/p>\n<p>\u2022 Pot\u00eancia do motor 1800W<br \/>\n\u2022 Sabre de 16\u201d<br \/>\n\u2022 Tens\u00e3o 127 V<br \/>\n\u2022 Frequ\u00eancia 60 Hz<\/p>\n","protected":false},"excerpt":{"rendered":"<p>A Eletrosserra Tekna ES1800S1 possui motor universal com escovas de 1800 W de pot\u00eancia, barra e corrente Oregon, que oferecem alta performance e desempenho.<\/p>\n<p>\u2022 Com Sabre e Corrente Oregon<br \/>\n\u2022 Prote\u00e7\u00e3o Contra Rebote<br \/>\n\u2022 Sistema Bi-manual de Seguran\u00e7a<\/p>\n","protected":false},"featured_media":1441,"comment_status":"open","ping_status":"closed","template":"","meta":[],"pwb-brand":[],"product_cat":[40,60],"product_tag":[187,94,185,186,169],"class_list":{"0":"post-1439","1":"product","2":"type-product","3":"status-publish","4":"has-post-thumbnail","6":"product_cat-jardim","7":"product_cat-eletrosserra","8":"product_tag-corte-de-lenha","9":"product_tag-eletrosserra","10":"product_tag-eletrosserra-residencial","11":"product_tag-eletrosserra-tekna","12":"product_tag-poda-de-arvore","14":"first","15":"instock","16":"shipping-taxable","17":"product-type-simple"},"brands":[],"_links":{"self":[{"href":"https:\/\/teknapower.com.br\/index.php?rest_route=\/wp\/v2\/product\/1439","targetHints":{"allow":["GET"]}}],"collection":[{"href":"https:\/\/teknapower.com.br\/index.php?rest_route=\/wp\/v2\/product"}],"about":[{"href":"https:\/\/teknapower.com.br\/index.php?rest_route=\/wp\/v2\/types\/product"}],"replies":[{"embeddable":true,"href":"https:\/\/teknapower.com.br\/index.php?rest_route=%2Fwp%2Fv2%2Fcomments&post=1439"}],"wp:featuredmedia":[{"embeddable":true,"href":"https:\/\/teknapower.com.br\/index.php?rest_route=\/wp\/v2\/media\/1441"}],"wp:attachment":[{"href":"https:\/\/teknapower.com.br\/index.php?rest_route=%2Fwp%2Fv2%2Fmedia&parent=1439"}],"wp:term":[{"taxonomy":"pwb-brand","embeddable":true,"href":"https:\/\/teknapower.com.br\/index.php?rest_route=%2Fwp%2Fv2%2Fpwb-brand&post=1439"},{"taxonomy":"product_cat","embeddable":true,"href":"https:\/\/teknapower.com.br\/index.php?rest_route=%2Fwp%2Fv2%2Fproduct_cat&post=1439"},{"taxonomy":"product_tag","embeddable":true,"href":"https:\/\/teknapower.com.br\/index.php?rest_route=%2Fwp%2Fv2%2Fproduct_tag&post=1439"}],"curies":[{"name":"wp","href":"https:\/\/api.w.org\/{rel}","templated":true}]}}