{"id":1431,"date":"2021-04-14T16:01:12","date_gmt":"2021-04-14T19:01:12","guid":{"rendered":"http:\/\/45.82.73.87\/tekna\/?post_type=product&#038;p=1431"},"modified":"2021-06-09T14:50:16","modified_gmt":"2021-06-09T17:50:16","slug":"aparador-de-cerca-viva-eletrico-cc500-2","status":"publish","type":"product","link":"https:\/\/teknapower.com.br\/?product=aparador-de-cerca-viva-eletrico-cc500-2","title":{"rendered":"Aparador de Cerca Viva El\u00e9trico Tekna \u2013 CC500 &#8211; 220 V"},"content":{"rendered":"<p>O Aparador de Cerca Viva El\u00e9trico Tekna CC500 \u00e9 pr\u00e1tico e eficiente, pois conta com uma l\u00e2mina de 500 mm de comprimento com dentes afiados em ambos os lados, que cortam nos dois sentidos, permitindo realizar at\u00e9 3800 golpes por minuto. \u00c9 ideal para cortar e nivelar vegeta\u00e7\u00f5es, arbustos, \u00e1rvores e cercas vivas. Possui sistema bi-manual que s\u00f3 aciona a l\u00e2mina ao pressionar dois bot\u00f5es ao mesmo tempo, garantindo a seguran\u00e7a ao operador. Com uma pot\u00eancia de 450 W, proporciona um \u00f3timo rendimento no trabalho, sem deixar de lado a ergonomia e conforto no manuseio.<\/p>\n<p>\u2022 Pot\u00eancia de 450 W<br \/>\n\u2022 L\u00e2mina de 500 mm<br \/>\n\u2022 Di\u00e2metro m\u00e1ximo de corte de 18 mm<br \/>\n\u2022 3800 Golpes por minuto<br \/>\n\u2022 Tens\u00e3o 220 V<\/p>\n","protected":false},"excerpt":{"rendered":"<p>Com design inovador, o Aparador de Cerca Viva El\u00e9trico Tekna foi projetado para ser pr\u00e1tico e f\u00e1cil de usar. Leve, potente e compacto, tem l\u00e2mina de duplo corte, que proporciona maior desempenho e menor esfor\u00e7o do operador.<\/p>\n<p>\u2022 L\u00e2mina Dupla com Dentes de Duplo Corte<br \/>\n\u2022 Sistema Bi-Manual de Seguran\u00e7a<br \/>\n\u2022 Saia de Prote\u00e7\u00e3o<\/p>\n","protected":false},"featured_media":1432,"comment_status":"open","ping_status":"closed","template":"","meta":[],"pwb-brand":[],"product_cat":[40,57],"product_tag":[77,195,93,196,191,192],"class_list":{"0":"post-1431","1":"product","2":"type-product","3":"status-publish","4":"has-post-thumbnail","6":"product_cat-jardim","7":"product_cat-aparador-de-cerca-viva","8":"product_tag-aparador","9":"product_tag-aparador-de-arbustos","10":"product_tag-aparador-de-cerca-viva","11":"product_tag-aparador-de-cerca-viva-eletrico-220-v","12":"product_tag-como-cuidar-do-seu-jardim","13":"product_tag-equipamentos-para-jardim","15":"first","16":"instock","17":"shipping-taxable","18":"product-type-simple"},"brands":[],"_links":{"self":[{"href":"https:\/\/teknapower.com.br\/index.php?rest_route=\/wp\/v2\/product\/1431","targetHints":{"allow":["GET"]}}],"collection":[{"href":"https:\/\/teknapower.com.br\/index.php?rest_route=\/wp\/v2\/product"}],"about":[{"href":"https:\/\/teknapower.com.br\/index.php?rest_route=\/wp\/v2\/types\/product"}],"replies":[{"embeddable":true,"href":"https:\/\/teknapower.com.br\/index.php?rest_route=%2Fwp%2Fv2%2Fcomments&post=1431"}],"wp:featuredmedia":[{"embeddable":true,"href":"https:\/\/teknapower.com.br\/index.php?rest_route=\/wp\/v2\/media\/1432"}],"wp:attachment":[{"href":"https:\/\/teknapower.com.br\/index.php?rest_route=%2Fwp%2Fv2%2Fmedia&parent=1431"}],"wp:term":[{"taxonomy":"pwb-brand","embeddable":true,"href":"https:\/\/teknapower.com.br\/index.php?rest_route=%2Fwp%2Fv2%2Fpwb-brand&post=1431"},{"taxonomy":"product_cat","embeddable":true,"href":"https:\/\/teknapower.com.br\/index.php?rest_route=%2Fwp%2Fv2%2Fproduct_cat&post=1431"},{"taxonomy":"product_tag","embeddable":true,"href":"https:\/\/teknapower.com.br\/index.php?rest_route=%2Fwp%2Fv2%2Fproduct_tag&post=1431"}],"curies":[{"name":"wp","href":"https:\/\/api.w.org\/{rel}","templated":true}]}}