{"id":1418,"date":"2021-04-14T15:46:08","date_gmt":"2021-04-14T18:46:08","guid":{"rendered":"http:\/\/45.82.73.87\/tekna\/?post_type=product&#038;p=1418"},"modified":"2021-06-09T14:54:34","modified_gmt":"2021-06-09T17:54:34","slug":"aparador-de-cerca-viva-a-bateria-cc24b-2fc","status":"publish","type":"product","link":"https:\/\/teknapower.com.br\/?product=aparador-de-cerca-viva-a-bateria-cc24b-2fc","title":{"rendered":"Aparador de Cerca Viva a Bateria Tekna \u2013 CC24B-2FC"},"content":{"rendered":"<p>O Aparador de Cerca Viva a Bateria Tekna CC24B conta com uma l\u00e2mina dupla com dente de duplo corte, de 575 mm de comprimento com dentes afiados em ambos os lados, que cortam nos dois sentidos. Possui sistema bi-manual que s\u00f3 aciona a l\u00e2mina ao pressionar dois bot\u00f5es ao mesmo tempo, garantindo a seguran\u00e7a ao operador. Com a capacidade de realizar 3000 golpes por minuto, proporciona um \u00f3timo rendimento no trabalho, sem deixar de lado a ergonomia e conforto no manuseio. \u00c9 ideal para cortar e nivelar vegeta\u00e7\u00f5es, arbustos, \u00e1rvores e cercas vivas. \u00c9 compat\u00edvel com a Linha a Bateria 24 V MAX Tekna.<\/p>\n<p>\u2022 L\u00e2mina de 575 mm<br \/>\n\u2022 Di\u00e2metro m\u00e1ximo de corte de 16 mm<br \/>\n\u2022 Com 01 bateria de \u00cdons de L\u00edtio de 24V MAX e 2,0 Ah<br \/>\n\u2022 01 Carregador Bivolt<\/p>\n","protected":false},"excerpt":{"rendered":"<p>O Aparador de Cerca Viva a bateria Tekna \u00e9 potente e compacto, sem fios, foi projetado para facilitar o cuidado di\u00e1rio com o jardim. Tem l\u00e2mina de duplo corte, que proporciona maior desempenho e menor esfor\u00e7o do operador. Acompanha 01 bateria e 01 carregador bivolt.<\/p>\n<p>\u2022 L\u00e2mina Dupla com Dentes de Duplo Corte<br \/>\n\u2022 Sistema Bi-Manual de Seguran\u00e7a<br \/>\n\u2022 A Bateria<\/p>\n","protected":false},"featured_media":1419,"comment_status":"open","ping_status":"closed","template":"","meta":[],"pwb-brand":[],"product_cat":[40,57],"product_tag":[77,93,189,190,191,192],"class_list":{"0":"post-1418","1":"product","2":"type-product","3":"status-publish","4":"has-post-thumbnail","6":"product_cat-jardim","7":"product_cat-aparador-de-cerca-viva","8":"product_tag-aparador","9":"product_tag-aparador-de-cerca-viva","10":"product_tag-aparador-de-cerca-viva-a-bateria","11":"product_tag-aparador-de-cerca-viva-sem-fio","12":"product_tag-como-cuidar-do-seu-jardim","13":"product_tag-equipamentos-para-jardim","15":"first","16":"instock","17":"shipping-taxable","18":"product-type-simple"},"brands":[],"_links":{"self":[{"href":"https:\/\/teknapower.com.br\/index.php?rest_route=\/wp\/v2\/product\/1418","targetHints":{"allow":["GET"]}}],"collection":[{"href":"https:\/\/teknapower.com.br\/index.php?rest_route=\/wp\/v2\/product"}],"about":[{"href":"https:\/\/teknapower.com.br\/index.php?rest_route=\/wp\/v2\/types\/product"}],"replies":[{"embeddable":true,"href":"https:\/\/teknapower.com.br\/index.php?rest_route=%2Fwp%2Fv2%2Fcomments&post=1418"}],"wp:featuredmedia":[{"embeddable":true,"href":"https:\/\/teknapower.com.br\/index.php?rest_route=\/wp\/v2\/media\/1419"}],"wp:attachment":[{"href":"https:\/\/teknapower.com.br\/index.php?rest_route=%2Fwp%2Fv2%2Fmedia&parent=1418"}],"wp:term":[{"taxonomy":"pwb-brand","embeddable":true,"href":"https:\/\/teknapower.com.br\/index.php?rest_route=%2Fwp%2Fv2%2Fpwb-brand&post=1418"},{"taxonomy":"product_cat","embeddable":true,"href":"https:\/\/teknapower.com.br\/index.php?rest_route=%2Fwp%2Fv2%2Fproduct_cat&post=1418"},{"taxonomy":"product_tag","embeddable":true,"href":"https:\/\/teknapower.com.br\/index.php?rest_route=%2Fwp%2Fv2%2Fproduct_tag&post=1418"}],"curies":[{"name":"wp","href":"https:\/\/api.w.org\/{rel}","templated":true}]}}