{"id":1407,"date":"2021-04-14T15:28:41","date_gmt":"2021-04-14T18:28:41","guid":{"rendered":"http:\/\/45.82.73.87\/tekna\/?post_type=product&#038;p=1407"},"modified":"2021-06-09T15:27:39","modified_gmt":"2021-06-09T18:27:39","slug":"podador-de-arbustos-a-bateria-cc10b","status":"publish","type":"product","link":"https:\/\/teknapower.com.br\/?product=podador-de-arbustos-a-bateria-cc10b","title":{"rendered":"Podador de Arbustos a Bateria Tekna &#8211; CC10B"},"content":{"rendered":"<p>Leve e pr\u00e1tico, o Podador de Arbustos Tekna CC10B conta com 2 l\u00e2minas diferentes que v\u00e3o garantir o embelezamento do jardim. \u00c9 ideal para poda de pequenos arbustos, bordas de gramado e pequenas cercas vivas. O kit vem com uma l\u00e2mina de poda e uma l\u00e2mina de corte, carregador de bateria e uma bolsa para transportar o produto. O sistema bi-manual garante mais seguran\u00e7a a opera\u00e7\u00e3o, j\u00e1 que as l\u00e2minas s\u00f3 ser\u00e3o acionadas ao segurar nos dois bot\u00f5es ao mesmo tempo. A pega \u00e9 ergon\u00f4mica e revestida de borracha, trazendo conforto no manuseio.<\/p>\n<p>\u2022 Bateria Integrada de 1,5 AH \u2022 Tens\u00e3o: 7,2 V<br \/>\n\u2022 Capacidade: 1.500 mAh<br \/>\n\u2022 Rota\u00e7\u00e3o: 1350 rpm<br \/>\n\u2022 L\u00e2mina de Corte com 100 mm de largura<br \/>\n\u2022 L\u00e2mina de Poda com 150 mm de comprimento<\/p>\n","protected":false},"excerpt":{"rendered":"<p>O Podador de Arbustos Tekna garante mobilidade e agilidade na manuten\u00e7\u00e3o do seu jardim, pois \u00e9 leve, pr\u00e1tico e sem fio. O KIT conta com 2 l\u00e2minas diferentes, bateria integrada de l\u00edtio, carregador de bateria e bolsa de transporte.<\/p>\n<p>\u2022 Troca de L\u00e2mina r\u00e1pida e f\u00e1cil<br \/>\n\u2022 Sistema Bi-Manual de Seguran\u00e7a<br \/>\n\u2022 Empunhadura Ergon\u00f4mica<\/p>\n","protected":false},"featured_media":1408,"comment_status":"open","ping_status":"closed","template":"","meta":[],"pwb-brand":[],"product_cat":[40,61],"product_tag":[191,192,199,200],"class_list":{"0":"post-1407","1":"product","2":"type-product","3":"status-publish","4":"has-post-thumbnail","6":"product_cat-jardim","7":"product_cat-podador-de-arbustos","8":"product_tag-como-cuidar-do-seu-jardim","9":"product_tag-equipamentos-para-jardim","10":"product_tag-podador-de-arbustos-a-bateria","11":"product_tag-podador-de-arbustos-sem-fio","13":"first","14":"instock","15":"shipping-taxable","16":"product-type-simple"},"brands":[],"_links":{"self":[{"href":"https:\/\/teknapower.com.br\/index.php?rest_route=\/wp\/v2\/product\/1407","targetHints":{"allow":["GET"]}}],"collection":[{"href":"https:\/\/teknapower.com.br\/index.php?rest_route=\/wp\/v2\/product"}],"about":[{"href":"https:\/\/teknapower.com.br\/index.php?rest_route=\/wp\/v2\/types\/product"}],"replies":[{"embeddable":true,"href":"https:\/\/teknapower.com.br\/index.php?rest_route=%2Fwp%2Fv2%2Fcomments&post=1407"}],"wp:featuredmedia":[{"embeddable":true,"href":"https:\/\/teknapower.com.br\/index.php?rest_route=\/wp\/v2\/media\/1408"}],"wp:attachment":[{"href":"https:\/\/teknapower.com.br\/index.php?rest_route=%2Fwp%2Fv2%2Fmedia&parent=1407"}],"wp:term":[{"taxonomy":"pwb-brand","embeddable":true,"href":"https:\/\/teknapower.com.br\/index.php?rest_route=%2Fwp%2Fv2%2Fpwb-brand&post=1407"},{"taxonomy":"product_cat","embeddable":true,"href":"https:\/\/teknapower.com.br\/index.php?rest_route=%2Fwp%2Fv2%2Fproduct_cat&post=1407"},{"taxonomy":"product_tag","embeddable":true,"href":"https:\/\/teknapower.com.br\/index.php?rest_route=%2Fwp%2Fv2%2Fproduct_tag&post=1407"}],"curies":[{"name":"wp","href":"https:\/\/api.w.org\/{rel}","templated":true}]}}