{"id":1376,"date":"2021-04-14T15:04:01","date_gmt":"2021-04-14T18:04:01","guid":{"rendered":"http:\/\/45.82.73.87\/tekna\/?post_type=product&#038;p=1376"},"modified":"2021-06-09T15:30:47","modified_gmt":"2021-06-09T18:30:47","slug":"combo-jardim-agsp24b-2fc","status":"publish","type":"product","link":"https:\/\/teknapower.com.br\/?product=combo-jardim-agsp24b-2fc","title":{"rendered":"Combo Jardim Tekna \u2013 AGSP24B-2FC"},"content":{"rendered":"<p>Pensado para manter a limpeza e a beleza do seu jardim o Combo Jardim Tekna conta com dois equipamentos de alta qualidade e desempenho. A bateria inclusa no kit, torna o produto mais pr\u00e1tico e econ\u00f4mico, dispensando o uso de cabos de energia. O aparador de grama possui tubo telesc\u00f3pico e di\u00e2metro de corte ajust\u00e1vel, adapt\u00e1vel para todo tipo de jardim, ao aparar cantos de gramados, grama e vegeta\u00e7\u00e3o rasteira. J\u00e1 o Soprador, \u00e9 leve e de alto desempenho, podendo chegar a uma velocidade do ar de 200km\/h, ideal para soprar folhas secas, restos de grama e pequenas sujeiras. Ambos possuem sistema bi-manual que s\u00f3 aciona o equipamento ao pressionar dois bot\u00f5es ao mesmo tempo, garantindo a seguran\u00e7a ao operador. S\u00e3o compat\u00edveis com toda a Linha a Bateria 24 V MAX Tekna.<\/p>\n<p>\u2022 Aparador:<br \/>\n\u2022 Roda para Aparar Cantos<br \/>\n\u2022 Tubo Telesc\u00f3pico<br \/>\n\u2022 Di\u00e2metro de Corte Ajust\u00e1vel de 280 cm e 330 cm<br \/>\n\u2022 Soprador:<br \/>\n\u2022 Velocidade do Ar 200 km\/h<br \/>\n\u2022 Fluxo de Ar 80 CFM<br \/>\n\u2022 Di\u00e2metro de Corte Ajust\u00e1vel de 280 cm e 330 cm<\/p>\n","protected":false},"excerpt":{"rendered":"<p>O Combo Jardim Tekna \u00e9 composto por um Aparador de Grama a Bateria 24V e um Soprador a Bateria 24V. O kit acompanha uma Bateria de \u00cdons de L\u00edtio 24V MAX e 2,0 Ah e um Carregador Bivolt, com alta qualidade e garantia Tekna.<\/p>\n<p>\u2022 Com 01 bateria de \u00cdons de L\u00edtio de 24V MAX e 2,0 Ah<br \/>\n\u2022 01 Carregador Bivolt<br \/>\n\u2022 Sistema Bi-Manual de Seguran\u00e7a<\/p>\n","protected":false},"featured_media":1377,"comment_status":"open","ping_status":"closed","template":"","meta":[],"pwb-brand":[],"product_cat":[40,58,63],"product_tag":[202,201,203,204,191,192],"class_list":{"0":"post-1376","1":"product","2":"type-product","3":"status-publish","4":"has-post-thumbnail","6":"product_cat-jardim","7":"product_cat-aparador-de-grama","8":"product_cat-soprador","9":"product_tag-combo-aparador-e-soprador","10":"product_tag-combo-de-equipamentos-a-bateria","11":"product_tag-combo-jardim","12":"product_tag-combo-jardim-a-bateria","13":"product_tag-como-cuidar-do-seu-jardim","14":"product_tag-equipamentos-para-jardim","16":"first","17":"instock","18":"shipping-taxable","19":"product-type-simple"},"brands":[],"_links":{"self":[{"href":"https:\/\/teknapower.com.br\/index.php?rest_route=\/wp\/v2\/product\/1376","targetHints":{"allow":["GET"]}}],"collection":[{"href":"https:\/\/teknapower.com.br\/index.php?rest_route=\/wp\/v2\/product"}],"about":[{"href":"https:\/\/teknapower.com.br\/index.php?rest_route=\/wp\/v2\/types\/product"}],"replies":[{"embeddable":true,"href":"https:\/\/teknapower.com.br\/index.php?rest_route=%2Fwp%2Fv2%2Fcomments&post=1376"}],"wp:featuredmedia":[{"embeddable":true,"href":"https:\/\/teknapower.com.br\/index.php?rest_route=\/wp\/v2\/media\/1377"}],"wp:attachment":[{"href":"https:\/\/teknapower.com.br\/index.php?rest_route=%2Fwp%2Fv2%2Fmedia&parent=1376"}],"wp:term":[{"taxonomy":"pwb-brand","embeddable":true,"href":"https:\/\/teknapower.com.br\/index.php?rest_route=%2Fwp%2Fv2%2Fpwb-brand&post=1376"},{"taxonomy":"product_cat","embeddable":true,"href":"https:\/\/teknapower.com.br\/index.php?rest_route=%2Fwp%2Fv2%2Fproduct_cat&post=1376"},{"taxonomy":"product_tag","embeddable":true,"href":"https:\/\/teknapower.com.br\/index.php?rest_route=%2Fwp%2Fv2%2Fproduct_tag&post=1376"}],"curies":[{"name":"wp","href":"https:\/\/api.w.org\/{rel}","templated":true}]}}