{"id":1373,"date":"2021-04-06T11:51:14","date_gmt":"2021-04-06T14:51:14","guid":{"rendered":"http:\/\/45.82.73.87\/tekna\/?post_type=product&#038;p=1373"},"modified":"2026-01-12T10:21:51","modified_gmt":"2026-01-12T13:21:51","slug":"cortador-de-grama-a-gasolina-t430grr37","status":"publish","type":"product","link":"https:\/\/teknapower.com.br\/?product=cortador-de-grama-a-gasolina-t430grr37","title":{"rendered":"Cortador de Grama a Gasolina Tekna \u2013 T430GRR37"},"content":{"rendered":"<p>O Cortador de Grama a Gasolina Tekna T430GRR37 \u00e9 ideal para manuten\u00e7\u00e3o do gramado em grandes \u00e1reas, tanto planas como irregulares. \u00c9 equipado com recolhedor traseiro capaz de armazenar at\u00e9 40 litros de grama, e l\u00e2mina de corte de 420 mm, que desempenham um trabalho de alto rendimento em menos tempo. Proporciona economia de combust\u00edvel e menor emiss\u00e3o de gases poluentes.<\/p>\n<p>\u2022 Pot\u00eancia 3.5 HP<br \/>\n\u2022 99 cilindradas<br \/>\n\u2022 Di\u00e2metro de corte \u00d8 420 mm<br \/>\n\u2022 Recolhedor Traseiro de 40 L<\/p>\n","protected":false},"excerpt":{"rendered":"<p>O Cortador de Grama Tekna \u00e9 equipado com motor 4 tempos a gasolina e 3.5 HP de pot\u00eancia. Disp\u00f5e de 5 ajustes de altura de corte e dupla fun\u00e7\u00e3o, recolhedor e sa\u00edda traseira de grama.<\/p>\n<p>\u2022 Com Dupla Fun\u00e7\u00e3o<br \/>\n\u2022 Rodas Traseiras de 7\u201d<br \/>\n\u2022 5 Alturas de corte<\/p>\n","protected":false},"featured_media":10004,"comment_status":"open","ping_status":"closed","template":"","meta":[],"pwb-brand":[],"product_cat":[59],"product_tag":[103,109,165,163,162,161],"class_list":{"0":"post-1373","1":"product","2":"type-product","3":"status-publish","4":"has-post-thumbnail","6":"product_cat-cortador-de-grama","7":"product_tag-cortador-de-grama","8":"product_tag-cortador-de-grama-a-gasolina","9":"product_tag-cortador-de-grama-a-gasolina-com-recolhedor","10":"product_tag-cuidados-com-o-campo","11":"product_tag-manutencao-do-gramado","12":"product_tag-maquina-de-cortar-grama-a-gasolina","14":"first","15":"instock","16":"shipping-taxable","17":"product-type-simple"},"brands":[],"_links":{"self":[{"href":"https:\/\/teknapower.com.br\/index.php?rest_route=\/wp\/v2\/product\/1373","targetHints":{"allow":["GET"]}}],"collection":[{"href":"https:\/\/teknapower.com.br\/index.php?rest_route=\/wp\/v2\/product"}],"about":[{"href":"https:\/\/teknapower.com.br\/index.php?rest_route=\/wp\/v2\/types\/product"}],"replies":[{"embeddable":true,"href":"https:\/\/teknapower.com.br\/index.php?rest_route=%2Fwp%2Fv2%2Fcomments&post=1373"}],"wp:featuredmedia":[{"embeddable":true,"href":"https:\/\/teknapower.com.br\/index.php?rest_route=\/wp\/v2\/media\/10004"}],"wp:attachment":[{"href":"https:\/\/teknapower.com.br\/index.php?rest_route=%2Fwp%2Fv2%2Fmedia&parent=1373"}],"wp:term":[{"taxonomy":"pwb-brand","embeddable":true,"href":"https:\/\/teknapower.com.br\/index.php?rest_route=%2Fwp%2Fv2%2Fpwb-brand&post=1373"},{"taxonomy":"product_cat","embeddable":true,"href":"https:\/\/teknapower.com.br\/index.php?rest_route=%2Fwp%2Fv2%2Fproduct_cat&post=1373"},{"taxonomy":"product_tag","embeddable":true,"href":"https:\/\/teknapower.com.br\/index.php?rest_route=%2Fwp%2Fv2%2Fproduct_tag&post=1373"}],"curies":[{"name":"wp","href":"https:\/\/api.w.org\/{rel}","templated":true}]}}