{"id":1317,"date":"2021-03-19T14:52:13","date_gmt":"2021-03-19T17:52:13","guid":{"rendered":"http:\/\/45.82.73.87\/tekna\/?post_type=product&#038;p=1317"},"modified":"2021-06-09T16:40:17","modified_gmt":"2021-06-09T19:40:17","slug":"motor-a-gasolina-m52xs","status":"publish","type":"product","link":"https:\/\/teknapower.com.br\/?product=motor-a-gasolina-m52xs","title":{"rendered":"Motor a Gasolina Tekna \u2013 M52XS"},"content":{"rendered":"<p>O Motor a Gasolina Tekna M52XS promove uma opera\u00e7\u00e3o segura e de alto desempenho com uma \u00f3tima rela\u00e7\u00e3o peso e pot\u00eancia. \u00c9 ideal para ser acoplado em perfuradores de solo e rabetas. Econ\u00f4mico e altamente resistente, proporciona baixo custo de manuten\u00e7\u00e3o.<\/p>\n<p>\u2022 Motor 2 Tempos<br \/>\n\u2022 51,7 cilindradas<br \/>\n\u2022 Pot\u00eancia de 2,5 HP<br \/>\n\u2022 Rota\u00e7\u00e3o M\u00e1xima \u2264 10000 rpm<br \/>\n\u2022 Combust\u00edvel Gasolina + \u00d3leo 2 Tempos<br \/>\n\u2022 Capacidade do Tanque de 0,95 L<\/p>\n","protected":false},"excerpt":{"rendered":"<p>O Motor a Gasolina Tekna, 2 tempos, monocil\u00edndrico, refrigerado a ar foi desenvolvido com pe\u00e7as de grande durabilidade e qualidade. Com pot\u00eancia 2,5 HP e 51,7 cilindradas, \u00e9 leve, compacto, e econ\u00f4mico.<\/p>\n<p>\u2022 Multi\u00faso<br \/>\n\u2022 Compacto<br \/>\n\u2022 Sistema de partida Manual Retr\u00e1til<\/p>\n","protected":false},"featured_media":1318,"comment_status":"open","ping_status":"closed","template":"","meta":[],"pwb-brand":[],"product_cat":[43],"product_tag":[89,90,222,223,92,224,225],"class_list":{"0":"post-1317","1":"product","2":"type-product","3":"status-publish","4":"has-post-thumbnail","6":"product_cat-motores","7":"product_tag-motor","8":"product_tag-motor-a-gasolina","9":"product_tag-motor-a-gasolina-multiuso","10":"product_tag-motor-a-gasolina-para-rocadeira","11":"product_tag-motor-horizontal","12":"product_tag-motor-para-montar-perfurador-de-solo","13":"product_tag-motor-para-rabeta","15":"first","16":"instock","17":"shipping-taxable","18":"product-type-simple"},"brands":[],"_links":{"self":[{"href":"https:\/\/teknapower.com.br\/index.php?rest_route=\/wp\/v2\/product\/1317","targetHints":{"allow":["GET"]}}],"collection":[{"href":"https:\/\/teknapower.com.br\/index.php?rest_route=\/wp\/v2\/product"}],"about":[{"href":"https:\/\/teknapower.com.br\/index.php?rest_route=\/wp\/v2\/types\/product"}],"replies":[{"embeddable":true,"href":"https:\/\/teknapower.com.br\/index.php?rest_route=%2Fwp%2Fv2%2Fcomments&post=1317"}],"wp:featuredmedia":[{"embeddable":true,"href":"https:\/\/teknapower.com.br\/index.php?rest_route=\/wp\/v2\/media\/1318"}],"wp:attachment":[{"href":"https:\/\/teknapower.com.br\/index.php?rest_route=%2Fwp%2Fv2%2Fmedia&parent=1317"}],"wp:term":[{"taxonomy":"pwb-brand","embeddable":true,"href":"https:\/\/teknapower.com.br\/index.php?rest_route=%2Fwp%2Fv2%2Fpwb-brand&post=1317"},{"taxonomy":"product_cat","embeddable":true,"href":"https:\/\/teknapower.com.br\/index.php?rest_route=%2Fwp%2Fv2%2Fproduct_cat&post=1317"},{"taxonomy":"product_tag","embeddable":true,"href":"https:\/\/teknapower.com.br\/index.php?rest_route=%2Fwp%2Fv2%2Fproduct_tag&post=1317"}],"curies":[{"name":"wp","href":"https:\/\/api.w.org\/{rel}","templated":true}]}}