{"id":1311,"date":"2021-03-19T14:38:24","date_gmt":"2021-03-19T17:38:24","guid":{"rendered":"http:\/\/45.82.73.87\/tekna\/?post_type=product&#038;p=1311"},"modified":"2021-06-09T16:49:17","modified_gmt":"2021-06-09T19:49:17","slug":"motor-a-gasolina-m260tky","status":"publish","type":"product","link":"https:\/\/teknapower.com.br\/?product=motor-a-gasolina-m260tky","title":{"rendered":"Motor a Gasolina Tekna &#8211; M260TKY"},"content":{"rendered":"<p>O Motor a Gasolina Tekna M260TKY apresenta uma \u00f3tima rela\u00e7\u00e3o peso e pot\u00eancia e um acoplamento padr\u00e3o, o que facilita o seu encaixe em diversos equipamentos, mantendo equil\u00edbrio e garantindo praticidade ao us\u00e1-lo. Proporciona baixo custo de manuten\u00e7\u00e3o e possui uma partida super leve que facilita o acionamento do motor. Foi desenvolvido para ser acoplado a diversos equipamentos como ro\u00e7adeiras, multifuncionais e produtos similares.<\/p>\n<p>\u2022 Motor 2 Tempos<br \/>\n\u2022 25,4 cilindradas<br \/>\n\u2022 Pot\u00eancia de 1.0 HP<br \/>\n\u2022 Rota\u00e7\u00e3o M\u00e1xima \u2264 11000 rpm<br \/>\n\u2022 Combust\u00edvel Gasolina + \u00d3leo 2 Tempos<br \/>\n\u2022 Capacidade do Tanque de 0,65 L<\/p>\n","protected":false},"excerpt":{"rendered":"<p>O Motor a Gasolina Tekna, 2 tempos, monocil\u00edndrico, refrigerado a ar foi desenvolvido para atuar em diversos equipamentos.<\/p>\n<p>\u2022 Multi\u00faso<br \/>\n\u2022 Com vela Champion<br \/>\n\u2022 Sistema de partida Manual Retr\u00e1til<\/p>\n","protected":false},"featured_media":1312,"comment_status":"open","ping_status":"closed","template":"","meta":[],"pwb-brand":[],"product_cat":[43],"product_tag":[89,90,222,223,92,226],"class_list":{"0":"post-1311","1":"product","2":"type-product","3":"status-publish","4":"has-post-thumbnail","6":"product_cat-motores","7":"product_tag-motor","8":"product_tag-motor-a-gasolina","9":"product_tag-motor-a-gasolina-multiuso","10":"product_tag-motor-a-gasolina-para-rocadeira","11":"product_tag-motor-horizontal","12":"product_tag-motor-para-montar-rocadeiras","14":"first","15":"instock","16":"shipping-taxable","17":"product-type-simple"},"brands":[],"_links":{"self":[{"href":"https:\/\/teknapower.com.br\/index.php?rest_route=\/wp\/v2\/product\/1311","targetHints":{"allow":["GET"]}}],"collection":[{"href":"https:\/\/teknapower.com.br\/index.php?rest_route=\/wp\/v2\/product"}],"about":[{"href":"https:\/\/teknapower.com.br\/index.php?rest_route=\/wp\/v2\/types\/product"}],"replies":[{"embeddable":true,"href":"https:\/\/teknapower.com.br\/index.php?rest_route=%2Fwp%2Fv2%2Fcomments&post=1311"}],"wp:featuredmedia":[{"embeddable":true,"href":"https:\/\/teknapower.com.br\/index.php?rest_route=\/wp\/v2\/media\/1312"}],"wp:attachment":[{"href":"https:\/\/teknapower.com.br\/index.php?rest_route=%2Fwp%2Fv2%2Fmedia&parent=1311"}],"wp:term":[{"taxonomy":"pwb-brand","embeddable":true,"href":"https:\/\/teknapower.com.br\/index.php?rest_route=%2Fwp%2Fv2%2Fpwb-brand&post=1311"},{"taxonomy":"product_cat","embeddable":true,"href":"https:\/\/teknapower.com.br\/index.php?rest_route=%2Fwp%2Fv2%2Fproduct_cat&post=1311"},{"taxonomy":"product_tag","embeddable":true,"href":"https:\/\/teknapower.com.br\/index.php?rest_route=%2Fwp%2Fv2%2Fproduct_tag&post=1311"}],"curies":[{"name":"wp","href":"https:\/\/api.w.org\/{rel}","templated":true}]}}