{"id":1299,"date":"2021-03-19T09:30:29","date_gmt":"2021-03-19T12:30:29","guid":{"rendered":"http:\/\/45.82.73.87\/tekna\/?post_type=product&#038;p=1299"},"modified":"2021-06-09T15:39:29","modified_gmt":"2021-06-09T18:39:29","slug":"sopro-aspirador-eletrico-vb2101e","status":"publish","type":"product","link":"https:\/\/teknapower.com.br\/?product=sopro-aspirador-eletrico-vb2101e","title":{"rendered":"Sopro Aspirador El\u00e9trico Tekna \u2013 VB2101E"},"content":{"rendered":"<p>Com o Sopro Aspirador Tekna VB2101E \u00e9 poss\u00edvel remover sujeiras e manter limpas \u00e1reas verdes como ch\u00e1caras, s\u00edtios e ro\u00e7adas em geral, de forma pr\u00e1tica e eficaz. As suas rodas frontais de apoio guiam o tubo, facilitando a opera\u00e7\u00e3o n\u00e3o s\u00f3 em terremos planos como tamb\u00e9m em terrenos irregulares. Com dupla fun\u00e7\u00e3o de Soprar e Aspirar e capacidade de vaz\u00e3o de 12 m\u00b3\/min, torna-se um produto essencial para a limpeza do jardim.<\/p>\n<p>\u2022 Pot\u00eancia do motor de 2000 W<br \/>\n\u2022 Vaz\u00e3o de fluxo de 12 m\u00b3\/min<br \/>\n\u2022 Velocidade M\u00e1xima do Ar de 270 km\/h<br \/>\n\u2022 Tens\u00e3o 220 V<\/p>\n","protected":false},"excerpt":{"rendered":"<p>Sopro Aspirador El\u00e9trico Tekna com 2000 W de pot\u00eancia, bolsa coletora e velocidade de sa\u00edda de ar que alcan\u00e7a 270 km\/h, capaz de soprar ou sugar folhas e res\u00edduos.<\/p>\n<p>\u2022 Sopra e Aspira<br \/>\n\u2022 Com rodas frontais de apoio<br \/>\n\u2022 Bolsa coletora de 40 L<\/p>\n","protected":false},"featured_media":1300,"comment_status":"open","ping_status":"closed","template":"","meta":[],"pwb-brand":[],"product_cat":[40,64],"product_tag":[170,212,87,213,211,88],"class_list":{"0":"post-1299","1":"product","2":"type-product","3":"status-publish","4":"has-post-thumbnail","6":"product_cat-jardim","7":"product_cat-sopro-aspirador","8":"product_tag-cuidados-com-o-jardim","9":"product_tag-limpeza-do-jardim","10":"product_tag-sopro-aspirador","11":"product_tag-sopro-aspirador-220-v","12":"product_tag-sopro-aspirador-com-bolsa-coletora","13":"product_tag-sopro-aspirador-eletrico","15":"first","16":"instock","17":"shipping-taxable","18":"product-type-simple"},"brands":[],"_links":{"self":[{"href":"https:\/\/teknapower.com.br\/index.php?rest_route=\/wp\/v2\/product\/1299","targetHints":{"allow":["GET"]}}],"collection":[{"href":"https:\/\/teknapower.com.br\/index.php?rest_route=\/wp\/v2\/product"}],"about":[{"href":"https:\/\/teknapower.com.br\/index.php?rest_route=\/wp\/v2\/types\/product"}],"replies":[{"embeddable":true,"href":"https:\/\/teknapower.com.br\/index.php?rest_route=%2Fwp%2Fv2%2Fcomments&post=1299"}],"wp:featuredmedia":[{"embeddable":true,"href":"https:\/\/teknapower.com.br\/index.php?rest_route=\/wp\/v2\/media\/1300"}],"wp:attachment":[{"href":"https:\/\/teknapower.com.br\/index.php?rest_route=%2Fwp%2Fv2%2Fmedia&parent=1299"}],"wp:term":[{"taxonomy":"pwb-brand","embeddable":true,"href":"https:\/\/teknapower.com.br\/index.php?rest_route=%2Fwp%2Fv2%2Fpwb-brand&post=1299"},{"taxonomy":"product_cat","embeddable":true,"href":"https:\/\/teknapower.com.br\/index.php?rest_route=%2Fwp%2Fv2%2Fproduct_cat&post=1299"},{"taxonomy":"product_tag","embeddable":true,"href":"https:\/\/teknapower.com.br\/index.php?rest_route=%2Fwp%2Fv2%2Fproduct_tag&post=1299"}],"curies":[{"name":"wp","href":"https:\/\/api.w.org\/{rel}","templated":true}]}}