{"id":1277,"date":"2021-03-12T15:16:21","date_gmt":"2021-03-12T18:16:21","guid":{"rendered":"http:\/\/45.82.73.87\/tekna\/?post_type=product&#038;p=1277"},"modified":"2024-11-11T17:48:58","modified_gmt":"2024-11-11T20:48:58","slug":"compressor-de-ar-cd12251k","status":"publish","type":"product","link":"https:\/\/teknapower.com.br\/?product=compressor-de-ar-cd12251k","title":{"rendered":"Compressor de Ar Tekna \u2013 CD1251BK"},"content":{"rendered":"<p>Leve e de f\u00e1cil manuseio o Compressor de Ar Direto Tekna conta com fluxo de ar cont\u00ednuo de 68 L\/min, o que garante alta qualidade de pulveriza\u00e7\u00e3o. \u00c9 uma \u00f3tima op\u00e7\u00e3o para necessidades dom\u00e9sticas em trabalhos leves como: inflar boias, bolas e bal\u00f5es, pinturas de atelier, artesanatos e calibragem de pneus. Al\u00e9m de suas variadas aplica\u00e7\u00f5es, conta tamb\u00e9m com um kit completo de acess\u00f3rios. \u00c9 compacto e pode ser guardado e transportado com facilidade e comodidade.<\/p>\n<p>\u2022 Pot\u00eancia do motor de \u00bc HP<br \/>\n\u2022 Press\u00e3o m\u00e1xima de 50 psi<br \/>\n\u2022 Fluxo de Ar de 68 L\/min<br \/>\n\u2022 Tens\u00e3o 220 V<\/p>\n","protected":false},"excerpt":{"rendered":"<p>O Compressor de Ar direto Tekna com motor el\u00e9trico com \u00bc HP de pot\u00eancia proporciona baixo consumo de energia, excelente para uso ocasional.<\/p>\n<p>\u2022 Kit de Acess\u00f3rios<br \/>\n\u2022 Com p\u00e9s de borracha<br \/>\n\u2022 Fluxo de Ar cont\u00ednuo<br \/>\n\u2022 Baixo consumo de energia<\/p>\n","protected":false},"featured_media":1278,"comment_status":"open","ping_status":"closed","template":"","meta":[],"pwb-brand":[],"product_cat":[28],"product_tag":[84,85,229,227],"class_list":{"0":"post-1277","1":"product","2":"type-product","3":"status-publish","4":"has-post-thumbnail","6":"product_cat-compressores-de-ar","7":"product_tag-compressor","8":"product_tag-compressor-de-ar","9":"product_tag-compressor-de-ar-direto-220-v","10":"product_tag-compressor-de-ar-direto-com-kit-de-acessorios","12":"first","13":"instock","14":"shipping-taxable","15":"product-type-simple"},"brands":[],"_links":{"self":[{"href":"https:\/\/teknapower.com.br\/index.php?rest_route=\/wp\/v2\/product\/1277","targetHints":{"allow":["GET"]}}],"collection":[{"href":"https:\/\/teknapower.com.br\/index.php?rest_route=\/wp\/v2\/product"}],"about":[{"href":"https:\/\/teknapower.com.br\/index.php?rest_route=\/wp\/v2\/types\/product"}],"replies":[{"embeddable":true,"href":"https:\/\/teknapower.com.br\/index.php?rest_route=%2Fwp%2Fv2%2Fcomments&post=1277"}],"wp:featuredmedia":[{"embeddable":true,"href":"https:\/\/teknapower.com.br\/index.php?rest_route=\/wp\/v2\/media\/1278"}],"wp:attachment":[{"href":"https:\/\/teknapower.com.br\/index.php?rest_route=%2Fwp%2Fv2%2Fmedia&parent=1277"}],"wp:term":[{"taxonomy":"pwb-brand","embeddable":true,"href":"https:\/\/teknapower.com.br\/index.php?rest_route=%2Fwp%2Fv2%2Fpwb-brand&post=1277"},{"taxonomy":"product_cat","embeddable":true,"href":"https:\/\/teknapower.com.br\/index.php?rest_route=%2Fwp%2Fv2%2Fproduct_cat&post=1277"},{"taxonomy":"product_tag","embeddable":true,"href":"https:\/\/teknapower.com.br\/index.php?rest_route=%2Fwp%2Fv2%2Fproduct_tag&post=1277"}],"curies":[{"name":"wp","href":"https:\/\/api.w.org\/{rel}","templated":true}]}}