{"id":12182,"date":"2026-03-30T16:51:06","date_gmt":"2026-03-30T19:51:06","guid":{"rendered":"https:\/\/teknapower.com.br\/?post_type=product&#038;p=12182"},"modified":"2026-03-30T17:09:27","modified_gmt":"2026-03-30T20:09:27","slug":"aparador-de-grama-eletrico-tt1000sb-127v","status":"publish","type":"product","link":"https:\/\/teknapower.com.br\/?product=aparador-de-grama-eletrico-tt1000sb-127v","title":{"rendered":"Aparador de Grama El\u00e9trico TT1000SB | 127V"},"content":{"rendered":"<p>Equipado com motor de 900W, o aparador de grama TT1000 oferece capacidade para realizar cortes precisos e eficientes na grama. Di\u00e2metro de 280mm de corte e o carretel Bate-Libera permite acabamento impec\u00e1vel com o avan\u00e7o do fio de nylon r\u00e1pido e autom\u00e1tico.<\/p>\n<ul>\n<li style=\"text-align: left;\">127v<\/li>\n<li style=\"text-align: left;\">Motor de 900 W de pot\u00eancia<\/li>\n<li style=\"text-align: left;\">Motor escovas de carbono<\/li>\n<li style=\"text-align: left;\">280 \u00d8<\/li>\n<li style=\"text-align: left;\">Frequ\u00eancia de 60Hz<\/li>\n<\/ul>\n","protected":false},"excerpt":{"rendered":"<p>Com o design leve e compacto, e a empunhadura frontal regul\u00e1vel, permite adaptar o manuseio e a altura conforme a comodidade do operador. Seguran\u00e7a e durabilidade s\u00e3o garantidas pelo Duplo Isolamento e motor com escovas de carbono.<\/p>\n<ul>\n<li>Ideal para manuten\u00e7\u00e3o e limpezas de arestas de jardins e \u00e1reas de gramado.<\/li>\n<li>Empunhadura frontal regul\u00e1vel<\/li>\n<li>Saia de prote\u00e7\u00e3o<\/li>\n<li>Carretel Bate-libera<\/li>\n<\/ul>\n","protected":false},"featured_media":12183,"comment_status":"open","ping_status":"closed","template":"","meta":[],"pwb-brand":[],"product_cat":[40,58],"product_tag":[],"class_list":{"0":"post-12182","1":"product","2":"type-product","3":"status-publish","4":"has-post-thumbnail","6":"product_cat-jardim","7":"product_cat-aparador-de-grama","9":"first","10":"instock","11":"shipping-taxable","12":"product-type-simple"},"brands":[],"_links":{"self":[{"href":"https:\/\/teknapower.com.br\/index.php?rest_route=\/wp\/v2\/product\/12182","targetHints":{"allow":["GET"]}}],"collection":[{"href":"https:\/\/teknapower.com.br\/index.php?rest_route=\/wp\/v2\/product"}],"about":[{"href":"https:\/\/teknapower.com.br\/index.php?rest_route=\/wp\/v2\/types\/product"}],"replies":[{"embeddable":true,"href":"https:\/\/teknapower.com.br\/index.php?rest_route=%2Fwp%2Fv2%2Fcomments&post=12182"}],"wp:featuredmedia":[{"embeddable":true,"href":"https:\/\/teknapower.com.br\/index.php?rest_route=\/wp\/v2\/media\/12183"}],"wp:attachment":[{"href":"https:\/\/teknapower.com.br\/index.php?rest_route=%2Fwp%2Fv2%2Fmedia&parent=12182"}],"wp:term":[{"taxonomy":"pwb-brand","embeddable":true,"href":"https:\/\/teknapower.com.br\/index.php?rest_route=%2Fwp%2Fv2%2Fpwb-brand&post=12182"},{"taxonomy":"product_cat","embeddable":true,"href":"https:\/\/teknapower.com.br\/index.php?rest_route=%2Fwp%2Fv2%2Fproduct_cat&post=12182"},{"taxonomy":"product_tag","embeddable":true,"href":"https:\/\/teknapower.com.br\/index.php?rest_route=%2Fwp%2Fv2%2Fproduct_tag&post=12182"}],"curies":[{"name":"wp","href":"https:\/\/api.w.org\/{rel}","templated":true}]}}