{"id":12141,"date":"2026-02-11T17:29:38","date_gmt":"2026-02-11T20:29:38","guid":{"rendered":"https:\/\/teknapower.com.br\/?post_type=product&#038;p=12141"},"modified":"2026-02-13T09:12:18","modified_gmt":"2026-02-13T12:12:18","slug":"compressor-de-ar-cp8550t-1ck3-127v","status":"publish","type":"product","link":"https:\/\/teknapower.com.br\/?product=compressor-de-ar-cp8550t-1ck3-127v","title":{"rendered":"Compressor de ar CP8550T-1CK3 &#8211; 127V"},"content":{"rendered":"<p>Eficiente e vers\u00e1til, destaca-se pela efici\u00eancia energ\u00e9tica e seguran\u00e7a, com auto desligamento, v\u00e1lvulas de seguran\u00e7a, 2 sa\u00eddas de ar com engate r\u00e1pido e 2 man\u00f4metros. Com rodas maiores e p\u00e9s de borrachas, reduz a vibra\u00e7\u00e3o e garante praticidade e durabilidade.<\/p>\n<p>Acompanha kit de acess\u00f3rios com uma pistola de limpeza, uma pistola de pintura e uma mangueira.<\/p>\n<ul>\n<li>Tens\u00e3o: 127V<\/li>\n<li>Regime intermitente<\/li>\n<li>Pot\u00eancia do motor de 2,5HP<\/li>\n<li>Press\u00e3o m\u00e1xima de 8 Bar<\/li>\n<li>Volume de \u00f3leo de 300 ml<\/li>\n<li>Reservat\u00f3rio de 50 L<\/li>\n<\/ul>\n","protected":false},"excerpt":{"rendered":"<p>Indicado para servi\u00e7os automotivos, pintura, limpeza e pequenos reparos, o compressor <strong>CP8550T-1CK3 se destaca pela efici\u00eancia energ\u00e9tica e seguran\u00e7a.<\/strong><\/p>\n<p>Com a estrutura refor\u00e7ada, motor potente e tanque com maior capacidade real, este compressor oferece desempenho superior aos modelos compactos convencionais.<\/p>\n","protected":false},"featured_media":12139,"comment_status":"open","ping_status":"closed","template":"","meta":[],"pwb-brand":[],"product_cat":[28],"product_tag":[],"class_list":{"0":"post-12141","1":"product","2":"type-product","3":"status-publish","4":"has-post-thumbnail","6":"product_cat-compressores-de-ar","8":"first","9":"instock","10":"shipping-taxable","11":"product-type-simple"},"brands":[],"_links":{"self":[{"href":"https:\/\/teknapower.com.br\/index.php?rest_route=\/wp\/v2\/product\/12141","targetHints":{"allow":["GET"]}}],"collection":[{"href":"https:\/\/teknapower.com.br\/index.php?rest_route=\/wp\/v2\/product"}],"about":[{"href":"https:\/\/teknapower.com.br\/index.php?rest_route=\/wp\/v2\/types\/product"}],"replies":[{"embeddable":true,"href":"https:\/\/teknapower.com.br\/index.php?rest_route=%2Fwp%2Fv2%2Fcomments&post=12141"}],"wp:featuredmedia":[{"embeddable":true,"href":"https:\/\/teknapower.com.br\/index.php?rest_route=\/wp\/v2\/media\/12139"}],"wp:attachment":[{"href":"https:\/\/teknapower.com.br\/index.php?rest_route=%2Fwp%2Fv2%2Fmedia&parent=12141"}],"wp:term":[{"taxonomy":"pwb-brand","embeddable":true,"href":"https:\/\/teknapower.com.br\/index.php?rest_route=%2Fwp%2Fv2%2Fpwb-brand&post=12141"},{"taxonomy":"product_cat","embeddable":true,"href":"https:\/\/teknapower.com.br\/index.php?rest_route=%2Fwp%2Fv2%2Fproduct_cat&post=12141"},{"taxonomy":"product_tag","embeddable":true,"href":"https:\/\/teknapower.com.br\/index.php?rest_route=%2Fwp%2Fv2%2Fproduct_tag&post=12141"}],"curies":[{"name":"wp","href":"https:\/\/api.w.org\/{rel}","templated":true}]}}