{"id":12131,"date":"2026-02-11T17:00:19","date_gmt":"2026-02-11T20:00:19","guid":{"rendered":"https:\/\/teknapower.com.br\/?post_type=product&#038;p=12131"},"modified":"2026-02-13T09:11:10","modified_gmt":"2026-02-13T12:11:10","slug":"compressor-de-ar-cp8525t-1c-127v","status":"publish","type":"product","link":"https:\/\/teknapower.com.br\/?product=compressor-de-ar-cp8525t-1c-127v","title":{"rendered":"Compressor de ar CP8525T-1C &#8211; 127V"},"content":{"rendered":"<p>Robusto e potente, possui 2 sa\u00eddas de ar, engate r\u00e1pido, 2 man\u00f4metros e regulador de press\u00e3o. \u00a0Com rodas maiores e p\u00e9s de borrachas, reduz a vibra\u00e7\u00e3o e garante praticidade e durabilidade.<\/p>\n<ul>\n<li>Tens\u00e3o: 127V<\/li>\n<li>Regime intermitente<\/li>\n<li>Pot\u00eancia do motor de 2,5HP<\/li>\n<li>Press\u00e3o m\u00e1xima de 8 Bar<\/li>\n<li>Volume de \u00f3leo de 300 ml<\/li>\n<li>Reservat\u00f3rio de 24 L<\/li>\n<\/ul>\n","protected":false},"excerpt":{"rendered":"<p>Ideal para pinturas, limpeza de pe\u00e7as e calibra\u00e7\u00e3o de pneus, o <strong>CP8525T-1C \u00e9 um compressor top de linha<\/strong>, com estrutura robusta, motor potente e tanque com maior capacidade real.<\/p>\n<p>Feito com materiais de primeira linha, garantindo mais for\u00e7a e durabilidade durante o trabalho.<\/p>\n","protected":false},"featured_media":12132,"comment_status":"open","ping_status":"closed","template":"","meta":[],"pwb-brand":[],"product_cat":[28],"product_tag":[],"class_list":{"0":"post-12131","1":"product","2":"type-product","3":"status-publish","4":"has-post-thumbnail","6":"product_cat-compressores-de-ar","8":"first","9":"instock","10":"shipping-taxable","11":"product-type-simple"},"brands":[],"_links":{"self":[{"href":"https:\/\/teknapower.com.br\/index.php?rest_route=\/wp\/v2\/product\/12131","targetHints":{"allow":["GET"]}}],"collection":[{"href":"https:\/\/teknapower.com.br\/index.php?rest_route=\/wp\/v2\/product"}],"about":[{"href":"https:\/\/teknapower.com.br\/index.php?rest_route=\/wp\/v2\/types\/product"}],"replies":[{"embeddable":true,"href":"https:\/\/teknapower.com.br\/index.php?rest_route=%2Fwp%2Fv2%2Fcomments&post=12131"}],"wp:featuredmedia":[{"embeddable":true,"href":"https:\/\/teknapower.com.br\/index.php?rest_route=\/wp\/v2\/media\/12132"}],"wp:attachment":[{"href":"https:\/\/teknapower.com.br\/index.php?rest_route=%2Fwp%2Fv2%2Fmedia&parent=12131"}],"wp:term":[{"taxonomy":"pwb-brand","embeddable":true,"href":"https:\/\/teknapower.com.br\/index.php?rest_route=%2Fwp%2Fv2%2Fpwb-brand&post=12131"},{"taxonomy":"product_cat","embeddable":true,"href":"https:\/\/teknapower.com.br\/index.php?rest_route=%2Fwp%2Fv2%2Fproduct_cat&post=12131"},{"taxonomy":"product_tag","embeddable":true,"href":"https:\/\/teknapower.com.br\/index.php?rest_route=%2Fwp%2Fv2%2Fproduct_tag&post=12131"}],"curies":[{"name":"wp","href":"https:\/\/api.w.org\/{rel}","templated":true}]}}