{"id":12047,"date":"2026-01-19T08:13:32","date_gmt":"2026-01-19T11:13:32","guid":{"rendered":"https:\/\/teknapower.com.br\/?post_type=product&#038;p=12047"},"modified":"2026-02-04T14:56:55","modified_gmt":"2026-02-04T17:56:55","slug":"cortador-de-grama-a-gasolina-tekna-t500g60la","status":"publish","type":"product","link":"https:\/\/teknapower.com.br\/?product=cortador-de-grama-a-gasolina-tekna-t500g60la","title":{"rendered":"Cortador de Grama a Gasolina Tekna \u2013 T500G60LA"},"content":{"rendered":"<p>O Cortador de Grama a Gasolina Tekna T500G60LA garante autonomia e pot\u00eancia, com performance profissional no seu jardim, com sa\u00edda lateral para descarte pr\u00e1tico e eficiente durante o corte. Design compacto e ergon\u00f4mico, garante f\u00e1cil transporte e armazenamento.<\/p>\n<ul>\n<li>Pot\u00eancia 6 HP<\/li>\n<li>Di\u00e2metro de corte \u00d8 51 cm<\/li>\n<li>173 cc<\/li>\n<li>Partida manual retr\u00e1til<\/li>\n<li>Rodas rolamentadas<\/li>\n<\/ul>\n","protected":false},"excerpt":{"rendered":"<p>O Cortador de Grama Tekna T500G60LA \u00e9 equipado com motor vertical OHV 4 tempos a gasolina, refrigerado a ar, e 6 HP de pot\u00eancia. Possui 5 alturas de corte e funcionalidade 2 em 1 e sistema de partida manual retr\u00e1til.<\/p>\n<ul>\n<li>Sa\u00edda Lateral e Reciclador<\/li>\n<li>5 Alturas de corte<\/li>\n<li>Rodas dianteiras de 7\u201d<\/li>\n<li>Rodas traseiras de 11\u201d<\/li>\n<\/ul>\n","protected":false},"featured_media":12046,"comment_status":"open","ping_status":"closed","template":"","meta":[],"pwb-brand":[],"product_cat":[40,59],"product_tag":[],"class_list":{"0":"post-12047","1":"product","2":"type-product","3":"status-publish","4":"has-post-thumbnail","6":"product_cat-jardim","7":"product_cat-cortador-de-grama","9":"first","10":"instock","11":"shipping-taxable","12":"product-type-simple"},"brands":[],"_links":{"self":[{"href":"https:\/\/teknapower.com.br\/index.php?rest_route=\/wp\/v2\/product\/12047","targetHints":{"allow":["GET"]}}],"collection":[{"href":"https:\/\/teknapower.com.br\/index.php?rest_route=\/wp\/v2\/product"}],"about":[{"href":"https:\/\/teknapower.com.br\/index.php?rest_route=\/wp\/v2\/types\/product"}],"replies":[{"embeddable":true,"href":"https:\/\/teknapower.com.br\/index.php?rest_route=%2Fwp%2Fv2%2Fcomments&post=12047"}],"wp:featuredmedia":[{"embeddable":true,"href":"https:\/\/teknapower.com.br\/index.php?rest_route=\/wp\/v2\/media\/12046"}],"wp:attachment":[{"href":"https:\/\/teknapower.com.br\/index.php?rest_route=%2Fwp%2Fv2%2Fmedia&parent=12047"}],"wp:term":[{"taxonomy":"pwb-brand","embeddable":true,"href":"https:\/\/teknapower.com.br\/index.php?rest_route=%2Fwp%2Fv2%2Fpwb-brand&post=12047"},{"taxonomy":"product_cat","embeddable":true,"href":"https:\/\/teknapower.com.br\/index.php?rest_route=%2Fwp%2Fv2%2Fproduct_cat&post=12047"},{"taxonomy":"product_tag","embeddable":true,"href":"https:\/\/teknapower.com.br\/index.php?rest_route=%2Fwp%2Fv2%2Fproduct_tag&post=12047"}],"curies":[{"name":"wp","href":"https:\/\/api.w.org\/{rel}","templated":true}]}}