{"id":12042,"date":"2026-01-19T09:00:31","date_gmt":"2026-01-19T12:00:31","guid":{"rendered":"https:\/\/teknapower.com.br\/?post_type=product&#038;p=12042"},"modified":"2026-01-21T11:40:14","modified_gmt":"2026-01-21T14:40:14","slug":"cortador-de-grama-a-gasolina-tekna-t430g40r","status":"publish","type":"product","link":"https:\/\/teknapower.com.br\/?product=cortador-de-grama-a-gasolina-tekna-t430g40r","title":{"rendered":"Cortador de Grama a Gasolina Tekna &#8211; T430G40R"},"content":{"rendered":"<p>O Cortador de Grama a Gasolina Tekna T430G40R \u00e9 ideal para gramados maiores que exigem acabamento profissional com recolhimento de grama, garantindo um visual organizado e bem cuidado. \u00c9 equipado com recolhedor traseiro com capacidade de at\u00e9 45 litros e 420 mm de di\u00e2metro de corte.<\/p>\n<ul>\n<li>Pot\u00eancia 4 HP<\/li>\n<li>Di\u00e2metro de corte \u00d8 42 cm<\/li>\n<li>130 cc<\/li>\n<li>Partida manual retr\u00e1til<\/li>\n<\/ul>\n","protected":false},"excerpt":{"rendered":"<p>O Cortador de Grama Tekna T430G40R \u00e9 equipado com motor vertical OHV 4 tempos a gasolina e 4 HP de pot\u00eancia. Possui 7 alturas de corte e funcionalidade 2 em 1, sa\u00edda lateral e reciclador.<\/p>\n<ul>\n<li>Sa\u00edda Lateral e Reciclador<\/li>\n<li>7 Alturas de corte<\/li>\n<li>Rodas traseiras de 8\u201d<\/li>\n<li>Rodas dianteiras de 7\u201d<\/li>\n<li>Recolhedor de gama<\/li>\n<\/ul>\n","protected":false},"featured_media":12044,"comment_status":"open","ping_status":"closed","template":"","meta":[],"pwb-brand":[],"product_cat":[40,59],"product_tag":[],"class_list":{"0":"post-12042","1":"product","2":"type-product","3":"status-publish","4":"has-post-thumbnail","6":"product_cat-jardim","7":"product_cat-cortador-de-grama","9":"first","10":"instock","11":"shipping-taxable","12":"product-type-simple"},"brands":[],"_links":{"self":[{"href":"https:\/\/teknapower.com.br\/index.php?rest_route=\/wp\/v2\/product\/12042","targetHints":{"allow":["GET"]}}],"collection":[{"href":"https:\/\/teknapower.com.br\/index.php?rest_route=\/wp\/v2\/product"}],"about":[{"href":"https:\/\/teknapower.com.br\/index.php?rest_route=\/wp\/v2\/types\/product"}],"replies":[{"embeddable":true,"href":"https:\/\/teknapower.com.br\/index.php?rest_route=%2Fwp%2Fv2%2Fcomments&post=12042"}],"wp:featuredmedia":[{"embeddable":true,"href":"https:\/\/teknapower.com.br\/index.php?rest_route=\/wp\/v2\/media\/12044"}],"wp:attachment":[{"href":"https:\/\/teknapower.com.br\/index.php?rest_route=%2Fwp%2Fv2%2Fmedia&parent=12042"}],"wp:term":[{"taxonomy":"pwb-brand","embeddable":true,"href":"https:\/\/teknapower.com.br\/index.php?rest_route=%2Fwp%2Fv2%2Fpwb-brand&post=12042"},{"taxonomy":"product_cat","embeddable":true,"href":"https:\/\/teknapower.com.br\/index.php?rest_route=%2Fwp%2Fv2%2Fproduct_cat&post=12042"},{"taxonomy":"product_tag","embeddable":true,"href":"https:\/\/teknapower.com.br\/index.php?rest_route=%2Fwp%2Fv2%2Fproduct_tag&post=12042"}],"curies":[{"name":"wp","href":"https:\/\/api.w.org\/{rel}","templated":true}]}}