{"id":11921,"date":"2026-01-12T09:03:09","date_gmt":"2026-01-12T12:03:09","guid":{"rendered":"https:\/\/teknapower.com.br\/produto\/lavadora-de-alta-pressao-eletrica-tekna-smart-wash-tk4-127v-copy\/"},"modified":"2026-01-12T09:56:36","modified_gmt":"2026-01-12T12:56:36","slug":"lavadora-de-alta-pressao-eletrica-tekna-smart-wash-tk4-220v","status":"publish","type":"product","link":"https:\/\/teknapower.com.br\/?product=lavadora-de-alta-pressao-eletrica-tekna-smart-wash-tk4-220v","title":{"rendered":"Lavadora de Alta Press\u00e3o El\u00e9trica Tekna \u2013 Smart Wash TK4| 220V"},"content":{"rendered":"<p>A Lavadora de Alta Press\u00e3o Smart Wash TK4 conta com press\u00e3o m\u00e1xima de 17 MPa que realiza uma limpeza eficiente e evita o desperd\u00edcio de \u00e1gua. Garante uma opera\u00e7\u00e3o segura com motor com prote\u00e7\u00e3o t\u00e9rmica, um sistema que interrompe o funcionamento em caso de superaquecimento. A lavadora tamb\u00e9m conta com sistema de suc\u00e7\u00e3o de \u00e1gua, podendo ser alimentada por torneiras ou reservat\u00f3rios, como ton\u00e9is e cisternas.<\/p>\n<p>\u00c9 indicada para lavar cal\u00e7adas, pisos, autom\u00f3veis e remover at\u00e9 as sujeiras mais pesadas de \u00e1reas externas. Seu kit de acess\u00f3rios inclui pistola, mangueira de 6 metros, pistola e lan\u00e7a com bico regul\u00e1vel.<\/p>\n<ul>\n<li>Leve e compacta<\/li>\n<li>Motor el\u00e9trico de escovas<\/li>\n<li>Pot\u00eancia de 2500 W<\/li>\n<li>Press\u00e3o m\u00e1xima de 17 MPa<\/li>\n<li>Vaz\u00e3o m\u00e1xima de 6,2\u00a0 L\/min<\/li>\n<li>Tens\u00e3o 220 V<\/li>\n<li>Mangueira de 6 metros<\/li>\n<li>Tanque de detergente integrado<\/li>\n<\/ul>\n","protected":false},"excerpt":{"rendered":"<p>A Lavadora Tekna Smart Wash TK4 possui motor de 2500 W de pot\u00eancia e conta com uma vaz\u00e3o m\u00e1xima de 6,2 L por minuto. Compacta e ergon\u00f4mica, pesa 10,2 Kg, o que torna f\u00e1cil de transportar e guardar.<\/p>\n<ul>\n<li>Motor de escovas<\/li>\n<li>F\u00e1cil manuseio<\/li>\n<li>Bico regul\u00e1vel leque<\/li>\n<li>F\u00e1cil de transportar<\/li>\n<li>Compacta<\/li>\n<li>Pistola ergon\u00f4mica<\/li>\n<\/ul>\n","protected":false},"featured_media":11916,"comment_status":"open","ping_status":"closed","template":"","meta":[],"pwb-brand":[],"product_cat":[83,130],"product_tag":[],"class_list":{"0":"post-11921","1":"product","2":"type-product","3":"status-publish","4":"has-post-thumbnail","6":"product_cat-limpeza","7":"product_cat-lavadora-de-alta-pressao","9":"first","10":"instock","11":"shipping-taxable","12":"product-type-simple"},"brands":[],"_links":{"self":[{"href":"https:\/\/teknapower.com.br\/index.php?rest_route=\/wp\/v2\/product\/11921","targetHints":{"allow":["GET"]}}],"collection":[{"href":"https:\/\/teknapower.com.br\/index.php?rest_route=\/wp\/v2\/product"}],"about":[{"href":"https:\/\/teknapower.com.br\/index.php?rest_route=\/wp\/v2\/types\/product"}],"replies":[{"embeddable":true,"href":"https:\/\/teknapower.com.br\/index.php?rest_route=%2Fwp%2Fv2%2Fcomments&post=11921"}],"wp:featuredmedia":[{"embeddable":true,"href":"https:\/\/teknapower.com.br\/index.php?rest_route=\/wp\/v2\/media\/11916"}],"wp:attachment":[{"href":"https:\/\/teknapower.com.br\/index.php?rest_route=%2Fwp%2Fv2%2Fmedia&parent=11921"}],"wp:term":[{"taxonomy":"pwb-brand","embeddable":true,"href":"https:\/\/teknapower.com.br\/index.php?rest_route=%2Fwp%2Fv2%2Fpwb-brand&post=11921"},{"taxonomy":"product_cat","embeddable":true,"href":"https:\/\/teknapower.com.br\/index.php?rest_route=%2Fwp%2Fv2%2Fproduct_cat&post=11921"},{"taxonomy":"product_tag","embeddable":true,"href":"https:\/\/teknapower.com.br\/index.php?rest_route=%2Fwp%2Fv2%2Fproduct_tag&post=11921"}],"curies":[{"name":"wp","href":"https:\/\/api.w.org\/{rel}","templated":true}]}}