{"id":1163,"date":"2021-03-10T15:36:54","date_gmt":"2021-03-10T18:36:54","guid":{"rendered":"http:\/\/45.82.73.87\/tekna\/?post_type=product&#038;p=1163"},"modified":"2021-11-17T10:01:50","modified_gmt":"2021-11-17T13:01:50","slug":"aspirador-de-po-e-agua-apl2602yi","status":"publish","type":"product","link":"https:\/\/teknapower.com.br\/?product=aspirador-de-po-e-agua-apl2602yi","title":{"rendered":"Aspirador de P\u00f3 e \u00c1gua Tekna \u2013 APL2602YI"},"content":{"rendered":"<p>O Aspirador de P\u00f3 e \u00c1gua Tekna Work 60 \u00e9 ideal para limpeza de carpetes, tapetes, pisos, m\u00f3veis, cortinas, estofados em residencias ou empresas. Al\u00e9m da sua alta performance em suc\u00e7\u00e3o, conta com rod\u00edzios revestidos que protegem o piso, e tamb\u00e9m um vers\u00e1til kit de acess\u00f3rios que inclui tubos extensores, bocal, filtro de ar HEPA e mangueira capazes de tornar o trabalho pesado do dia a dia em uma atividade pr\u00e1tica e eficiente.<\/p>\n<p>\u2022 Pot\u00eancia M\u00e1xima 2400 W<br \/>\n\u2022 Tens\u00e3o 220 V<br \/>\n\u2022 Capacidade de 60 L<br \/>\n\u2022 Grau de Prote\u00e7\u00e3o: IP24<\/p>\n","protected":false},"excerpt":{"rendered":"<p>O Aspirador de P\u00f3 e \u00c1gua Tekna Work 60 disp\u00f5e de um reservat\u00f3rio de 60 litros de capacidade e alcan\u00e7a at\u00e9 2400 W de pot\u00eancia. \u00c9 um equipamento completo que aspira s\u00f3lidos e l\u00edquidos, com alta performance de suc\u00e7\u00e3o.<\/p>\n<p>\u2022 Aspira P\u00f3 e \u00c1gua<br \/>\n\u2022 Cabo de For\u00e7a de 5 metros<br \/>\n\u2022 Com rod\u00edzios de f\u00e1cil opera\u00e7\u00e3o e movimenta\u00e7\u00e3o<\/p>\n","protected":false},"featured_media":1164,"comment_status":"open","ping_status":"closed","template":"","meta":[],"pwb-brand":[],"product_cat":[83,131],"product_tag":[75,76,214,215,175,216],"class_list":{"0":"post-1163","1":"product","2":"type-product","3":"status-publish","4":"has-post-thumbnail","6":"product_cat-limpeza","7":"product_cat-aspirador-de-po","8":"product_tag-aspirador","9":"product_tag-aspirador-de-po-e-agua","10":"product_tag-aspirador-de-po-e-agua-com-rodas","11":"product_tag-aspirador-de-po-e-agua-potente","12":"product_tag-equipamentos-de-limpeza","13":"product_tag-limpeza-residencial","15":"first","16":"instock","17":"shipping-taxable","18":"product-type-simple"},"brands":[],"_links":{"self":[{"href":"https:\/\/teknapower.com.br\/index.php?rest_route=\/wp\/v2\/product\/1163","targetHints":{"allow":["GET"]}}],"collection":[{"href":"https:\/\/teknapower.com.br\/index.php?rest_route=\/wp\/v2\/product"}],"about":[{"href":"https:\/\/teknapower.com.br\/index.php?rest_route=\/wp\/v2\/types\/product"}],"replies":[{"embeddable":true,"href":"https:\/\/teknapower.com.br\/index.php?rest_route=%2Fwp%2Fv2%2Fcomments&post=1163"}],"wp:featuredmedia":[{"embeddable":true,"href":"https:\/\/teknapower.com.br\/index.php?rest_route=\/wp\/v2\/media\/1164"}],"wp:attachment":[{"href":"https:\/\/teknapower.com.br\/index.php?rest_route=%2Fwp%2Fv2%2Fmedia&parent=1163"}],"wp:term":[{"taxonomy":"pwb-brand","embeddable":true,"href":"https:\/\/teknapower.com.br\/index.php?rest_route=%2Fwp%2Fv2%2Fpwb-brand&post=1163"},{"taxonomy":"product_cat","embeddable":true,"href":"https:\/\/teknapower.com.br\/index.php?rest_route=%2Fwp%2Fv2%2Fproduct_cat&post=1163"},{"taxonomy":"product_tag","embeddable":true,"href":"https:\/\/teknapower.com.br\/index.php?rest_route=%2Fwp%2Fv2%2Fproduct_tag&post=1163"}],"curies":[{"name":"wp","href":"https:\/\/api.w.org\/{rel}","templated":true}]}}