{"id":1143,"date":"2021-03-10T14:48:56","date_gmt":"2021-03-10T17:48:56","guid":{"rendered":"http:\/\/45.82.73.87\/tekna\/?post_type=product&#038;p=1143"},"modified":"2021-06-09T17:47:39","modified_gmt":"2021-06-09T20:47:39","slug":"espanta-passaros-a-gas-ep2erot","status":"publish","type":"product","link":"https:\/\/teknapower.com.br\/?product=espanta-passaros-a-gas-ep2erot","title":{"rendered":"Espanta P\u00e1ssaros a G\u00e1s Tekna \u2013 EP2EROT"},"content":{"rendered":"<p>Com seu potente estampido de 120 Db, o Espanta P\u00e1ssaro Tekna \u00e9 capaz de afugentar p\u00e1ssaros e pequenos roedores em uma \u00e1rea de at\u00e9 3 hectares, mantendo a sua produ\u00e7\u00e3o protegida de invasores. A sua base permite a rota\u00e7\u00e3o do equipamento, sendo poss\u00edvel direcionar o estampido de forma f\u00e1cil e pr\u00e1tica.<\/p>\n<p>\u2022 Com Base Rotativa<br \/>\n\u2022 Ajust\u00e1vel entre 3 e 30 min<br \/>\n\u2022 Pot\u00eancia Sonora de 120 db (A)<br \/>\n\u2022 Alimentado a G\u00e1s Propano\/Butano Botij\u00e3o P13 13 kg<\/p>\n","protected":false},"excerpt":{"rendered":"<p>O Espanta P\u00e1ssaro Rotativo a G\u00e1s Tekna \u00e9 port\u00e1til e de f\u00e1cil utiliza\u00e7\u00e3o. Fabricado com pe\u00e7as dur\u00e1veis e resistentes, garante seguran\u00e7a ao usu\u00e1rio.<\/p>\n<p>\u2022 Port\u00e1til<br \/>\n\u2022 Com Pedestal Rotativo<\/p>\n","protected":false},"featured_media":1144,"comment_status":"open","ping_status":"closed","template":"","meta":[],"pwb-brand":[],"product_cat":[35],"product_tag":[79,243,80,244,246,245],"class_list":{"0":"post-1143","1":"product","2":"type-product","3":"status-publish","4":"has-post-thumbnail","6":"product_cat-agricola","7":"product_tag-espanta-passaros","8":"product_tag-espanta-passaros-a-gas","9":"product_tag-espanta-passaros-e-roedores","10":"product_tag-espanta-passaros-portatil","11":"product_tag-producao-agricola-protegida","12":"product_tag-proteger-a-producao","14":"first","15":"instock","16":"shipping-taxable","17":"product-type-simple"},"brands":[],"_links":{"self":[{"href":"https:\/\/teknapower.com.br\/index.php?rest_route=\/wp\/v2\/product\/1143","targetHints":{"allow":["GET"]}}],"collection":[{"href":"https:\/\/teknapower.com.br\/index.php?rest_route=\/wp\/v2\/product"}],"about":[{"href":"https:\/\/teknapower.com.br\/index.php?rest_route=\/wp\/v2\/types\/product"}],"replies":[{"embeddable":true,"href":"https:\/\/teknapower.com.br\/index.php?rest_route=%2Fwp%2Fv2%2Fcomments&post=1143"}],"wp:featuredmedia":[{"embeddable":true,"href":"https:\/\/teknapower.com.br\/index.php?rest_route=\/wp\/v2\/media\/1144"}],"wp:attachment":[{"href":"https:\/\/teknapower.com.br\/index.php?rest_route=%2Fwp%2Fv2%2Fmedia&parent=1143"}],"wp:term":[{"taxonomy":"pwb-brand","embeddable":true,"href":"https:\/\/teknapower.com.br\/index.php?rest_route=%2Fwp%2Fv2%2Fpwb-brand&post=1143"},{"taxonomy":"product_cat","embeddable":true,"href":"https:\/\/teknapower.com.br\/index.php?rest_route=%2Fwp%2Fv2%2Fproduct_cat&post=1143"},{"taxonomy":"product_tag","embeddable":true,"href":"https:\/\/teknapower.com.br\/index.php?rest_route=%2Fwp%2Fv2%2Fproduct_tag&post=1143"}],"curies":[{"name":"wp","href":"https:\/\/api.w.org\/{rel}","templated":true}]}}