{"id":1128,"date":"2021-03-09T17:09:29","date_gmt":"2021-03-09T20:09:29","guid":{"rendered":"http:\/\/45.82.73.87\/tekna\/?post_type=product&#038;p=1128"},"modified":"2021-06-09T17:40:57","modified_gmt":"2021-06-09T20:40:57","slug":"aparador-de-grama-eletrico-tt10002","status":"publish","type":"product","link":"https:\/\/teknapower.com.br\/?product=aparador-de-grama-eletrico-tt10002","title":{"rendered":"Aparador de Grama El\u00e9trico Tekna \u2013 TT10002"},"content":{"rendered":"<p>O Aparador de Grama El\u00e9trico Tekna com di\u00e2metro de corte de 28 cm \u00e9 indicado para uso residencial em acabamentos de jardins, borda de canteiros, entre plantas e flores, cal\u00e7adas, muros e demais obst\u00e1culos. Com fio duplo e empunhadura frontal, proporciona conforto e rendimento ao trabalho.<\/p>\n<p>\u2022 Pot\u00eancia M\u00e1xima 900 W<br \/>\n\u2022 Tens\u00e3o 220 V<br \/>\n\u2022 Di\u00e2metro de corte \u00d8 280 mm<br \/>\n\u2022 Motor Universal com Escovas<\/p>\n","protected":false},"excerpt":{"rendered":"<p>O Aparador de Grama El\u00e9trico Tekna equipado com motor universal com escovas, possui 28 cm de di\u00e2metro de corte, 900 W de pot\u00eancia e est\u00e1 dispon\u00edvel na voltagem de 220V.<\/p>\n<p>\u2022 Empunhadura Frontal<br \/>\n\u2022 Saia de Prote\u00e7\u00e3o<br \/>\n\u2022 Cabe\u00e7ote de Nylon Bate-Libera<\/p>\n","protected":false},"featured_media":1129,"comment_status":"open","ping_status":"closed","template":"","meta":[],"pwb-brand":[],"product_cat":[40,58],"product_tag":[77,78,239,242,170,241],"class_list":{"0":"post-1128","1":"product","2":"type-product","3":"status-publish","4":"has-post-thumbnail","6":"product_cat-jardim","7":"product_cat-aparador-de-grama","8":"product_tag-aparador","9":"product_tag-aparador-de-grama","10":"product_tag-aparador-de-grama-eletrico","11":"product_tag-aparador-de-grama-eletrico-220v","12":"product_tag-cuidados-com-o-jardim","13":"product_tag-manutencao-do-jardim-residencial","15":"first","16":"instock","17":"shipping-taxable","18":"product-type-simple"},"brands":[],"_links":{"self":[{"href":"https:\/\/teknapower.com.br\/index.php?rest_route=\/wp\/v2\/product\/1128","targetHints":{"allow":["GET"]}}],"collection":[{"href":"https:\/\/teknapower.com.br\/index.php?rest_route=\/wp\/v2\/product"}],"about":[{"href":"https:\/\/teknapower.com.br\/index.php?rest_route=\/wp\/v2\/types\/product"}],"replies":[{"embeddable":true,"href":"https:\/\/teknapower.com.br\/index.php?rest_route=%2Fwp%2Fv2%2Fcomments&post=1128"}],"wp:featuredmedia":[{"embeddable":true,"href":"https:\/\/teknapower.com.br\/index.php?rest_route=\/wp\/v2\/media\/1129"}],"wp:attachment":[{"href":"https:\/\/teknapower.com.br\/index.php?rest_route=%2Fwp%2Fv2%2Fmedia&parent=1128"}],"wp:term":[{"taxonomy":"pwb-brand","embeddable":true,"href":"https:\/\/teknapower.com.br\/index.php?rest_route=%2Fwp%2Fv2%2Fpwb-brand&post=1128"},{"taxonomy":"product_cat","embeddable":true,"href":"https:\/\/teknapower.com.br\/index.php?rest_route=%2Fwp%2Fv2%2Fproduct_cat&post=1128"},{"taxonomy":"product_tag","embeddable":true,"href":"https:\/\/teknapower.com.br\/index.php?rest_route=%2Fwp%2Fv2%2Fproduct_tag&post=1128"}],"curies":[{"name":"wp","href":"https:\/\/api.w.org\/{rel}","templated":true}]}}