{"id":1061,"date":"2021-03-09T11:13:55","date_gmt":"2021-03-09T14:13:55","guid":{"rendered":"http:\/\/45.82.73.87\/tekna\/?post_type=product&#038;p=1061"},"modified":"2021-06-09T17:58:41","modified_gmt":"2021-06-09T20:58:41","slug":"aspirador-de-po-e-agua-apl1101c","status":"publish","type":"product","link":"https:\/\/teknapower.com.br\/?product=aspirador-de-po-e-agua-apl1101c","title":{"rendered":"Aspirador de P\u00f3 e \u00c1gua Tekna \u2013 APL1101C"},"content":{"rendered":"<p>O Aspirador de P\u00f3 e \u00c1gua Tekna Compact 10 foi desenvolvido para aspirar pequenos objetos s\u00f3lidos, poeira e l\u00edquidos. Com rod\u00edzios e al\u00e7a de transporte, \u00e9 f\u00e1cil moviment\u00e1-lo durante a utiliza\u00e7\u00e3o. \u00c9 compacto, leve e potente, uma \u00f3tima op\u00e7\u00e3o para limpezas cotidianas.<\/p>\n<p>\u2022 Pot\u00eancia M\u00e1xima 1000 W<br \/>\n\u2022 Tens\u00e3o 127 V<br \/>\n\u2022 Capacidade de 9,5 L<br \/>\n\u2022 Grau de Prote\u00e7\u00e3o: IP24<\/p>\n","protected":false},"excerpt":{"rendered":"<p>O Aspirador de p\u00f3 e L\u00edquido Tekna Compact 10 \u00e9 f\u00e1cil e pr\u00e1tico de usar. Com potente e robusto motor de 1000 W, seu reservat\u00f3rio tem capacidade de 9,5 litros.<\/p>\n<p>\u2022 Aspira P\u00f3 e \u00c1gua<br \/>\n\u2022 Al\u00e7a de Transporte<br \/>\n\u2022 Com rod\u00edzios de f\u00e1cil opera\u00e7\u00e3o e movimenta\u00e7\u00e3o<\/p>\n","protected":false},"featured_media":1062,"comment_status":"open","ping_status":"closed","template":"","meta":[],"pwb-brand":[],"product_cat":[83,131],"product_tag":[75,251,76,214,175,216],"class_list":{"0":"post-1061","1":"product","2":"type-product","3":"status-publish","4":"has-post-thumbnail","6":"product_cat-limpeza","7":"product_cat-aspirador-de-po","8":"product_tag-aspirador","9":"product_tag-aspirador-de-po-compacto","10":"product_tag-aspirador-de-po-e-agua","11":"product_tag-aspirador-de-po-e-agua-com-rodas","12":"product_tag-equipamentos-de-limpeza","13":"product_tag-limpeza-residencial","15":"first","16":"instock","17":"shipping-taxable","18":"product-type-simple"},"brands":[],"_links":{"self":[{"href":"https:\/\/teknapower.com.br\/index.php?rest_route=\/wp\/v2\/product\/1061","targetHints":{"allow":["GET"]}}],"collection":[{"href":"https:\/\/teknapower.com.br\/index.php?rest_route=\/wp\/v2\/product"}],"about":[{"href":"https:\/\/teknapower.com.br\/index.php?rest_route=\/wp\/v2\/types\/product"}],"replies":[{"embeddable":true,"href":"https:\/\/teknapower.com.br\/index.php?rest_route=%2Fwp%2Fv2%2Fcomments&post=1061"}],"wp:featuredmedia":[{"embeddable":true,"href":"https:\/\/teknapower.com.br\/index.php?rest_route=\/wp\/v2\/media\/1062"}],"wp:attachment":[{"href":"https:\/\/teknapower.com.br\/index.php?rest_route=%2Fwp%2Fv2%2Fmedia&parent=1061"}],"wp:term":[{"taxonomy":"pwb-brand","embeddable":true,"href":"https:\/\/teknapower.com.br\/index.php?rest_route=%2Fwp%2Fv2%2Fpwb-brand&post=1061"},{"taxonomy":"product_cat","embeddable":true,"href":"https:\/\/teknapower.com.br\/index.php?rest_route=%2Fwp%2Fv2%2Fproduct_cat&post=1061"},{"taxonomy":"product_tag","embeddable":true,"href":"https:\/\/teknapower.com.br\/index.php?rest_route=%2Fwp%2Fv2%2Fproduct_tag&post=1061"}],"curies":[{"name":"wp","href":"https:\/\/api.w.org\/{rel}","templated":true}]}}