{"id":1035,"date":"2021-03-05T10:30:14","date_gmt":"2021-03-05T13:30:14","guid":{"rendered":"http:\/\/45.82.73.87\/tekna\/?post_type=product&#038;p=1035"},"modified":"2021-06-09T17:55:07","modified_gmt":"2021-06-09T20:55:07","slug":"aparador-de-grama-a-bateria-ag24b","status":"publish","type":"product","link":"https:\/\/teknapower.com.br\/?product=aparador-de-grama-a-bateria-ag24b","title":{"rendered":"Aparador de Grama a Bateria Tekna \u2013 AG24B"},"content":{"rendered":"<p>Pr\u00e1tico e de f\u00e1cil manuseio, este Aparador Tekna \u00e9 ideal para aparar o gramado e a vegeta\u00e7\u00e3o rasteira, garantindo a manuten\u00e7\u00e3o do seu jardim. Al\u00e9m do tubo telesc\u00f3pico, o di\u00e2metro de corte tamb\u00e9m ajusta-se \u00e0 sua necessidade, de 280 cm ou 330 cm, a roda auxilia onde precisar aparar cantos, acessando locais onde o cortador de grama n\u00e3o chega. Com o Gatilho de Parada de Seguran\u00e7a o equipamento torna-se seguro e de f\u00e1cil uso.<\/p>\n<p>\u2022 Com 01 bateria de \u00cdons de L\u00edtio de 24V MAX e 2,0 Ah e 01 Carregador Bivolt;<br \/>\n\u2022 Di\u00e2metro do Fio de Corte de 1,6 mm;<br \/>\n\u2022 Di\u00e2metro de Corte Ajust\u00e1vel de 280 cm e 330 cm;<br \/>\n\u2022 Tubo Telesc\u00f3pico.<\/p>\n","protected":false},"excerpt":{"rendered":"<p>O Aparador de Grama a Bateria Tekna proporciona uma opera\u00e7\u00e3o confort\u00e1vel, pois possui tubo telesc\u00f3pico capaz de aumentar em at\u00e9 40 cm, adaptando-se \u00e0 estatura do usu\u00e1rio. Seu di\u00e2metro de corte \u00e9 ajust\u00e1vel, possui rodas que facilitam a movimenta\u00e7\u00e3o durante o corte e protetor met\u00e1lico com qualidade e garantia Tekna.<\/p>\n<p>\u2022 Roda para aparar cantos<br \/>\n\u2022 Tubo Telesc\u00f3pico;<br \/>\n\u2022 Di\u00e2metro de Corte Ajust\u00e1vel de 280 cm e 330 cm;<br \/>\n\u2022 Gatilho de Parada de Seguran\u00e7a.<\/p>\n","protected":false},"featured_media":1047,"comment_status":"open","ping_status":"closed","template":"","meta":[],"pwb-brand":[],"product_cat":[40,58],"product_tag":[77,78,247,248,250,249],"class_list":{"0":"post-1035","1":"product","2":"type-product","3":"status-publish","4":"has-post-thumbnail","6":"product_cat-jardim","7":"product_cat-aparador-de-grama","8":"product_tag-aparador","9":"product_tag-aparador-de-grama","10":"product_tag-aparador-de-grama-a-bateria","11":"product_tag-aparador-de-grama-sem-fio","12":"product_tag-como-aparar-grama","13":"product_tag-como-cuidar-do-jardim","15":"first","16":"instock","17":"shipping-taxable","18":"product-type-simple"},"brands":[],"_links":{"self":[{"href":"https:\/\/teknapower.com.br\/index.php?rest_route=\/wp\/v2\/product\/1035","targetHints":{"allow":["GET"]}}],"collection":[{"href":"https:\/\/teknapower.com.br\/index.php?rest_route=\/wp\/v2\/product"}],"about":[{"href":"https:\/\/teknapower.com.br\/index.php?rest_route=\/wp\/v2\/types\/product"}],"replies":[{"embeddable":true,"href":"https:\/\/teknapower.com.br\/index.php?rest_route=%2Fwp%2Fv2%2Fcomments&post=1035"}],"wp:featuredmedia":[{"embeddable":true,"href":"https:\/\/teknapower.com.br\/index.php?rest_route=\/wp\/v2\/media\/1047"}],"wp:attachment":[{"href":"https:\/\/teknapower.com.br\/index.php?rest_route=%2Fwp%2Fv2%2Fmedia&parent=1035"}],"wp:term":[{"taxonomy":"pwb-brand","embeddable":true,"href":"https:\/\/teknapower.com.br\/index.php?rest_route=%2Fwp%2Fv2%2Fpwb-brand&post=1035"},{"taxonomy":"product_cat","embeddable":true,"href":"https:\/\/teknapower.com.br\/index.php?rest_route=%2Fwp%2Fv2%2Fproduct_cat&post=1035"},{"taxonomy":"product_tag","embeddable":true,"href":"https:\/\/teknapower.com.br\/index.php?rest_route=%2Fwp%2Fv2%2Fproduct_tag&post=1035"}],"curies":[{"name":"wp","href":"https:\/\/api.w.org\/{rel}","templated":true}]}}