{"id":1014,"date":"2021-02-09T17:20:51","date_gmt":"2021-02-09T20:20:51","guid":{"rendered":"http:\/\/45.82.73.87\/tekna\/?post_type=product&#038;p=1014"},"modified":"2021-08-17T17:05:02","modified_gmt":"2021-08-17T20:05:02","slug":"bateria","status":"publish","type":"product","link":"https:\/\/teknapower.com.br\/?product=bateria","title":{"rendered":"Bateria de \u00cdons de L\u00edtio \u2013 B24-2000"},"content":{"rendered":"","protected":false},"excerpt":{"rendered":"<p>Bateria de \u00cdons de L\u00edtio 24V MAX, com indicador de carga. Compacta, potente e de alta qualidade, garante longa vida \u00fatil ao equipamento. \u00c9 compat\u00edvel com todos os produtos da linha 24V MAX Tekna.<\/p>\n<p>Compat\u00edvel com Aparador de Grama a Bateria \u2013 AG24B \/ Combo Jardim \u2013 AGSP24B-2FC \/ Aparador de Cerca Viva a Bateria \u2013 CC24B.<\/p>\n","protected":false},"featured_media":3843,"comment_status":"open","ping_status":"closed","template":"","meta":[],"pwb-brand":[],"product_cat":[303,55],"product_tag":[],"class_list":{"0":"post-1014","1":"product","2":"type-product","3":"status-publish","4":"has-post-thumbnail","6":"product_cat-bateria","7":"product_cat-acessorios","9":"first","10":"instock","11":"shipping-taxable","12":"product-type-simple"},"brands":[],"_links":{"self":[{"href":"https:\/\/teknapower.com.br\/index.php?rest_route=\/wp\/v2\/product\/1014","targetHints":{"allow":["GET"]}}],"collection":[{"href":"https:\/\/teknapower.com.br\/index.php?rest_route=\/wp\/v2\/product"}],"about":[{"href":"https:\/\/teknapower.com.br\/index.php?rest_route=\/wp\/v2\/types\/product"}],"replies":[{"embeddable":true,"href":"https:\/\/teknapower.com.br\/index.php?rest_route=%2Fwp%2Fv2%2Fcomments&post=1014"}],"wp:featuredmedia":[{"embeddable":true,"href":"https:\/\/teknapower.com.br\/index.php?rest_route=\/wp\/v2\/media\/3843"}],"wp:attachment":[{"href":"https:\/\/teknapower.com.br\/index.php?rest_route=%2Fwp%2Fv2%2Fmedia&parent=1014"}],"wp:term":[{"taxonomy":"pwb-brand","embeddable":true,"href":"https:\/\/teknapower.com.br\/index.php?rest_route=%2Fwp%2Fv2%2Fpwb-brand&post=1014"},{"taxonomy":"product_cat","embeddable":true,"href":"https:\/\/teknapower.com.br\/index.php?rest_route=%2Fwp%2Fv2%2Fproduct_cat&post=1014"},{"taxonomy":"product_tag","embeddable":true,"href":"https:\/\/teknapower.com.br\/index.php?rest_route=%2Fwp%2Fv2%2Fproduct_tag&post=1014"}],"curies":[{"name":"wp","href":"https:\/\/api.w.org\/{rel}","templated":true}]}}