{"id":10130,"date":"2025-06-04T17:13:01","date_gmt":"2025-06-04T20:13:01","guid":{"rendered":"https:\/\/teknapower.com.br\/?post_type=product&#038;p=10130"},"modified":"2026-03-31T08:37:23","modified_gmt":"2026-03-31T11:37:23","slug":"gerador-a-gasolina-tekna-gt10000fbe","status":"publish","type":"product","link":"https:\/\/teknapower.com.br\/?product=gerador-a-gasolina-tekna-gt10000fbe","title":{"rendered":"Gerador a Gasolina Tekna &#8211; GT10000FBE"},"content":{"rendered":"<p>Projetado para uso frequente, o Gerador \u00e0 gasolina GT10000FBE \u00e9 ideal para atividades com ferramentas, ilumina\u00e7\u00e3o e eletrodom\u00e9sticos de grande porte em casas, acampamentos ou escrit\u00f3rios. O AVR, regulador autom\u00e1tico de voltagem, permite a conex\u00e3o de equipamentos sens\u00edveis como computadores e notebooks. Equipado com al\u00e7as e rodas, facilita o transporte e armazenamento, garantindo maior seguran\u00e7a no manuseio.<\/p>\n<p>\u2022 Motor 4 tempos<br \/>\n\u2022 460 cc<br \/>\n\u2022 Pot\u00eancia m\u00e1xima 9kVA<br \/>\n\u2022 Tanque de combust\u00edvel de 25L<br \/>\n\u2022 Capacidade de \u00f3leo de 1,1L<br \/>\n\u2022 Tens\u00e3o de sa\u00edda 115V | 230V<br \/>\n\u2022 Al\u00e7as e rodas integradas<\/p>\n","protected":false},"excerpt":{"rendered":"<p>O Gerador Tekna GT10000FBE possui alta performance, seguran\u00e7a e mobilidade para a sua rotina. Equipado com motor 4 tempos de 18HP e 460cc, este modelo entrega at\u00e9 9 kVA de pot\u00eancia m\u00e1xima e 8 kVA cont\u00ednuos, com excelente autonomia e baixo consumo.<\/p>\n<p>\u2022 Bivolt com seletor de tens\u00e3o<br \/>\n\u2022 Com Hor\u00edmetro, AVR e Volt\u00edmetro<br \/>\n\u2022 Alerta de N\u00edvel de \u00d3leo<br \/>\n\u2022 Bateria Inclusa<br \/>\n\u2022 Carregador de Bateria<br \/>\n\u2022 Partida El\u00e9trica<\/p>\n","protected":false},"featured_media":10131,"comment_status":"open","ping_status":"closed","template":"","meta":[],"pwb-brand":[],"product_cat":[39],"product_tag":[],"class_list":{"0":"post-10130","1":"product","2":"type-product","3":"status-publish","4":"has-post-thumbnail","6":"product_cat-geradores","8":"first","9":"instock","10":"shipping-taxable","11":"product-type-simple"},"brands":[],"_links":{"self":[{"href":"https:\/\/teknapower.com.br\/index.php?rest_route=\/wp\/v2\/product\/10130","targetHints":{"allow":["GET"]}}],"collection":[{"href":"https:\/\/teknapower.com.br\/index.php?rest_route=\/wp\/v2\/product"}],"about":[{"href":"https:\/\/teknapower.com.br\/index.php?rest_route=\/wp\/v2\/types\/product"}],"replies":[{"embeddable":true,"href":"https:\/\/teknapower.com.br\/index.php?rest_route=%2Fwp%2Fv2%2Fcomments&post=10130"}],"wp:featuredmedia":[{"embeddable":true,"href":"https:\/\/teknapower.com.br\/index.php?rest_route=\/wp\/v2\/media\/10131"}],"wp:attachment":[{"href":"https:\/\/teknapower.com.br\/index.php?rest_route=%2Fwp%2Fv2%2Fmedia&parent=10130"}],"wp:term":[{"taxonomy":"pwb-brand","embeddable":true,"href":"https:\/\/teknapower.com.br\/index.php?rest_route=%2Fwp%2Fv2%2Fpwb-brand&post=10130"},{"taxonomy":"product_cat","embeddable":true,"href":"https:\/\/teknapower.com.br\/index.php?rest_route=%2Fwp%2Fv2%2Fproduct_cat&post=10130"},{"taxonomy":"product_tag","embeddable":true,"href":"https:\/\/teknapower.com.br\/index.php?rest_route=%2Fwp%2Fv2%2Fproduct_tag&post=10130"}],"curies":[{"name":"wp","href":"https:\/\/api.w.org\/{rel}","templated":true}]}}