{"id":683,"date":"2020-12-11T19:53:19","date_gmt":"2020-12-11T22:53:19","guid":{"rendered":"http:\/\/45.82.73.87\/tekna\/?page_id=683"},"modified":"2021-06-07T16:17:28","modified_gmt":"2021-06-07T19:17:28","slug":"termos-e-privacidade","status":"publish","type":"page","link":"https:\/\/teknapower.com.br\/?page_id=683","title":{"rendered":"Termos e Privacidade"},"content":{"rendered":"\t\t<div data-elementor-type=\"wp-page\" data-elementor-id=\"683\" class=\"elementor elementor-683\" data-elementor-settings=\"[]\">\n\t\t\t\t\t\t<div class=\"elementor-inner\">\n\t\t\t\t\t\t\t<div class=\"elementor-section-wrap\">\n\t\t\t\t\t\t\t<section class=\"elementor-section elementor-top-section elementor-element elementor-element-7ad779d elementor-section-boxed elementor-section-height-default elementor-section-height-default\" data-id=\"7ad779d\" data-element_type=\"section\" data-settings=\"{&quot;_ha_eqh_enable&quot;:false}\">\n\t\t\t\t\t\t<div class=\"elementor-container elementor-column-gap-default\">\n\t\t\t\t\t\t\t<div class=\"elementor-row\">\n\t\t\t\t\t<div class=\"elementor-column elementor-col-100 elementor-top-column elementor-element elementor-element-b50274e\" data-id=\"b50274e\" data-element_type=\"column\">\n\t\t\t<div class=\"elementor-column-wrap elementor-element-populated\">\n\t\t\t\t\t\t\t<div class=\"elementor-widget-wrap\">\n\t\t\t\t\t\t<div class=\"elementor-element elementor-element-9ab4226 elementor-widget elementor-widget-heading\" data-id=\"9ab4226\" data-element_type=\"widget\" data-widget_type=\"heading.default\">\n\t\t\t\t<div class=\"elementor-widget-container\">\n\t\t\t<h2 class=\"elementor-heading-title elementor-size-default\">Termos e Privacidade<\/h2>\t\t<\/div>\n\t\t\t\t<\/div>\n\t\t\t\t\t\t<\/div>\n\t\t\t\t\t<\/div>\n\t\t<\/div>\n\t\t\t\t\t\t\t\t<\/div>\n\t\t\t\t\t<\/div>\n\t\t<\/section>\n\t\t\t\t<section class=\"elementor-section elementor-top-section elementor-element elementor-element-57b5abb elementor-section-boxed elementor-section-height-default elementor-section-height-default\" data-id=\"57b5abb\" data-element_type=\"section\" data-settings=\"{&quot;_ha_eqh_enable&quot;:false}\">\n\t\t\t\t\t\t<div class=\"elementor-container elementor-column-gap-default\">\n\t\t\t\t\t\t\t<div class=\"elementor-row\">\n\t\t\t\t\t<div class=\"elementor-column elementor-col-100 elementor-top-column elementor-element elementor-element-d8dde4e\" data-id=\"d8dde4e\" data-element_type=\"column\">\n\t\t\t<div class=\"elementor-column-wrap elementor-element-populated\">\n\t\t\t\t\t\t\t<div class=\"elementor-widget-wrap\">\n\t\t\t\t\t\t<div class=\"elementor-element elementor-element-718e27f elementor-widget elementor-widget-text-editor\" data-id=\"718e27f\" data-element_type=\"widget\" data-widget_type=\"text-editor.default\">\n\t\t\t\t<div class=\"elementor-widget-container\">\n\t\t\t\t\t<div class=\"elementor-text-editor elementor-clearfix\"><p><span style=\"font-weight: bolder;\">SE\u00c7\u00c3O 1 \u2013 O QUE FAREMOS COM ESTA INFORMA\u00c7\u00c3O?<\/span><\/p><p>Quando voc\u00ea preenche algum formul\u00e1rio em nosso site, coletamos as informa\u00e7\u00f5es pessoais que voc\u00ea nos d\u00e1 tais como: nome, e-mail e endere\u00e7o.<\/p><p>Quando voc\u00ea acessa nosso site, tamb\u00e9m recebemos automaticamente o protocolo de internet do seu computador, endere\u00e7o de IP, a fim de obter informa\u00e7\u00f5es que nos ajudam a aprender sobre seu navegador e sistema operacional.<\/p><p>E-mail Marketing ser\u00e1 realizado apenas caso voc\u00ea permita. Nestes e-mails voc\u00ea poder\u00e1 receber not\u00edcia sobre nossos produtos e outras novidades.<\/p><p><span style=\"font-weight: bolder;\">SE\u00c7\u00c3O 2 \u2013 CONSENTIMENTO<\/span><\/p><p>Como voc\u00eas obt\u00eam meu consentimento?<\/p><p>Quando voc\u00ea fornece informa\u00e7\u00f5es pessoais como nome, telefone e endere\u00e7o, ao assinar nossa newsletter ou preencher um formul\u00e1rio de contato. Ap\u00f3s a realiza\u00e7\u00e3o de a\u00e7\u00f5es entendemos que voc\u00ea est\u00e1 de acordo com a coleta de dados para serem utilizados pela nossa empresa.<\/p><p>Se pedimos por suas informa\u00e7\u00f5es pessoais por uma raz\u00e3o secund\u00e1ria, como marketing, vamos lhe pedir diretamente por seu consentimento, ou lhe fornecer a oportunidade de dizer n\u00e3o.<\/p><p>E caso voc\u00ea queira retirar seu consentimento, como proceder?<\/p><p>Se ap\u00f3s voc\u00ea nos fornecer seus dados, voc\u00ea mudar de ideia, voc\u00ea pode retirar o seu consentimento para que possamos entrar em contato, para a cole\u00e7\u00e3o de dados cont\u00ednua, uso ou divulga\u00e7\u00e3o de suas informa\u00e7\u00f5es, a qualquer momento, entrando em contato conosco em mkt@nordtech.com.br<\/p><p><span style=\"font-weight: bolder;\">SE\u00c7\u00c3O 3 \u2013 DIVULGA\u00c7\u00c3O<\/span><\/p><p>Podemos divulgar suas informa\u00e7\u00f5es pessoais caso sejamos obrigados pela lei para faz\u00ea-lo ou se voc\u00ea violar nossos Termos e Privacidade.<\/p><p><span style=\"font-weight: bolder;\">SE\u00c7\u00c3O 4 \u2013 SERVI\u00c7OS DE TERCEIROS<\/span><\/p><p>No geral, os fornecedores terceirizados usados por n\u00f3s ir\u00e3o apenas coletar, usar e divulgar suas informa\u00e7\u00f5es na medida do necess\u00e1rio para permitir que eles realizem os servi\u00e7os que eles nos fornecem.<\/p><p>Em particular, lembre-se que certos fornecedores podem ser localizados em ou possuir instala\u00e7\u00f5es que s\u00e3o localizadas em jurisdi\u00e7\u00f5es diferentes que voc\u00ea ou n\u00f3s. Assim, se voc\u00ea quer continuar com uma transa\u00e7\u00e3o que envolve os servi\u00e7os de um fornecedor de servi\u00e7o terceirizado, ent\u00e3o suas informa\u00e7\u00f5es podem tornar-se sujeitas \u00e0s leis da(s) jurisdi\u00e7\u00e3o(\u00f5es) nas quais o fornecedor de servi\u00e7o ou suas instala\u00e7\u00f5es est\u00e3o localizados.<\/p><p>Uma vez que voc\u00ea deixe o nosso site ou seja redirecionado para um aplicativo ou site de terceiros, voc\u00ea n\u00e3o ser\u00e1 mais regido por essa Pol\u00edtica de Privacidade ou pelos Termos de Servi\u00e7o do nosso site.<\/p><p><span style=\"font-weight: bolder;\">SE\u00c7\u00c3O 5 \u2013 SEGURAN\u00c7A<\/span><\/p><p>Para proteger suas informa\u00e7\u00f5es pessoais, tomamos precau\u00e7\u00f5es e seguimos as melhores pr\u00e1ticas da ind\u00fastria para nos certificar que elas n\u00e3o ser\u00e3o perdidas inadequadamente, usurpadas, acessadas, divulgadas, alteradas ou destru\u00eddas.<\/p><p>Se voc\u00ea nos fornecer as suas informa\u00e7\u00f5es de cart\u00e3o de cr\u00e9dito, essa informa\u00e7\u00e3o \u00e9 criptografada usando tecnologia \u201csecure socket layer\u201d (SSL) e armazenada com uma criptografia AES-256. Embora nenhum m\u00e9todo de transmiss\u00e3o pela Internet ou armazenamento eletr\u00f4nico \u00e9 100% seguro, n\u00f3s seguimos todos os requisitos da PCI-DSS e implementamos padr\u00f5es adicionais geralmente aceitos pela ind\u00fastria.<\/p><p><span style=\"font-weight: bolder;\">SE\u00c7\u00c3O 6 \u2013 ALTERA\u00c7\u00d5ES PARA ESSA POL\u00cdTICA DE PRIVACIDADE<\/span><\/p><p>Reservamos o direito de modificar essa pol\u00edtica de privacidade a qualquer momento, ent\u00e3o por favor, revise-a com frequ\u00eancia. Altera\u00e7\u00f5es e esclarecimentos v\u00e3o surtir efeito imediatamente ap\u00f3s sua publica\u00e7\u00e3o no site. Se fizermos altera\u00e7\u00f5es de materiais para essa pol\u00edtica, iremos notific\u00e1-lo aqui que eles foram atualizados, para que voc\u00ea tenha ci\u00eancia sobre quais informa\u00e7\u00f5es coletamos, como as usamos, e sob que circunst\u00e2ncias, se alguma, usamos e\/ou divulgamos elas.<\/p><\/div>\n\t\t\t\t<\/div>\n\t\t\t\t<\/div>\n\t\t\t\t\t\t<\/div>\n\t\t\t\t\t<\/div>\n\t\t<\/div>\n\t\t\t\t\t\t\t\t<\/div>\n\t\t\t\t\t<\/div>\n\t\t<\/section>\n\t\t\t\t\t\t<\/div>\n\t\t\t\t\t\t<\/div>\n\t\t\t\t\t<\/div>\n\t\t","protected":false},"excerpt":{"rendered":"<p>Termos e Privacidade SE\u00c7\u00c3O 1 \u2013 O QUE FAREMOS COM ESTA INFORMA\u00c7\u00c3O? Quando voc\u00ea preenche algum formul\u00e1rio em nosso site, coletamos as informa\u00e7\u00f5es pessoais que voc\u00ea nos d\u00e1 tais como: nome, e-mail e endere\u00e7o. Quando voc\u00ea acessa nosso site, tamb\u00e9m recebemos automaticamente o protocolo de internet do seu computador, endere\u00e7o de IP, a fim de [&hellip;]<\/p>\n","protected":false},"author":1,"featured_media":0,"parent":0,"menu_order":0,"comment_status":"closed","ping_status":"closed","template":"elementor_header_footer","meta":{"footnotes":""},"class_list":["post-683","page","type-page","status-publish","hentry"],"_links":{"self":[{"href":"https:\/\/teknapower.com.br\/index.php?rest_route=\/wp\/v2\/pages\/683","targetHints":{"allow":["GET"]}}],"collection":[{"href":"https:\/\/teknapower.com.br\/index.php?rest_route=\/wp\/v2\/pages"}],"about":[{"href":"https:\/\/teknapower.com.br\/index.php?rest_route=\/wp\/v2\/types\/page"}],"author":[{"embeddable":true,"href":"https:\/\/teknapower.com.br\/index.php?rest_route=\/wp\/v2\/users\/1"}],"replies":[{"embeddable":true,"href":"https:\/\/teknapower.com.br\/index.php?rest_route=%2Fwp%2Fv2%2Fcomments&post=683"}],"version-history":[{"count":10,"href":"https:\/\/teknapower.com.br\/index.php?rest_route=\/wp\/v2\/pages\/683\/revisions"}],"predecessor-version":[{"id":3281,"href":"https:\/\/teknapower.com.br\/index.php?rest_route=\/wp\/v2\/pages\/683\/revisions\/3281"}],"wp:attachment":[{"href":"https:\/\/teknapower.com.br\/index.php?rest_route=%2Fwp%2Fv2%2Fmedia&parent=683"}],"curies":[{"name":"wp","href":"https:\/\/api.w.org\/{rel}","templated":true}]}}