{"id":489,"date":"2020-10-30T15:03:25","date_gmt":"2020-10-30T18:03:25","guid":{"rendered":"http:\/\/45.82.73.87\/tekna\/?page_id=489"},"modified":"2026-02-04T16:33:13","modified_gmt":"2026-02-04T19:33:13","slug":"registre-seu-produto","status":"publish","type":"page","link":"https:\/\/teknapower.com.br\/?page_id=489","title":{"rendered":"Registre seu Produto"},"content":{"rendered":"\t\t<div data-elementor-type=\"wp-page\" data-elementor-id=\"489\" class=\"elementor elementor-489\" data-elementor-settings=\"[]\">\n\t\t\t\t\t\t<div class=\"elementor-inner\">\n\t\t\t\t\t\t\t<div class=\"elementor-section-wrap\">\n\t\t\t\t\t\t\t<section class=\"elementor-section elementor-top-section elementor-element elementor-element-cb42aed elementor-section-full_width elementor-section-height-default elementor-section-height-default\" data-id=\"cb42aed\" data-element_type=\"section\" data-settings=\"{&quot;_ha_eqh_enable&quot;:false}\">\n\t\t\t\t\t\t<div class=\"elementor-container elementor-column-gap-default\">\n\t\t\t\t\t\t\t<div class=\"elementor-row\">\n\t\t\t\t\t<div class=\"elementor-column elementor-col-100 elementor-top-column elementor-element elementor-element-3a5c964\" data-id=\"3a5c964\" data-element_type=\"column\">\n\t\t\t<div class=\"elementor-column-wrap elementor-element-populated\">\n\t\t\t\t\t\t\t<div class=\"elementor-widget-wrap\">\n\t\t\t\t\t\t<div class=\"elementor-element elementor-element-c4209f5 elementor-hidden-desktop elementor-hidden-tablet elementor-widget elementor-widget-text-editor\" data-id=\"c4209f5\" data-element_type=\"widget\" data-widget_type=\"text-editor.default\">\n\t\t\t\t<div class=\"elementor-widget-container\">\n\t\t\t\t\t<div class=\"elementor-text-editor elementor-clearfix\"><!-- Layout 7 : Swiper Simple -->\n<div class=\"swiper sbtw-wrapper layout-swiper-slider swiper-container\" data-swiper-config='{&quot;allowSlideNext&quot;:true,&quot;allowSlidePrev&quot;:true,&quot;allowTouchMove&quot;:true,&quot;direction&quot;:&quot;horizontal&quot;,&quot;effect&quot;:&quot;slide&quot;}' data-swiper-id=\"5829\">\n    <div class=\"swiper-wrapper\">\n                    <div class=\"swiper-slide sbtw-relative sbtw-single-item sbtw-overflow-hidden\">\n                        <img decoding=\"async\" src=\"https:\/\/teknapower.com.br\/wp-content\/uploads\/2023\/07\/BANNER_REGISTRE-SEU-PRODUTO_MOBILE.jpg\" class=\"sbtw-media-item \" loading=\"lazy\" alt=\"\" \/>\n        \n        \n            <\/a>\n<\/div>\n            <\/div>\n\n    \n    \n    <!-- If we need scrollbar -->\n    <!-- <div class=\"swiper-scrollbar\"><\/div> -->\n<\/div>\n<\/div>\n\t\t\t\t<\/div>\n\t\t\t\t<\/div>\n\t\t\t\t<div class=\"elementor-element elementor-element-6528e3d elementor-hidden-phone elementor-widget elementor-widget-text-editor\" data-id=\"6528e3d\" data-element_type=\"widget\" data-widget_type=\"text-editor.default\">\n\t\t\t\t<div class=\"elementor-widget-container\">\n\t\t\t\t\t<div class=\"elementor-text-editor elementor-clearfix\"><!-- Layout 7 : Swiper Simple -->\n<div class=\"swiper sbtw-wrapper layout-swiper-slider swiper-container\" data-swiper-config='{&quot;allowSlideNext&quot;:true,&quot;allowSlidePrev&quot;:true,&quot;allowTouchMove&quot;:true,&quot;direction&quot;:&quot;horizontal&quot;,&quot;effect&quot;:&quot;slide&quot;}' data-swiper-id=\"5753\">\n    <div class=\"swiper-wrapper\">\n                    <div class=\"swiper-slide sbtw-relative sbtw-single-item sbtw-overflow-hidden\">\n                        <img decoding=\"async\" src=\"https:\/\/teknapower.com.br\/wp-content\/uploads\/2023\/07\/BANNER_REGISTRE-SEU-PRODUTO_WEB.png\" class=\"sbtw-media-item \" loading=\"lazy\" alt=\"\" \/>\n        \n        \n            <\/a>\n<\/div>\n            <\/div>\n\n    \n    \n    <!-- If we need scrollbar -->\n    <!-- <div class=\"swiper-scrollbar\"><\/div> -->\n<\/div>\n<\/div>\n\t\t\t\t<\/div>\n\t\t\t\t<\/div>\n\t\t\t\t\t\t<\/div>\n\t\t\t\t\t<\/div>\n\t\t<\/div>\n\t\t\t\t\t\t\t\t<\/div>\n\t\t\t\t\t<\/div>\n\t\t<\/section>\n\t\t\t\t<section class=\"elementor-section elementor-top-section elementor-element elementor-element-e9bdad6 elementor-section-full_width elementor-section-height-default elementor-section-height-default\" data-id=\"e9bdad6\" data-element_type=\"section\" data-settings=\"{&quot;_ha_eqh_enable&quot;:false}\">\n\t\t\t\t\t\t<div class=\"elementor-container elementor-column-gap-default\">\n\t\t\t\t\t\t\t<div class=\"elementor-row\">\n\t\t\t\t\t<div class=\"elementor-column elementor-col-100 elementor-top-column elementor-element elementor-element-c0024fa\" data-id=\"c0024fa\" data-element_type=\"column\">\n\t\t\t<div class=\"elementor-column-wrap elementor-element-populated\">\n\t\t\t\t\t\t\t<div class=\"elementor-widget-wrap\">\n\t\t\t\t\t\t<div class=\"elementor-element elementor-element-0e375b8 elementor-widget elementor-widget-heading\" data-id=\"0e375b8\" data-element_type=\"widget\" data-widget_type=\"heading.default\">\n\t\t\t\t<div class=\"elementor-widget-container\">\n\t\t\t<h1 class=\"elementor-heading-title elementor-size-default\">Informa\u00e7\u00f5es Necess\u00e1rias<\/h1>\t\t<\/div>\n\t\t\t\t<\/div>\n\t\t\t\t<section class=\"elementor-section elementor-inner-section elementor-element elementor-element-27fab7f elementor-section-boxed elementor-section-height-default elementor-section-height-default\" data-id=\"27fab7f\" data-element_type=\"section\" data-settings=\"{&quot;_ha_eqh_enable&quot;:false}\">\n\t\t\t\t\t\t<div class=\"elementor-container elementor-column-gap-default\">\n\t\t\t\t\t\t\t<div class=\"elementor-row\">\n\t\t\t\t\t<div class=\"elementor-column elementor-col-100 elementor-inner-column elementor-element elementor-element-09844bf\" data-id=\"09844bf\" data-element_type=\"column\">\n\t\t\t<div class=\"elementor-column-wrap elementor-element-populated\">\n\t\t\t\t\t\t\t<div class=\"elementor-widget-wrap\">\n\t\t\t\t\t\t<div class=\"elementor-element elementor-element-16132a7 elementor-button-align-center elementor-widget elementor-widget-form\" data-id=\"16132a7\" data-element_type=\"widget\" data-settings=\"{&quot;step_next_label&quot;:&quot;Pr\\u00f3ximo&quot;,&quot;step_previous_label&quot;:&quot;Anterior&quot;,&quot;button_width&quot;:&quot;100&quot;,&quot;step_type&quot;:&quot;number_text&quot;,&quot;step_icon_shape&quot;:&quot;circle&quot;}\" data-widget_type=\"form.default\">\n\t\t\t\t<div class=\"elementor-widget-container\">\n\t\t\t\t\t<form class=\"elementor-form\" method=\"post\" name=\"Registre Seu Produto - Site\">\n\t\t\t<input type=\"hidden\" name=\"post_id\" value=\"489\"\/>\n\t\t\t<input type=\"hidden\" name=\"form_id\" value=\"16132a7\"\/>\n\n\t\t\t\n\t\t\t<div class=\"elementor-form-fields-wrapper elementor-labels-\">\n\t\t\t\t\t\t\t\t<div class=\"elementor-field-type-text elementor-field-group elementor-column elementor-field-group-name elementor-col-50 elementor-field-required\">\n\t\t\t\t\t<label for=\"form-field-name\" class=\"elementor-field-label elementor-screen-only\">Nome<\/label><input size=\"1\" type=\"text\" name=\"form_fields[name]\" id=\"form-field-name\" class=\"elementor-field elementor-size-lg  elementor-field-textual\" placeholder=\"Nome\" required=\"required\" aria-required=\"true\">\t\t\t\t<\/div>\n\t\t\t\t\t\t\t\t<div class=\"elementor-field-type-text elementor-field-group elementor-column elementor-field-group-field_5ad2104 elementor-col-50 elementor-field-required\">\n\t\t\t\t\t<label for=\"form-field-field_5ad2104\" class=\"elementor-field-label elementor-screen-only\">Telefone<\/label><input size=\"1\" type=\"text\" name=\"form_fields[field_5ad2104]\" id=\"form-field-field_5ad2104\" class=\"elementor-field elementor-size-lg  elementor-field-textual\" placeholder=\"Telefone\" required=\"required\" aria-required=\"true\">\t\t\t\t<\/div>\n\t\t\t\t\t\t\t\t<div class=\"elementor-field-type-email elementor-field-group elementor-column elementor-field-group-email elementor-col-100 elementor-field-required\">\n\t\t\t\t\t<label for=\"form-field-email\" class=\"elementor-field-label elementor-screen-only\">E-mail<\/label><input size=\"1\" type=\"email\" name=\"form_fields[email]\" id=\"form-field-email\" class=\"elementor-field elementor-size-lg  elementor-field-textual\" placeholder=\"E-mail\" required=\"required\" aria-required=\"true\">\t\t\t\t<\/div>\n\t\t\t\t\t\t\t\t<div class=\"elementor-field-type-text elementor-field-group elementor-column elementor-field-group-field_f274777 elementor-col-80 elementor-field-required\">\n\t\t\t\t\t<label for=\"form-field-field_f274777\" class=\"elementor-field-label elementor-screen-only\">Endere\u00e7o<\/label><input size=\"1\" type=\"text\" name=\"form_fields[field_f274777]\" id=\"form-field-field_f274777\" class=\"elementor-field elementor-size-lg  elementor-field-textual\" placeholder=\"Endere\u00e7o\" required=\"required\" aria-required=\"true\">\t\t\t\t<\/div>\n\t\t\t\t\t\t\t\t<div class=\"elementor-field-type-number elementor-field-group elementor-column elementor-field-group-field_dcff9d0 elementor-col-20 elementor-field-required\">\n\t\t\t\t\t<label for=\"form-field-field_dcff9d0\" class=\"elementor-field-label elementor-screen-only\">N\u00famero<\/label><input type=\"number\" name=\"form_fields[field_dcff9d0]\" id=\"form-field-field_dcff9d0\" class=\"elementor-field elementor-size-lg  elementor-field-textual\" placeholder=\"N\u00famero\" required=\"required\" aria-required=\"true\" min=\"\" max=\"\">\t\t\t\t<\/div>\n\t\t\t\t\t\t\t\t<div class=\"elementor-field-type-number elementor-field-group elementor-column elementor-field-group-field_b53f0b7 elementor-col-33 elementor-field-required\">\n\t\t\t\t\t<label for=\"form-field-field_b53f0b7\" class=\"elementor-field-label elementor-screen-only\">CEP<\/label><input type=\"number\" name=\"form_fields[field_b53f0b7]\" id=\"form-field-field_b53f0b7\" class=\"elementor-field elementor-size-lg  elementor-field-textual\" placeholder=\"CEP\" required=\"required\" aria-required=\"true\" min=\"\" max=\"\">\t\t\t\t<\/div>\n\t\t\t\t\t\t\t\t<div class=\"elementor-field-type-text elementor-field-group elementor-column elementor-field-group-field_95a241c elementor-col-33 elementor-field-required\">\n\t\t\t\t\t<label for=\"form-field-field_95a241c\" class=\"elementor-field-label elementor-screen-only\">Estado<\/label><input size=\"1\" type=\"text\" name=\"form_fields[field_95a241c]\" id=\"form-field-field_95a241c\" class=\"elementor-field elementor-size-lg  elementor-field-textual\" placeholder=\"Estado\" required=\"required\" aria-required=\"true\">\t\t\t\t<\/div>\n\t\t\t\t\t\t\t\t<div class=\"elementor-field-type-text elementor-field-group elementor-column elementor-field-group-field_76869fa elementor-col-33 elementor-field-required\">\n\t\t\t\t\t<label for=\"form-field-field_76869fa\" class=\"elementor-field-label elementor-screen-only\">Cidade<\/label><input size=\"1\" type=\"text\" name=\"form_fields[field_76869fa]\" id=\"form-field-field_76869fa\" class=\"elementor-field elementor-size-lg  elementor-field-textual\" placeholder=\"Cidade\" required=\"required\" aria-required=\"true\">\t\t\t\t<\/div>\n\t\t\t\t\t\t\t\t<div class=\"elementor-field-type-text elementor-field-group elementor-column elementor-field-group-field_2f5fb0c elementor-col-33 elementor-field-required\">\n\t\t\t\t\t<label for=\"form-field-field_2f5fb0c\" class=\"elementor-field-label elementor-screen-only\">N\u00famero de S\u00e9rie do Produto<\/label><input size=\"1\" type=\"text\" name=\"form_fields[field_2f5fb0c]\" id=\"form-field-field_2f5fb0c\" class=\"elementor-field elementor-size-lg  elementor-field-textual\" placeholder=\"N\u00famero de S\u00e9rie do Produto\" required=\"required\" aria-required=\"true\">\t\t\t\t<\/div>\n\t\t\t\t\t\t\t\t<div class=\"elementor-field-type-text elementor-field-group elementor-column elementor-field-group-field_f0e529d elementor-col-33 elementor-field-required\">\n\t\t\t\t\t<label for=\"form-field-field_f0e529d\" class=\"elementor-field-label elementor-screen-only\">Local de Compra do Produto<\/label><input size=\"1\" type=\"text\" name=\"form_fields[field_f0e529d]\" id=\"form-field-field_f0e529d\" class=\"elementor-field elementor-size-lg  elementor-field-textual\" placeholder=\"Local de Compra do Produto\" required=\"required\" aria-required=\"true\">\t\t\t\t<\/div>\n\t\t\t\t\t\t\t\t<div class=\"elementor-field-type-date elementor-field-group elementor-column elementor-field-group-field_5ed1ce5 elementor-col-33 elementor-field-required\">\n\t\t\t\t\t<label for=\"form-field-field_5ed1ce5\" class=\"elementor-field-label elementor-screen-only\">Data da Compra do Produto<\/label><input type=\"date\" name=\"form_fields[field_5ed1ce5]\" id=\"form-field-field_5ed1ce5\" class=\"elementor-field elementor-size-lg  elementor-field-textual elementor-date-field\" placeholder=\"Data da Compra do Produto\" required=\"required\" aria-required=\"true\" pattern=\"[0-9]{4}-[0-9]{2}-[0-9]{2}\">\t\t\t\t<\/div>\n\t\t\t\t\t\t\t\t<div class=\"elementor-field-type-textarea elementor-field-group elementor-column elementor-field-group-email2 elementor-col-100 elementor-field-required\">\n\t\t\t\t\t<label for=\"form-field-email2\" class=\"elementor-field-label elementor-screen-only\">E-mail<\/label><textarea class=\"elementor-field-textual elementor-field  elementor-size-lg\" name=\"form_fields[email2]\" id=\"form-field-email2\" rows=\"4\" placeholder=\"Qual a finalidade de uso do produto?\" required=\"required\" aria-required=\"true\"><\/textarea>\t\t\t\t<\/div>\n\t\t\t\t\t\t\t\t<div class=\"elementor-field-type-select elementor-field-group elementor-column elementor-field-group-field_a2f3340 elementor-col-33 elementor-field-required\">\n\t\t\t\t\t<label for=\"form-field-field_a2f3340\" class=\"elementor-field-label elementor-screen-only\">Categoria do Produto<\/label>\t\t<div class=\"elementor-field elementor-select-wrapper \">\n\t\t\t<select name=\"form_fields[field_a2f3340]\" id=\"form-field-field_a2f3340\" class=\"elementor-field-textual elementor-size-lg\" required=\"required\" aria-required=\"true\">\n\t\t\t\t<option value=\"Categoria do Produto\">Categoria do Produto<\/option><option value=\"AGR\u00cdCOLA\">AGR\u00cdCOLA<\/option><option value=\"COMPRESSORES DE AR\">COMPRESSORES DE AR<\/option><option value=\"GERADORES\">GERADORES<\/option><option value=\"FLORESTA E JARDIM\">FLORESTA E JARDIM<\/option><option value=\"LIMPEZA\">LIMPEZA<\/option><option value=\"M\u00c1QUINAS DE SOLDA\">M\u00c1QUINAS DE SOLDA<\/option><option value=\"MOTOBOMBAS\">MOTOBOMBAS<\/option><option value=\"MOTORES\">MOTORES<\/option><option value=\"RABETAS\">RABETAS<\/option><option value=\"PE\u00c7AS E ACESS\u00d3RIOS\">PE\u00c7AS E ACESS\u00d3RIOS<\/option>\t\t\t<\/select>\n\t\t<\/div>\n\t\t\t\t\t\t<\/div>\n\t\t\t\t\t\t\t\t<div class=\"elementor-field-group elementor-column elementor-field-type-submit elementor-col-100 e-form__buttons\">\n\t\t\t\t\t<button type=\"submit\" class=\"elementor-button elementor-size-lg\">\n\t\t\t\t\t\t<span >\n\t\t\t\t\t\t\t\t\t\t\t\t\t\t\t<span class=\" elementor-button-icon\">\n\t\t\t\t\t\t\t\t\t\t\t\t\t\t\t\t\t\t\t\t\t\t\t\t\t\t<\/span>\n\t\t\t\t\t\t\t\t\t\t\t\t\t\t\t\t\t\t\t\t\t\t<span class=\"elementor-button-text\">Registrar<\/span>\n\t\t\t\t\t\t\t\t\t\t\t\t\t<\/span>\n\t\t\t\t\t<\/button>\n\t\t\t\t<\/div>\n\t\t\t<\/div>\n\t\t<\/form>\n\t\t\t\t<\/div>\n\t\t\t\t<\/div>\n\t\t\t\t\t\t<\/div>\n\t\t\t\t\t<\/div>\n\t\t<\/div>\n\t\t\t\t\t\t\t\t<\/div>\n\t\t\t\t\t<\/div>\n\t\t<\/section>\n\t\t\t\t\t\t<\/div>\n\t\t\t\t\t<\/div>\n\t\t<\/div>\n\t\t\t\t\t\t\t\t<\/div>\n\t\t\t\t\t<\/div>\n\t\t<\/section>\n\t\t\t\t\t\t<\/div>\n\t\t\t\t\t\t<\/div>\n\t\t\t\t\t<\/div>\n\t\t","protected":false},"excerpt":{"rendered":"<p>Informa\u00e7\u00f5es Necess\u00e1rias<\/p>\n","protected":false},"author":1,"featured_media":0,"parent":0,"menu_order":0,"comment_status":"closed","ping_status":"closed","template":"elementor_header_footer","meta":{"footnotes":""},"class_list":["post-489","page","type-page","status-publish","hentry"],"_links":{"self":[{"href":"https:\/\/teknapower.com.br\/index.php?rest_route=\/wp\/v2\/pages\/489","targetHints":{"allow":["GET"]}}],"collection":[{"href":"https:\/\/teknapower.com.br\/index.php?rest_route=\/wp\/v2\/pages"}],"about":[{"href":"https:\/\/teknapower.com.br\/index.php?rest_route=\/wp\/v2\/types\/page"}],"author":[{"embeddable":true,"href":"https:\/\/teknapower.com.br\/index.php?rest_route=\/wp\/v2\/users\/1"}],"replies":[{"embeddable":true,"href":"https:\/\/teknapower.com.br\/index.php?rest_route=%2Fwp%2Fv2%2Fcomments&post=489"}],"version-history":[{"count":71,"href":"https:\/\/teknapower.com.br\/index.php?rest_route=\/wp\/v2\/pages\/489\/revisions"}],"predecessor-version":[{"id":12121,"href":"https:\/\/teknapower.com.br\/index.php?rest_route=\/wp\/v2\/pages\/489\/revisions\/12121"}],"wp:attachment":[{"href":"https:\/\/teknapower.com.br\/index.php?rest_route=%2Fwp%2Fv2%2Fmedia&parent=489"}],"curies":[{"name":"wp","href":"https:\/\/api.w.org\/{rel}","templated":true}]}}