{"id":486,"date":"2020-10-30T14:58:28","date_gmt":"2020-10-30T17:58:28","guid":{"rendered":"http:\/\/45.82.73.87\/tekna\/?page_id=486"},"modified":"2026-02-04T15:54:25","modified_gmt":"2026-02-04T18:54:25","slug":"fale-conosco","status":"publish","type":"page","link":"https:\/\/teknapower.com.br\/?page_id=486","title":{"rendered":"Fale Conosco"},"content":{"rendered":"\t\t<div data-elementor-type=\"wp-page\" data-elementor-id=\"486\" class=\"elementor elementor-486\" data-elementor-settings=\"[]\">\n\t\t\t\t\t\t<div class=\"elementor-inner\">\n\t\t\t\t\t\t\t<div class=\"elementor-section-wrap\">\n\t\t\t\t\t\t\t<section class=\"elementor-section elementor-top-section elementor-element elementor-element-e9bdad6 elementor-section-full_width elementor-section-height-default elementor-section-height-default\" data-id=\"e9bdad6\" data-element_type=\"section\" data-settings=\"{&quot;_ha_eqh_enable&quot;:false}\">\n\t\t\t\t\t\t<div class=\"elementor-container elementor-column-gap-default\">\n\t\t\t\t\t\t\t<div class=\"elementor-row\">\n\t\t\t\t\t<div class=\"elementor-column elementor-col-100 elementor-top-column elementor-element elementor-element-c0024fa\" data-id=\"c0024fa\" data-element_type=\"column\">\n\t\t\t<div class=\"elementor-column-wrap elementor-element-populated\">\n\t\t\t\t\t\t\t<div class=\"elementor-widget-wrap\">\n\t\t\t\t\t\t<div class=\"elementor-element elementor-element-0e375b8 elementor-widget elementor-widget-heading\" data-id=\"0e375b8\" data-element_type=\"widget\" data-widget_type=\"heading.default\">\n\t\t\t\t<div class=\"elementor-widget-container\">\n\t\t\t<h1 class=\"elementor-heading-title elementor-size-default\">Fale conosco<\/h1>\t\t<\/div>\n\t\t\t\t<\/div>\n\t\t\t\t<div class=\"elementor-element elementor-element-f36f702 elementor-widget elementor-widget-text-editor\" data-id=\"f36f702\" data-element_type=\"widget\" data-widget_type=\"text-editor.default\">\n\t\t\t\t<div class=\"elementor-widget-container\">\n\t\t\t\t\t<div class=\"elementor-text-editor elementor-clearfix\"><p>Quer saber mais sobre nossos produtos ou tirar alguma d\u00favida? Preencha o formul\u00e1rio<br \/>abaixo e entre em contato conosco, em breve responderemos sua mensagem.<\/p><\/div>\n\t\t\t\t<\/div>\n\t\t\t\t<\/div>\n\t\t\t\t<section class=\"elementor-section elementor-inner-section elementor-element elementor-element-27fab7f elementor-section-boxed elementor-section-height-default elementor-section-height-default\" data-id=\"27fab7f\" data-element_type=\"section\" data-settings=\"{&quot;_ha_eqh_enable&quot;:false}\">\n\t\t\t\t\t\t<div class=\"elementor-container elementor-column-gap-default\">\n\t\t\t\t\t\t\t<div class=\"elementor-row\">\n\t\t\t\t\t<div class=\"elementor-column elementor-col-50 elementor-inner-column elementor-element elementor-element-09844bf\" data-id=\"09844bf\" data-element_type=\"column\">\n\t\t\t<div class=\"elementor-column-wrap elementor-element-populated\">\n\t\t\t\t\t\t\t<div class=\"elementor-widget-wrap\">\n\t\t\t\t\t\t<div class=\"elementor-element elementor-element-16132a7 elementor-button-align-center elementor-widget elementor-widget-form\" data-id=\"16132a7\" data-element_type=\"widget\" data-settings=\"{&quot;step_next_label&quot;:&quot;Pr\\u00f3ximo&quot;,&quot;step_previous_label&quot;:&quot;Anterior&quot;,&quot;button_width&quot;:&quot;100&quot;,&quot;step_type&quot;:&quot;number_text&quot;,&quot;step_icon_shape&quot;:&quot;circle&quot;}\" data-widget_type=\"form.default\">\n\t\t\t\t<div class=\"elementor-widget-container\">\n\t\t\t\t\t<form class=\"elementor-form\" method=\"post\" name=\"Fale Conosco - Site\">\n\t\t\t<input type=\"hidden\" name=\"post_id\" value=\"486\"\/>\n\t\t\t<input type=\"hidden\" name=\"form_id\" value=\"16132a7\"\/>\n\n\t\t\t\n\t\t\t<div class=\"elementor-form-fields-wrapper elementor-labels-\">\n\t\t\t\t\t\t\t\t<div class=\"elementor-field-type-text elementor-field-group elementor-column elementor-field-group-name elementor-col-50\">\n\t\t\t\t\t<label for=\"form-field-name\" class=\"elementor-field-label elementor-screen-only\">Nome<\/label><input size=\"1\" type=\"text\" name=\"form_fields[name]\" id=\"form-field-name\" class=\"elementor-field elementor-size-lg  elementor-field-textual\" placeholder=\"Nome\">\t\t\t\t<\/div>\n\t\t\t\t\t\t\t\t<div class=\"elementor-field-type-email elementor-field-group elementor-column elementor-field-group-email elementor-col-50 elementor-field-required\">\n\t\t\t\t\t<label for=\"form-field-email\" class=\"elementor-field-label elementor-screen-only\">E-mail<\/label><input size=\"1\" type=\"email\" name=\"form_fields[email]\" id=\"form-field-email\" class=\"elementor-field elementor-size-lg  elementor-field-textual\" placeholder=\"E-mail\" required=\"required\" aria-required=\"true\">\t\t\t\t<\/div>\n\t\t\t\t\t\t\t\t<div class=\"elementor-field-type-text elementor-field-group elementor-column elementor-field-group-field_5ad2104 elementor-col-50\">\n\t\t\t\t\t<label for=\"form-field-field_5ad2104\" class=\"elementor-field-label elementor-screen-only\">Telefone<\/label><input size=\"1\" type=\"text\" name=\"form_fields[field_5ad2104]\" id=\"form-field-field_5ad2104\" class=\"elementor-field elementor-size-lg  elementor-field-textual\" placeholder=\"Telefone\">\t\t\t\t<\/div>\n\t\t\t\t\t\t\t\t<div class=\"elementor-field-type-text elementor-field-group elementor-column elementor-field-group-field_a32678f elementor-col-50\">\n\t\t\t\t\t<label for=\"form-field-field_a32678f\" class=\"elementor-field-label elementor-screen-only\">Empresa<\/label><input size=\"1\" type=\"text\" name=\"form_fields[field_a32678f]\" id=\"form-field-field_a32678f\" class=\"elementor-field elementor-size-lg  elementor-field-textual\" placeholder=\"Empresa\">\t\t\t\t<\/div>\n\t\t\t\t\t\t\t\t<div class=\"elementor-field-type-text elementor-field-group elementor-column elementor-field-group-field_e8e9862 elementor-col-50\">\n\t\t\t\t\t<label for=\"form-field-field_e8e9862\" class=\"elementor-field-label elementor-screen-only\">Estado<\/label><input size=\"1\" type=\"text\" name=\"form_fields[field_e8e9862]\" id=\"form-field-field_e8e9862\" class=\"elementor-field elementor-size-lg  elementor-field-textual\" placeholder=\"Estado\">\t\t\t\t<\/div>\n\t\t\t\t\t\t\t\t<div class=\"elementor-field-type-text elementor-field-group elementor-column elementor-field-group-field_b17f49f elementor-col-50\">\n\t\t\t\t\t<label for=\"form-field-field_b17f49f\" class=\"elementor-field-label elementor-screen-only\">Cidade<\/label><input size=\"1\" type=\"text\" name=\"form_fields[field_b17f49f]\" id=\"form-field-field_b17f49f\" class=\"elementor-field elementor-size-lg  elementor-field-textual\" placeholder=\"cidade\">\t\t\t\t<\/div>\n\t\t\t\t\t\t\t\t<div class=\"elementor-field-type-textarea elementor-field-group elementor-column elementor-field-group-message elementor-col-100\">\n\t\t\t\t\t<label for=\"form-field-message\" class=\"elementor-field-label elementor-screen-only\">Mensagem<\/label><textarea class=\"elementor-field-textual elementor-field  elementor-size-lg\" name=\"form_fields[message]\" id=\"form-field-message\" rows=\"4\" placeholder=\"Mensagem\"><\/textarea>\t\t\t\t<\/div>\n\t\t\t\t\t\t\t\t<div class=\"elementor-field-group elementor-column elementor-field-type-submit elementor-col-100 e-form__buttons\">\n\t\t\t\t\t<button type=\"submit\" class=\"elementor-button elementor-size-lg\" id=\"send_contact_form\">\n\t\t\t\t\t\t<span >\n\t\t\t\t\t\t\t\t\t\t\t\t\t\t\t<span class=\" elementor-button-icon\">\n\t\t\t\t\t\t\t\t\t\t\t\t\t\t\t\t\t\t\t\t\t\t\t\t\t\t<\/span>\n\t\t\t\t\t\t\t\t\t\t\t\t\t\t\t\t\t\t\t\t\t\t<span class=\"elementor-button-text\">Enviar<\/span>\n\t\t\t\t\t\t\t\t\t\t\t\t\t<\/span>\n\t\t\t\t\t<\/button>\n\t\t\t\t<\/div>\n\t\t\t<\/div>\n\t\t<\/form>\n\t\t\t\t<\/div>\n\t\t\t\t<\/div>\n\t\t\t\t<div class=\"elementor-element elementor-element-93b37ce elementor-widget elementor-widget-spacer\" data-id=\"93b37ce\" data-element_type=\"widget\" data-widget_type=\"spacer.default\">\n\t\t\t\t<div class=\"elementor-widget-container\">\n\t\t\t\t\t<div class=\"elementor-spacer\">\n\t\t\t<div class=\"elementor-spacer-inner\"><\/div>\n\t\t<\/div>\n\t\t\t\t<\/div>\n\t\t\t\t<\/div>\n\t\t\t\t<div class=\"elementor-element elementor-element-9b86269 elementor-widget elementor-widget-text-editor\" data-id=\"9b86269\" data-element_type=\"widget\" data-widget_type=\"text-editor.default\">\n\t\t\t\t<div class=\"elementor-widget-container\">\n\t\t\t\t\t<div class=\"elementor-text-editor elementor-clearfix\"><p>Se voc\u00ea tiver alguma d\u00favida, observa\u00e7\u00e3o, solicita\u00e7\u00e3o ou reclama\u00e7\u00e3o sobre a coleta ou o uso de (seus) dados pessoais ou sobre esta declara\u00e7\u00e3o de privacidade, entre em contato com o respons\u00e1vel pela prote\u00e7\u00e3o de dados da NORDTECH atrav\u00e9s do e-mail <strong>lgpd@nordtech.com.br<\/strong>. Al\u00e9m disso, voc\u00ea tamb\u00e9m tem o direito de apresentar uma reclama\u00e7\u00e3o junto \u00e0 autoridade supervisora \u200b\u200brelevante.<\/p><\/div>\n\t\t\t\t<\/div>\n\t\t\t\t<\/div>\n\t\t\t\t\t\t<\/div>\n\t\t\t\t\t<\/div>\n\t\t<\/div>\n\t\t\t\t<div class=\"elementor-column elementor-col-50 elementor-inner-column elementor-element elementor-element-aa54a9b\" data-id=\"aa54a9b\" data-element_type=\"column\">\n\t\t\t<div class=\"elementor-column-wrap elementor-element-populated\">\n\t\t\t\t\t\t\t<div class=\"elementor-widget-wrap\">\n\t\t\t\t\t\t<div class=\"elementor-element elementor-element-099b70e elementor-widget elementor-widget-heading\" data-id=\"099b70e\" data-element_type=\"widget\" data-widget_type=\"heading.default\">\n\t\t\t\t<div class=\"elementor-widget-container\">\n\t\t\t<h2 class=\"elementor-heading-title elementor-size-default\">Endere\u00e7o<\/h2>\t\t<\/div>\n\t\t\t\t<\/div>\n\t\t\t\t<div class=\"elementor-element elementor-element-6feadb3 elementor-widget elementor-widget-text-editor\" data-id=\"6feadb3\" data-element_type=\"widget\" data-widget_type=\"text-editor.default\">\n\t\t\t\t<div class=\"elementor-widget-container\">\n\t\t\t\t\t<div class=\"elementor-text-editor elementor-clearfix\"><p><span style=\"color: #2a2a2a; text-align: center;\">Av. Juscelino Kubitschek de Oliveira, 3003, CIC, Curitiba \u2013 PR<\/span><br style=\"color: #2a2a2a; text-align: center;\"><span style=\"color: #2a2a2a; text-align: center;\">CEP: 81270-200<\/span><\/p><\/div>\n\t\t\t\t<\/div>\n\t\t\t\t<\/div>\n\t\t\t\t<div class=\"elementor-element elementor-element-28375cd elementor-widget-divider--view-line elementor-widget elementor-widget-divider\" data-id=\"28375cd\" data-element_type=\"widget\" data-widget_type=\"divider.default\">\n\t\t\t\t<div class=\"elementor-widget-container\">\n\t\t\t\t\t<div class=\"elementor-divider\">\n\t\t\t<span class=\"elementor-divider-separator\">\n\t\t\t\t\t\t<\/span>\n\t\t<\/div>\n\t\t\t\t<\/div>\n\t\t\t\t<\/div>\n\t\t\t\t<div class=\"elementor-element elementor-element-f1f1832 elementor-widget elementor-widget-heading\" data-id=\"f1f1832\" data-element_type=\"widget\" data-widget_type=\"heading.default\">\n\t\t\t\t<div class=\"elementor-widget-container\">\n\t\t\t<h2 class=\"elementor-heading-title elementor-size-default\">Telefone<\/h2>\t\t<\/div>\n\t\t\t\t<\/div>\n\t\t\t\t<div class=\"elementor-element elementor-element-adcc810 elementor-widget elementor-widget-text-editor\" data-id=\"adcc810\" data-element_type=\"widget\" data-widget_type=\"text-editor.default\">\n\t\t\t\t<div class=\"elementor-widget-container\">\n\t\t\t\t\t<div class=\"elementor-text-editor elementor-clearfix\"><p><span style=\"color: #2a2a2a;\">+55 (41) 3595-9600<\/span><\/p><\/div>\n\t\t\t\t<\/div>\n\t\t\t\t<\/div>\n\t\t\t\t<div class=\"elementor-element elementor-element-8dfaaf7 elementor-widget elementor-widget-text-editor\" data-id=\"8dfaaf7\" data-element_type=\"widget\" data-widget_type=\"text-editor.default\">\n\t\t\t\t<div class=\"elementor-widget-container\">\n\t\t\t\t\t<div class=\"elementor-text-editor elementor-clearfix\"><p><span style=\"color: #2a2a2a; font-size: 12px; font-style: italic;\">Em virtude da pandemia do coronav\u00edrus nosso quadro de colaboradores est\u00e1 em home-office, dificultando os atendimentos telef\u00f4nicos. Nos envie uma mensagem, em breve retornaremos.<\/span><\/p><\/div>\n\t\t\t\t<\/div>\n\t\t\t\t<\/div>\n\t\t\t\t\t\t<\/div>\n\t\t\t\t\t<\/div>\n\t\t<\/div>\n\t\t\t\t\t\t\t\t<\/div>\n\t\t\t\t\t<\/div>\n\t\t<\/section>\n\t\t\t\t\t\t<\/div>\n\t\t\t\t\t<\/div>\n\t\t<\/div>\n\t\t\t\t\t\t\t\t<\/div>\n\t\t\t\t\t<\/div>\n\t\t<\/section>\n\t\t\t\t\t\t<\/div>\n\t\t\t\t\t\t<\/div>\n\t\t\t\t\t<\/div>\n\t\t","protected":false},"excerpt":{"rendered":"<p>Fale conosco Quer saber mais sobre nossos produtos ou tirar alguma d\u00favida? Preencha o formul\u00e1rioabaixo e entre em contato conosco, em breve responderemos sua mensagem. Se voc\u00ea tiver alguma d\u00favida, observa\u00e7\u00e3o, solicita\u00e7\u00e3o ou reclama\u00e7\u00e3o sobre a coleta ou o uso de (seus) dados pessoais ou sobre esta declara\u00e7\u00e3o de privacidade, entre em contato com o [&hellip;]<\/p>\n","protected":false},"author":1,"featured_media":0,"parent":0,"menu_order":0,"comment_status":"closed","ping_status":"closed","template":"elementor_header_footer","meta":{"footnotes":""},"class_list":["post-486","page","type-page","status-publish","hentry"],"_links":{"self":[{"href":"https:\/\/teknapower.com.br\/index.php?rest_route=\/wp\/v2\/pages\/486","targetHints":{"allow":["GET"]}}],"collection":[{"href":"https:\/\/teknapower.com.br\/index.php?rest_route=\/wp\/v2\/pages"}],"about":[{"href":"https:\/\/teknapower.com.br\/index.php?rest_route=\/wp\/v2\/types\/page"}],"author":[{"embeddable":true,"href":"https:\/\/teknapower.com.br\/index.php?rest_route=\/wp\/v2\/users\/1"}],"replies":[{"embeddable":true,"href":"https:\/\/teknapower.com.br\/index.php?rest_route=%2Fwp%2Fv2%2Fcomments&post=486"}],"version-history":[{"count":96,"href":"https:\/\/teknapower.com.br\/index.php?rest_route=\/wp\/v2\/pages\/486\/revisions"}],"predecessor-version":[{"id":12112,"href":"https:\/\/teknapower.com.br\/index.php?rest_route=\/wp\/v2\/pages\/486\/revisions\/12112"}],"wp:attachment":[{"href":"https:\/\/teknapower.com.br\/index.php?rest_route=%2Fwp%2Fv2%2Fmedia&parent=486"}],"curies":[{"name":"wp","href":"https:\/\/api.w.org\/{rel}","templated":true}]}}