{"id":431,"date":"2020-10-27T06:13:18","date_gmt":"2020-10-27T09:13:18","guid":{"rendered":"http:\/\/45.82.73.87\/tekna\/?page_id=431"},"modified":"2025-03-11T16:41:37","modified_gmt":"2025-03-11T19:41:37","slug":"sobre-nos","status":"publish","type":"page","link":"https:\/\/teknapower.com.br\/?page_id=431","title":{"rendered":"Sobre n\u00f3s"},"content":{"rendered":"\t\t<div data-elementor-type=\"wp-page\" data-elementor-id=\"431\" class=\"elementor elementor-431\" data-elementor-settings=\"[]\">\n\t\t\t\t\t\t<div class=\"elementor-inner\">\n\t\t\t\t\t\t\t<div class=\"elementor-section-wrap\">\n\t\t\t\t\t\t\t<section class=\"elementor-section elementor-top-section elementor-element elementor-element-b31dd81 elementor-section-full_width elementor-section-height-default elementor-section-height-default\" data-id=\"b31dd81\" data-element_type=\"section\" data-settings=\"{&quot;_ha_eqh_enable&quot;:false}\">\n\t\t\t\t\t\t<div class=\"elementor-container elementor-column-gap-default\">\n\t\t\t\t\t\t\t<div class=\"elementor-row\">\n\t\t\t\t\t<div class=\"elementor-column elementor-col-100 elementor-top-column elementor-element elementor-element-c0cf793\" data-id=\"c0cf793\" data-element_type=\"column\">\n\t\t\t<div class=\"elementor-column-wrap elementor-element-populated\">\n\t\t\t\t\t\t\t<div class=\"elementor-widget-wrap\">\n\t\t\t\t\t\t<div class=\"elementor-element elementor-element-4f69328 elementor-hidden-desktop elementor-hidden-tablet elementor-widget elementor-widget-text-editor\" data-id=\"4f69328\" data-element_type=\"widget\" data-widget_type=\"text-editor.default\">\n\t\t\t\t<div class=\"elementor-widget-container\">\n\t\t\t\t\t<div class=\"elementor-text-editor elementor-clearfix\"><!-- Layout 7 : Swiper Simple -->\n<div class=\"swiper sbtw-wrapper layout-swiper-slider swiper-container\" data-swiper-config='{&quot;allowSlideNext&quot;:true,&quot;allowSlidePrev&quot;:true,&quot;allowTouchMove&quot;:true,&quot;direction&quot;:&quot;horizontal&quot;,&quot;effect&quot;:&quot;slide&quot;}' data-swiper-id=\"5831\">\n    <div class=\"swiper-wrapper\">\n                    <div class=\"swiper-slide sbtw-relative sbtw-single-item sbtw-overflow-hidden\">\n                        <img decoding=\"async\" src=\"https:\/\/teknapower.com.br\/wp-content\/uploads\/2023\/03\/BANNER_SOBRE-NOS_MOBILE_OP2.jpg\" class=\"sbtw-media-item \" loading=\"lazy\" alt=\"\" \/>\n        \n        \n            <\/a>\n<\/div>\n            <\/div>\n\n    \n    \n    <!-- If we need scrollbar -->\n    <!-- <div class=\"swiper-scrollbar\"><\/div> -->\n<\/div>\n<\/div>\n\t\t\t\t<\/div>\n\t\t\t\t<\/div>\n\t\t\t\t<div class=\"elementor-element elementor-element-c96bc5a elementor-hidden-phone elementor-widget elementor-widget-text-editor\" data-id=\"c96bc5a\" data-element_type=\"widget\" data-widget_type=\"text-editor.default\">\n\t\t\t\t<div class=\"elementor-widget-container\">\n\t\t\t\t\t<div class=\"elementor-text-editor elementor-clearfix\"><!-- Layout 7 : Swiper Simple -->\n<div class=\"swiper sbtw-wrapper layout-swiper-slider swiper-container\" data-swiper-config='{&quot;allowSlideNext&quot;:true,&quot;allowSlidePrev&quot;:true,&quot;allowTouchMove&quot;:true,&quot;direction&quot;:&quot;horizontal&quot;,&quot;effect&quot;:&quot;slide&quot;}' data-swiper-id=\"5750\">\n    <div class=\"swiper-wrapper\">\n                    <div class=\"swiper-slide sbtw-relative sbtw-single-item sbtw-overflow-hidden\">\n                        <img decoding=\"async\" src=\"https:\/\/teknapower.com.br\/wp-content\/uploads\/2023\/03\/BANNER_SOBRE-NOS_WEB_OP2.jpg\" class=\"sbtw-media-item \" loading=\"lazy\" alt=\"\" \/>\n        \n        \n            <\/a>\n<\/div>\n            <\/div>\n\n    \n    \n    <!-- If we need scrollbar -->\n    <!-- <div class=\"swiper-scrollbar\"><\/div> -->\n<\/div>\n<\/div>\n\t\t\t\t<\/div>\n\t\t\t\t<\/div>\n\t\t\t\t\t\t<\/div>\n\t\t\t\t\t<\/div>\n\t\t<\/div>\n\t\t\t\t\t\t\t\t<\/div>\n\t\t\t\t\t<\/div>\n\t\t<\/section>\n\t\t\t\t<section class=\"elementor-section elementor-top-section elementor-element elementor-element-0487182 elementor-section-boxed elementor-section-height-default elementor-section-height-default\" data-id=\"0487182\" data-element_type=\"section\" data-settings=\"{&quot;_ha_eqh_enable&quot;:false}\">\n\t\t\t\t\t\t<div class=\"elementor-container elementor-column-gap-default\">\n\t\t\t\t\t\t\t<div class=\"elementor-row\">\n\t\t\t\t\t<div class=\"elementor-column elementor-col-100 elementor-top-column elementor-element elementor-element-4262a18\" data-id=\"4262a18\" data-element_type=\"column\">\n\t\t\t<div class=\"elementor-column-wrap elementor-element-populated\">\n\t\t\t\t\t\t\t<div class=\"elementor-widget-wrap\">\n\t\t\t\t\t\t<div class=\"elementor-element elementor-element-d48fcb3 elementor-widget elementor-widget-spacer\" data-id=\"d48fcb3\" data-element_type=\"widget\" data-widget_type=\"spacer.default\">\n\t\t\t\t<div class=\"elementor-widget-container\">\n\t\t\t\t\t<div class=\"elementor-spacer\">\n\t\t\t<div class=\"elementor-spacer-inner\"><\/div>\n\t\t<\/div>\n\t\t\t\t<\/div>\n\t\t\t\t<\/div>\n\t\t\t\t\t\t<\/div>\n\t\t\t\t\t<\/div>\n\t\t<\/div>\n\t\t\t\t\t\t\t\t<\/div>\n\t\t\t\t\t<\/div>\n\t\t<\/section>\n\t\t\t\t<section class=\"elementor-section elementor-top-section elementor-element elementor-element-ba3df17 elementor-section-full_width elementor-section-height-default elementor-section-height-default\" data-id=\"ba3df17\" data-element_type=\"section\" data-settings=\"{&quot;_ha_eqh_enable&quot;:false}\">\n\t\t\t\t\t\t<div class=\"elementor-container elementor-column-gap-default\">\n\t\t\t\t\t\t\t<div class=\"elementor-row\">\n\t\t\t\t\t<div class=\"elementor-column elementor-col-100 elementor-top-column elementor-element elementor-element-af2b071\" data-id=\"af2b071\" data-element_type=\"column\">\n\t\t\t<div class=\"elementor-column-wrap elementor-element-populated\">\n\t\t\t\t\t\t\t<div class=\"elementor-widget-wrap\">\n\t\t\t\t\t\t<section class=\"elementor-section elementor-inner-section elementor-element elementor-element-5d46e71 elementor-section-boxed elementor-section-height-default elementor-section-height-default\" data-id=\"5d46e71\" data-element_type=\"section\" data-settings=\"{&quot;_ha_eqh_enable&quot;:false}\">\n\t\t\t\t\t\t<div class=\"elementor-container elementor-column-gap-default\">\n\t\t\t\t\t\t\t<div class=\"elementor-row\">\n\t\t\t\t\t<div class=\"elementor-column elementor-col-33 elementor-inner-column elementor-element elementor-element-29e2930\" data-id=\"29e2930\" data-element_type=\"column\">\n\t\t\t<div class=\"elementor-column-wrap elementor-element-populated\">\n\t\t\t\t\t\t\t<div class=\"elementor-widget-wrap\">\n\t\t\t\t\t\t<div class=\"elementor-element elementor-element-c341d93 elementor-widget-divider--view-line elementor-widget elementor-widget-divider\" data-id=\"c341d93\" data-element_type=\"widget\" data-widget_type=\"divider.default\">\n\t\t\t\t<div class=\"elementor-widget-container\">\n\t\t\t\t\t<div class=\"elementor-divider\">\n\t\t\t<span class=\"elementor-divider-separator\">\n\t\t\t\t\t\t<\/span>\n\t\t<\/div>\n\t\t\t\t<\/div>\n\t\t\t\t<\/div>\n\t\t\t\t\t\t<\/div>\n\t\t\t\t\t<\/div>\n\t\t<\/div>\n\t\t\t\t<div class=\"elementor-column elementor-col-33 elementor-inner-column elementor-element elementor-element-365e94a\" data-id=\"365e94a\" data-element_type=\"column\">\n\t\t\t<div class=\"elementor-column-wrap elementor-element-populated\">\n\t\t\t\t\t\t\t<div class=\"elementor-widget-wrap\">\n\t\t\t\t\t\t<div class=\"elementor-element elementor-element-18c22b1 elementor-widget elementor-widget-heading\" data-id=\"18c22b1\" data-element_type=\"widget\" data-widget_type=\"heading.default\">\n\t\t\t\t<div class=\"elementor-widget-container\">\n\t\t\t<h2 class=\"elementor-heading-title elementor-size-default\">A Tekna<\/h2>\t\t<\/div>\n\t\t\t\t<\/div>\n\t\t\t\t\t\t<\/div>\n\t\t\t\t\t<\/div>\n\t\t<\/div>\n\t\t\t\t<div class=\"elementor-column elementor-col-33 elementor-inner-column elementor-element elementor-element-7761674\" data-id=\"7761674\" data-element_type=\"column\">\n\t\t\t<div class=\"elementor-column-wrap elementor-element-populated\">\n\t\t\t\t\t\t\t<div class=\"elementor-widget-wrap\">\n\t\t\t\t\t\t<div class=\"elementor-element elementor-element-8934990 elementor-widget-divider--view-line elementor-widget elementor-widget-divider\" data-id=\"8934990\" data-element_type=\"widget\" data-widget_type=\"divider.default\">\n\t\t\t\t<div class=\"elementor-widget-container\">\n\t\t\t\t\t<div class=\"elementor-divider\">\n\t\t\t<span class=\"elementor-divider-separator\">\n\t\t\t\t\t\t<\/span>\n\t\t<\/div>\n\t\t\t\t<\/div>\n\t\t\t\t<\/div>\n\t\t\t\t\t\t<\/div>\n\t\t\t\t\t<\/div>\n\t\t<\/div>\n\t\t\t\t\t\t\t\t<\/div>\n\t\t\t\t\t<\/div>\n\t\t<\/section>\n\t\t\t\t<section class=\"elementor-section elementor-inner-section elementor-element elementor-element-4192ee5 elementor-section-content-middle elementor-section-boxed elementor-section-height-default elementor-section-height-default\" data-id=\"4192ee5\" data-element_type=\"section\" data-settings=\"{&quot;_ha_eqh_enable&quot;:false}\">\n\t\t\t\t\t\t<div class=\"elementor-container elementor-column-gap-default\">\n\t\t\t\t\t\t\t<div class=\"elementor-row\">\n\t\t\t\t\t<div class=\"elementor-column elementor-col-100 elementor-inner-column elementor-element elementor-element-18a30e1\" data-id=\"18a30e1\" data-element_type=\"column\">\n\t\t\t<div class=\"elementor-column-wrap elementor-element-populated\">\n\t\t\t\t\t\t\t<div class=\"elementor-widget-wrap\">\n\t\t\t\t\t\t<div class=\"elementor-element elementor-element-a72f571 elementor-widget elementor-widget-text-editor\" data-id=\"a72f571\" data-element_type=\"widget\" data-widget_type=\"text-editor.default\">\n\t\t\t\t<div class=\"elementor-widget-container\">\n\t\t\t\t\t<div class=\"elementor-text-editor elementor-clearfix\"><p>Nossa hist\u00f3ria come\u00e7ou em 1997, quando lan\u00e7amos nosso primeiro gerador, com o tempo, ampliamos nosso portf\u00f3lio e nos tornamos <b>refer\u00eancia em motosserras, ro\u00e7adeiras e diversos equipamentos para o jardim<\/b>, sempre priorizando qualidade\u00a0e inova\u00e7\u00e3o.<\/p><p>Para garantir a melhor experi\u00eancia aos nossos clientes, contamos com uma rede qualificada de <b>Assist\u00eancia T\u00e9cnica<\/b>, oferecendo manuten\u00e7\u00e3o \u00e1gil e eficiente. Nosso compromisso \u00e9 entregar <strong>qualidade <\/strong>e o <strong>melhor custo-benef\u00edcio<\/strong>, maximizando seus resultados.<\/p><p>Estamos presentes <span style=\"font-size: inherit;\">em diversas lojas f\u00edsicas e online em todo o Brasil<\/span>, com solu\u00e7\u00f5es completas para sua <b>casa, campo ou jardim.<\/b><\/p><\/div>\n\t\t\t\t<\/div>\n\t\t\t\t<\/div>\n\t\t\t\t\t\t<\/div>\n\t\t\t\t\t<\/div>\n\t\t<\/div>\n\t\t\t\t\t\t\t\t<\/div>\n\t\t\t\t\t<\/div>\n\t\t<\/section>\n\t\t\t\t\t\t<\/div>\n\t\t\t\t\t<\/div>\n\t\t<\/div>\n\t\t\t\t\t\t\t\t<\/div>\n\t\t\t\t\t<\/div>\n\t\t<\/section>\n\t\t\t\t<section class=\"elementor-section elementor-top-section elementor-element elementor-element-7d9c983 elementor-section-boxed elementor-section-height-default elementor-section-height-default\" data-id=\"7d9c983\" data-element_type=\"section\" data-settings=\"{&quot;_ha_eqh_enable&quot;:false}\">\n\t\t\t\t\t\t<div class=\"elementor-container elementor-column-gap-default\">\n\t\t\t\t\t\t\t<div class=\"elementor-row\">\n\t\t\t\t\t<div class=\"elementor-column elementor-col-100 elementor-top-column elementor-element elementor-element-c9c271a\" data-id=\"c9c271a\" data-element_type=\"column\">\n\t\t\t<div class=\"elementor-column-wrap elementor-element-populated\">\n\t\t\t\t\t\t\t<div class=\"elementor-widget-wrap\">\n\t\t\t\t\t\t<div class=\"elementor-element elementor-element-e9419f1 elementor-widget elementor-widget-spacer\" data-id=\"e9419f1\" data-element_type=\"widget\" data-widget_type=\"spacer.default\">\n\t\t\t\t<div class=\"elementor-widget-container\">\n\t\t\t\t\t<div class=\"elementor-spacer\">\n\t\t\t<div class=\"elementor-spacer-inner\"><\/div>\n\t\t<\/div>\n\t\t\t\t<\/div>\n\t\t\t\t<\/div>\n\t\t\t\t\t\t<\/div>\n\t\t\t\t\t<\/div>\n\t\t<\/div>\n\t\t\t\t\t\t\t\t<\/div>\n\t\t\t\t\t<\/div>\n\t\t<\/section>\n\t\t\t\t\t\t<\/div>\n\t\t\t\t\t\t<\/div>\n\t\t\t\t\t<\/div>\n\t\t","protected":false},"excerpt":{"rendered":"<p>A Tekna Nossa hist\u00f3ria come\u00e7ou em 1997, quando lan\u00e7amos nosso primeiro gerador, com o tempo, ampliamos nosso portf\u00f3lio e nos tornamos refer\u00eancia em motosserras, ro\u00e7adeiras e diversos equipamentos para o jardim, sempre priorizando qualidade\u00a0e inova\u00e7\u00e3o. Para garantir a melhor experi\u00eancia aos nossos clientes, contamos com uma rede qualificada de Assist\u00eancia T\u00e9cnica, oferecendo manuten\u00e7\u00e3o \u00e1gil e [&hellip;]<\/p>\n","protected":false},"author":1,"featured_media":0,"parent":0,"menu_order":0,"comment_status":"closed","ping_status":"closed","template":"elementor_header_footer","meta":{"footnotes":""},"class_list":["post-431","page","type-page","status-publish","hentry"],"_links":{"self":[{"href":"https:\/\/teknapower.com.br\/index.php?rest_route=\/wp\/v2\/pages\/431","targetHints":{"allow":["GET"]}}],"collection":[{"href":"https:\/\/teknapower.com.br\/index.php?rest_route=\/wp\/v2\/pages"}],"about":[{"href":"https:\/\/teknapower.com.br\/index.php?rest_route=\/wp\/v2\/types\/page"}],"author":[{"embeddable":true,"href":"https:\/\/teknapower.com.br\/index.php?rest_route=\/wp\/v2\/users\/1"}],"replies":[{"embeddable":true,"href":"https:\/\/teknapower.com.br\/index.php?rest_route=%2Fwp%2Fv2%2Fcomments&post=431"}],"version-history":[{"count":186,"href":"https:\/\/teknapower.com.br\/index.php?rest_route=\/wp\/v2\/pages\/431\/revisions"}],"predecessor-version":[{"id":10064,"href":"https:\/\/teknapower.com.br\/index.php?rest_route=\/wp\/v2\/pages\/431\/revisions\/10064"}],"wp:attachment":[{"href":"https:\/\/teknapower.com.br\/index.php?rest_route=%2Fwp%2Fv2%2Fmedia&parent=431"}],"curies":[{"name":"wp","href":"https:\/\/api.w.org\/{rel}","templated":true}]}}